{"id":1985,"date":"2020-11-09T12:27:14","date_gmt":"2020-11-09T09:27:14","guid":{"rendered":"http:\/\/consys.com.ua\/?post_type=product&#038;p=1985"},"modified":"2026-04-02T17:49:12","modified_gmt":"2026-04-02T14:49:12","slug":"mtz-1021-accelerator-1960","status":"publish","type":"product","link":"https:\/\/consys.com.ua\/en\/shop\/mtz\/mtz-1021-accelerator-1960\/","title":{"rendered":"Accelerator control cable, tractor MTZ-1021 L=1960mm"},"content":{"rendered":"<p><strong>Systems of Control &#8211; CONSYS<\/strong> manufactures reliable <strong>MTZ-1021<\/strong> accelerator control cables. Our company has been designing and manufacturing control cables for over 20 years, and our specialists have been working in this field of activity for about 40 years.<\/p>\n<p>All cables meet quality standards, and therefore we can safely speak about the reliability of products, regardless of different road and weather factors.<\/p>\n<p><strong>Systems of Control &#8211; CONSYS<\/strong> gives a guarantee for the control cables &#8211; 500 thousand cycles.<\/p>\n<p>Order original ConSys products on our website!<\/p>\n<p>To order, you need to know the product index.<\/p>\n<p>&nbsp;<\/p>\n<table border=\"0\">\n<tbody>\n<tr>\n<td style=\"text-align: center;\" colspan=\"4\" align=\"center\"><strong>MTZ-1021<\/strong><\/td>\n<\/tr>\n<tr>\n<td rowspan=\"4\"><img decoding=\"async\" class=\"alignnone size-medium wp-image-1982\" src=\"http:\/\/consys.com.ua\/wp-content\/uploads\/2020\/11\/mtz-1021-300x300.jpg\" alt=\"\" width=\"300\" height=\"300\" srcset=\"https:\/\/consys.com.ua\/wp-content\/uploads\/2020\/11\/mtz-1021.jpg 300w, https:\/\/consys.com.ua\/wp-content\/uploads\/2020\/11\/mtz-1021-150x150.jpg 150w, https:\/\/consys.com.ua\/wp-content\/uploads\/2020\/11\/mtz-1021-100x100.jpg 100w\" sizes=\"(max-width: 300px) 100vw, 300px\" \/><\/td>\n<td style=\"text-align: center;\"><strong>Control cable characteristics<\/strong><\/td>\n<td style=\"text-align: center;\"><strong>Value<\/strong><\/td>\n<\/tr>\n<tr>\n<td style=\"text-align: center;\">Index<\/td>\n<td style=\"text-align: center;\">\u041c\u0422\u0417.\u041c4(85)22.01960-1021<\/td>\n<\/tr>\n<tr>\n<td style=\"text-align: center;\">Length<\/td>\n<td style=\"text-align: center;\">1960 mm<\/td>\n<\/tr>\n<tr>\n<td style=\"text-align: center;\">Travel<\/td>\n<td style=\"text-align: center;\">85 mm<\/td>\n<\/tr>\n<\/tbody>\n<\/table>\n<p><b><!--cforms name=\"\u0424\u043e\u0440\u043c\u0430 \u0434\u043b\u044f \u0437\u0430\u043a\u0430\u0437\u0430\"--><\/b><\/p>","protected":false},"excerpt":{"rendered":"<p>Reliable Accelerator control cables, tractor <strong> MTZ-1021 <\/strong> produced by Systems of Control &#8211; CONSYS.<\/p>\n<p>Delivery throughout Ukraine and abroad.<\/p>\n","protected":false},"featured_media":3072,"template":"","meta":[],"product_brand":[],"product_cat":[51],"product_tag":[],"class_list":{"0":"post-1985","1":"product","2":"type-product","3":"status-publish","4":"has-post-thumbnail","6":"product_cat-mtz","8":"first","9":"instock","10":"shipping-taxable","11":"purchasable","12":"product-type-simple"},"yoast_head":"<!-- This site is optimized with the Yoast SEO plugin v27.3 - https:\/\/yoast.com\/product\/yoast-seo-wordpress\/ -->\n<title>Accelerator control cable, tractor MTZ-1021 L=1960mm &#187; CONSYS<\/title>\n<meta name=\"robots\" content=\"index, follow, max-snippet:-1, max-image-preview:large, max-video-preview:-1\" \/>\n<link rel=\"canonical\" href=\"https:\/\/consys.com.ua\/shop\/mtz\/mtz-1021-accelerator-1960\/\" \/>\n<meta property=\"og:locale\" content=\"en_US\" \/>\n<meta property=\"og:type\" content=\"article\" \/>\n<meta property=\"og:title\" content=\"Accelerator control cable, tractor MTZ-1021 L=1960mm &#187; CONSYS\" \/>\n<meta property=\"og:description\" content=\"[:en]Reliable Accelerator control cables, tractor MTZ-1021 produced by Systems of Control - CONSYS.    Delivery throughout Ukraine and abroad.[:pl]Niezawodne linki sterowania akceleratorem, ci\u0105gnik MTZ-1021 produkcji Systemy sterowania - CONSYS.    Dostawa na terenie ca\u0142ej Ukrainy i za granic\u0119.[:ru]\u041d\u0430\u0434\u0435\u0436\u043d\u044b\u0435 \u0442\u0440\u043e\u0441\u0430 \u0422\u0440\u043e\u0441 \u0443\u043f\u0440\u0430\u0432\u043b\u0435\u043d\u0438\u0435 \u0430\u043a\u0441\u0435\u043b\u0435\u0440\u0430\u0442\u043e\u0440\u043e\u043c, \u0442\u0440\u0430\u043a\u0442\u043e\u0440 \u041c\u0422\u0417-1021\u00a0\u043f\u0440\u043e\u0438\u0437\u0432\u043e\u0434\u0441\u0442\u0432\u0430 \u0421\u0438\u0441\u0442\u0435\u043c\u044b \u0423\u043f\u0440\u0430\u0432\u043b\u0435\u043d\u0438\u044f \u2014 \u041a\u043e\u043d\u0421\u0438\u0441.    \u0414\u043e\u0441\u0442\u0430\u0432\u043a\u0430 \u043f\u043e \u0432\u0441\u0435\u0439 \u0423\u043a\u0440\u0430\u0438\u043d\u0435 \u0438 \u0437\u0430\u0440\u0443\u0431\u0435\u0436\u044c\u0435.[:ua]\u041d\u0430\u0434\u0456\u0439\u043d\u0456 \u0442\u0440\u043e\u0441\u0430 \u0443\u043f\u0440\u0430\u0432\u043b\u0456\u043d\u043d\u044f \u0430\u043a\u0441\u0435\u043b\u0435\u0440\u0430\u0442\u043e\u0440\u043e\u043c, \u0442\u0440\u0430\u043a\u0442\u043e\u0440 \u041c\u0422\u0417-1021\u00a0\u0432\u0438\u0440\u043e\u0431\u043d\u0438\u0446\u0442\u0432\u0430 \u0421\u0438\u0441\u0442\u0435\u043c\u0438 \u0423\u043f\u0440\u0430\u0432\u043b\u0456\u043d\u043d\u044f \u2014 \u041a\u043e\u043d\u0421\u0438\u0441.  \u0414\u043e\u0441\u0442\u0430\u0432\u043a\u0430 \u043f\u043e \u0432\u0441\u0456\u0439 \u0423\u043a\u0440\u0430\u0457\u043d\u0456 \u0442\u0430 \u0437\u0430\u043a\u043e\u0440\u0434\u043e\u043d.[:]\" \/>\n<meta property=\"og:url\" content=\"https:\/\/consys.com.ua\/shop\/mtz\/mtz-1021-accelerator-1960\/\" \/>\n<meta property=\"og:site_name\" content=\"CONSYS\" \/>\n<meta property=\"article:modified_time\" content=\"2026-04-02T14:49:12+00:00\" \/>\n<meta property=\"og:image\" content=\"http:\/\/consys.com.ua\/wp-content\/uploads\/2021\/01\/\u0442\u0440\u043e\u0441-100.\u041c-rotated.jpg\" \/>\n\t<meta property=\"og:image:width\" content=\"1414\" \/>\n\t<meta property=\"og:image:height\" content=\"1414\" \/>\n\t<meta property=\"og:image:type\" content=\"image\/jpeg\" \/>\n<meta name=\"twitter:card\" content=\"summary_large_image\" \/>\n<meta name=\"twitter:label1\" content=\"Est. reading time\" \/>\n\t<meta name=\"twitter:data1\" content=\"4 minutes\" \/>\n<script type=\"application\/ld+json\" class=\"yoast-schema-graph\">{\"@context\":\"https:\\\/\\\/schema.org\",\"@graph\":[{\"@type\":\"WebPage\",\"@id\":\"https:\\\/\\\/consys.com.ua\\\/shop\\\/mtz\\\/mtz-1021-accelerator-1960\\\/\",\"url\":\"https:\\\/\\\/consys.com.ua\\\/shop\\\/mtz\\\/mtz-1021-accelerator-1960\\\/\",\"name\":\"Accelerator control cable, tractor MTZ-1021 L=1960mm &#187; CONSYS\",\"isPartOf\":{\"@id\":\"https:\\\/\\\/consys.com.ua\\\/#website\"},\"primaryImageOfPage\":{\"@id\":\"https:\\\/\\\/consys.com.ua\\\/shop\\\/mtz\\\/mtz-1021-accelerator-1960\\\/#primaryimage\"},\"image\":{\"@id\":\"https:\\\/\\\/consys.com.ua\\\/shop\\\/mtz\\\/mtz-1021-accelerator-1960\\\/#primaryimage\"},\"thumbnailUrl\":\"https:\\\/\\\/consys.com.ua\\\/wp-content\\\/uploads\\\/2021\\\/01\\\/\u0442\u0440\u043e\u0441-100.\u041c-rotated.jpg\",\"datePublished\":\"2020-11-09T09:27:14+00:00\",\"dateModified\":\"2026-04-02T14:49:12+00:00\",\"breadcrumb\":{\"@id\":\"https:\\\/\\\/consys.com.ua\\\/shop\\\/mtz\\\/mtz-1021-accelerator-1960\\\/#breadcrumb\"},\"inLanguage\":\"en-US\",\"potentialAction\":[{\"@type\":\"ReadAction\",\"target\":[\"https:\\\/\\\/consys.com.ua\\\/shop\\\/mtz\\\/mtz-1021-accelerator-1960\\\/\"]}]},{\"@type\":\"ImageObject\",\"inLanguage\":\"en-US\",\"@id\":\"https:\\\/\\\/consys.com.ua\\\/shop\\\/mtz\\\/mtz-1021-accelerator-1960\\\/#primaryimage\",\"url\":\"https:\\\/\\\/consys.com.ua\\\/wp-content\\\/uploads\\\/2021\\\/01\\\/\u0442\u0440\u043e\u0441-100.\u041c-rotated.jpg\",\"contentUrl\":\"https:\\\/\\\/consys.com.ua\\\/wp-content\\\/uploads\\\/2021\\\/01\\\/\u0442\u0440\u043e\u0441-100.\u041c-rotated.jpg\",\"width\":1414,\"height\":1414,\"caption\":\"Accelerator control cable, tractor MTZ-1021 L=1960mm\"},{\"@type\":\"BreadcrumbList\",\"@id\":\"https:\\\/\\\/consys.com.ua\\\/shop\\\/mtz\\\/mtz-1021-accelerator-1960\\\/#breadcrumb\",\"itemListElement\":[{\"@type\":\"ListItem\",\"position\":1,\"name\":\"\u0413\u043b\u0430\u0432\u043d\u0430\u044f \u0441\u0442\u0440\u0430\u043d\u0438\u0446\u0430\",\"item\":\"https:\\\/\\\/consys.com.ua\\\/\"},{\"@type\":\"ListItem\",\"position\":2,\"name\":\"\u041c\u0430\u0433\u0430\u0437\u0438\u043d\",\"item\":\"https:\\\/\\\/consys.com.ua\\\/shop\\\/\"},{\"@type\":\"ListItem\",\"position\":3,\"name\":\"\u0422\u0440\u043e\u0441 \u0443\u043f\u0440\u0430\u0432\u043b\u0456\u043d\u043d\u044f \u0430\u043a\u0441\u0435\u043b\u0435\u0440\u0430\u0442\u043e\u0440\u043e\u043c, \u0442\u0440\u0430\u043a\u0442\u043e\u0440 \u041c\u0422\u0417-1021 L=1960\u043c\u043c\"}]},{\"@type\":\"WebSite\",\"@id\":\"https:\\\/\\\/consys.com.ua\\\/#website\",\"url\":\"https:\\\/\\\/consys.com.ua\\\/\",\"name\":\"CONSYS\",\"description\":\"\u201cSystems of control \u2013 CONSYS\u201d\",\"publisher\":{\"@id\":\"https:\\\/\\\/consys.com.ua\\\/#organization\"},\"potentialAction\":[{\"@type\":\"SearchAction\",\"target\":{\"@type\":\"EntryPoint\",\"urlTemplate\":\"https:\\\/\\\/consys.com.ua\\\/?s={search_term_string}\"},\"query-input\":{\"@type\":\"PropertyValueSpecification\",\"valueRequired\":true,\"valueName\":\"search_term_string\"}}],\"inLanguage\":\"en-US\"},{\"@type\":\"Organization\",\"@id\":\"https:\\\/\\\/consys.com.ua\\\/#organization\",\"name\":\"\u00ab\u0421\u0438\u0441\u0442\u0435\u043c\u044b \u0443\u043f\u0440\u0430\u0432\u043b\u0435\u043d\u0438\u044f \u2014 \u041a\u043e\u043d\u0441\u0438\u0441\u00bb\",\"url\":\"https:\\\/\\\/consys.com.ua\\\/\",\"logo\":{\"@type\":\"ImageObject\",\"inLanguage\":\"en-US\",\"@id\":\"https:\\\/\\\/consys.com.ua\\\/#\\\/schema\\\/logo\\\/image\\\/\",\"url\":\"http:\\\/\\\/consys.com.ua\\\/wp-content\\\/uploads\\\/2020\\\/04\\\/consys-logo.png\",\"contentUrl\":\"http:\\\/\\\/consys.com.ua\\\/wp-content\\\/uploads\\\/2020\\\/04\\\/consys-logo.png\",\"width\":160,\"height\":56,\"caption\":\"\u00ab\u0421\u0438\u0441\u0442\u0435\u043c\u044b \u0443\u043f\u0440\u0430\u0432\u043b\u0435\u043d\u0438\u044f \u2014 \u041a\u043e\u043d\u0441\u0438\u0441\u00bb\"},\"image\":{\"@id\":\"https:\\\/\\\/consys.com.ua\\\/#\\\/schema\\\/logo\\\/image\\\/\"}}]}<\/script>\n<!-- \/ Yoast SEO plugin. -->","yoast_head_json":{"title":"Accelerator control cable, tractor MTZ-1021 L=1960mm &#187; CONSYS","robots":{"index":"index","follow":"follow","max-snippet":"max-snippet:-1","max-image-preview":"max-image-preview:large","max-video-preview":"max-video-preview:-1"},"canonical":"https:\/\/consys.com.ua\/shop\/mtz\/mtz-1021-accelerator-1960\/","og_locale":"en_US","og_type":"article","og_title":"Accelerator control cable, tractor MTZ-1021 L=1960mm &#187; CONSYS","og_description":"[:en]Reliable Accelerator control cables, tractor MTZ-1021 produced by Systems of Control - CONSYS.    Delivery throughout Ukraine and abroad.[:pl]Niezawodne linki sterowania akceleratorem, ci\u0105gnik MTZ-1021 produkcji Systemy sterowania - CONSYS.    Dostawa na terenie ca\u0142ej Ukrainy i za granic\u0119.[:ru]\u041d\u0430\u0434\u0435\u0436\u043d\u044b\u0435 \u0442\u0440\u043e\u0441\u0430 \u0422\u0440\u043e\u0441 \u0443\u043f\u0440\u0430\u0432\u043b\u0435\u043d\u0438\u0435 \u0430\u043a\u0441\u0435\u043b\u0435\u0440\u0430\u0442\u043e\u0440\u043e\u043c, \u0442\u0440\u0430\u043a\u0442\u043e\u0440 \u041c\u0422\u0417-1021\u00a0\u043f\u0440\u043e\u0438\u0437\u0432\u043e\u0434\u0441\u0442\u0432\u0430 \u0421\u0438\u0441\u0442\u0435\u043c\u044b \u0423\u043f\u0440\u0430\u0432\u043b\u0435\u043d\u0438\u044f \u2014 \u041a\u043e\u043d\u0421\u0438\u0441.    \u0414\u043e\u0441\u0442\u0430\u0432\u043a\u0430 \u043f\u043e \u0432\u0441\u0435\u0439 \u0423\u043a\u0440\u0430\u0438\u043d\u0435 \u0438 \u0437\u0430\u0440\u0443\u0431\u0435\u0436\u044c\u0435.[:ua]\u041d\u0430\u0434\u0456\u0439\u043d\u0456 \u0442\u0440\u043e\u0441\u0430 \u0443\u043f\u0440\u0430\u0432\u043b\u0456\u043d\u043d\u044f \u0430\u043a\u0441\u0435\u043b\u0435\u0440\u0430\u0442\u043e\u0440\u043e\u043c, \u0442\u0440\u0430\u043a\u0442\u043e\u0440 \u041c\u0422\u0417-1021\u00a0\u0432\u0438\u0440\u043e\u0431\u043d\u0438\u0446\u0442\u0432\u0430 \u0421\u0438\u0441\u0442\u0435\u043c\u0438 \u0423\u043f\u0440\u0430\u0432\u043b\u0456\u043d\u043d\u044f \u2014 \u041a\u043e\u043d\u0421\u0438\u0441.  \u0414\u043e\u0441\u0442\u0430\u0432\u043a\u0430 \u043f\u043e \u0432\u0441\u0456\u0439 \u0423\u043a\u0440\u0430\u0457\u043d\u0456 \u0442\u0430 \u0437\u0430\u043a\u043e\u0440\u0434\u043e\u043d.[:]","og_url":"https:\/\/consys.com.ua\/shop\/mtz\/mtz-1021-accelerator-1960\/","og_site_name":"CONSYS","article_modified_time":"2026-04-02T14:49:12+00:00","og_image":[{"width":1414,"height":1414,"url":"http:\/\/consys.com.ua\/wp-content\/uploads\/2021\/01\/\u0442\u0440\u043e\u0441-100.\u041c-rotated.jpg","type":"image\/jpeg"}],"twitter_card":"summary_large_image","twitter_misc":{"Est. reading time":"4 minutes"},"schema":{"@context":"https:\/\/schema.org","@graph":[{"@type":"WebPage","@id":"https:\/\/consys.com.ua\/shop\/mtz\/mtz-1021-accelerator-1960\/","url":"https:\/\/consys.com.ua\/shop\/mtz\/mtz-1021-accelerator-1960\/","name":"Accelerator control cable, tractor MTZ-1021 L=1960mm &#187; CONSYS","isPartOf":{"@id":"https:\/\/consys.com.ua\/#website"},"primaryImageOfPage":{"@id":"https:\/\/consys.com.ua\/shop\/mtz\/mtz-1021-accelerator-1960\/#primaryimage"},"image":{"@id":"https:\/\/consys.com.ua\/shop\/mtz\/mtz-1021-accelerator-1960\/#primaryimage"},"thumbnailUrl":"https:\/\/consys.com.ua\/wp-content\/uploads\/2021\/01\/\u0442\u0440\u043e\u0441-100.\u041c-rotated.jpg","datePublished":"2020-11-09T09:27:14+00:00","dateModified":"2026-04-02T14:49:12+00:00","breadcrumb":{"@id":"https:\/\/consys.com.ua\/shop\/mtz\/mtz-1021-accelerator-1960\/#breadcrumb"},"inLanguage":"en-US","potentialAction":[{"@type":"ReadAction","target":["https:\/\/consys.com.ua\/shop\/mtz\/mtz-1021-accelerator-1960\/"]}]},{"@type":"ImageObject","inLanguage":"en-US","@id":"https:\/\/consys.com.ua\/shop\/mtz\/mtz-1021-accelerator-1960\/#primaryimage","url":"https:\/\/consys.com.ua\/wp-content\/uploads\/2021\/01\/\u0442\u0440\u043e\u0441-100.\u041c-rotated.jpg","contentUrl":"https:\/\/consys.com.ua\/wp-content\/uploads\/2021\/01\/\u0442\u0440\u043e\u0441-100.\u041c-rotated.jpg","width":1414,"height":1414,"caption":"Accelerator control cable, tractor MTZ-1021 L=1960mm"},{"@type":"BreadcrumbList","@id":"https:\/\/consys.com.ua\/shop\/mtz\/mtz-1021-accelerator-1960\/#breadcrumb","itemListElement":[{"@type":"ListItem","position":1,"name":"\u0413\u043b\u0430\u0432\u043d\u0430\u044f \u0441\u0442\u0440\u0430\u043d\u0438\u0446\u0430","item":"https:\/\/consys.com.ua\/"},{"@type":"ListItem","position":2,"name":"\u041c\u0430\u0433\u0430\u0437\u0438\u043d","item":"https:\/\/consys.com.ua\/shop\/"},{"@type":"ListItem","position":3,"name":"\u0422\u0440\u043e\u0441 \u0443\u043f\u0440\u0430\u0432\u043b\u0456\u043d\u043d\u044f \u0430\u043a\u0441\u0435\u043b\u0435\u0440\u0430\u0442\u043e\u0440\u043e\u043c, \u0442\u0440\u0430\u043a\u0442\u043e\u0440 \u041c\u0422\u0417-1021 L=1960\u043c\u043c"}]},{"@type":"WebSite","@id":"https:\/\/consys.com.ua\/#website","url":"https:\/\/consys.com.ua\/","name":"CONSYS","description":"\u201cSystems of control \u2013 CONSYS\u201d","publisher":{"@id":"https:\/\/consys.com.ua\/#organization"},"potentialAction":[{"@type":"SearchAction","target":{"@type":"EntryPoint","urlTemplate":"https:\/\/consys.com.ua\/?s={search_term_string}"},"query-input":{"@type":"PropertyValueSpecification","valueRequired":true,"valueName":"search_term_string"}}],"inLanguage":"en-US"},{"@type":"Organization","@id":"https:\/\/consys.com.ua\/#organization","name":"\u00ab\u0421\u0438\u0441\u0442\u0435\u043c\u044b \u0443\u043f\u0440\u0430\u0432\u043b\u0435\u043d\u0438\u044f \u2014 \u041a\u043e\u043d\u0441\u0438\u0441\u00bb","url":"https:\/\/consys.com.ua\/","logo":{"@type":"ImageObject","inLanguage":"en-US","@id":"https:\/\/consys.com.ua\/#\/schema\/logo\/image\/","url":"http:\/\/consys.com.ua\/wp-content\/uploads\/2020\/04\/consys-logo.png","contentUrl":"http:\/\/consys.com.ua\/wp-content\/uploads\/2020\/04\/consys-logo.png","width":160,"height":56,"caption":"\u00ab\u0421\u0438\u0441\u0442\u0435\u043c\u044b \u0443\u043f\u0440\u0430\u0432\u043b\u0435\u043d\u0438\u044f \u2014 \u041a\u043e\u043d\u0441\u0438\u0441\u00bb"},"image":{"@id":"https:\/\/consys.com.ua\/#\/schema\/logo\/image\/"}}]}},"_links":{"self":[{"href":"https:\/\/consys.com.ua\/en\/wp-json\/wp\/v2\/product\/1985","targetHints":{"allow":["GET"]}}],"collection":[{"href":"https:\/\/consys.com.ua\/en\/wp-json\/wp\/v2\/product"}],"about":[{"href":"https:\/\/consys.com.ua\/en\/wp-json\/wp\/v2\/types\/product"}],"wp:featuredmedia":[{"embeddable":true,"href":"https:\/\/consys.com.ua\/en\/wp-json\/wp\/v2\/media\/3072"}],"wp:attachment":[{"href":"https:\/\/consys.com.ua\/en\/wp-json\/wp\/v2\/media?parent=1985"}],"wp:term":[{"taxonomy":"product_brand","embeddable":true,"href":"https:\/\/consys.com.ua\/en\/wp-json\/wp\/v2\/product_brand?post=1985"},{"taxonomy":"product_cat","embeddable":true,"href":"https:\/\/consys.com.ua\/en\/wp-json\/wp\/v2\/product_cat?post=1985"},{"taxonomy":"product_tag","embeddable":true,"href":"https:\/\/consys.com.ua\/en\/wp-json\/wp\/v2\/product_tag?post=1985"}],"curies":[{"name":"wp","href":"https:\/\/api.w.org\/{rel}","templated":true}]}}