{"id":105,"date":"2013-02-08T03:22:41","date_gmt":"2013-02-07T23:22:41","guid":{"rendered":"http:\/\/consys.com.ua\/?page_id=105"},"modified":"2020-03-24T16:03:24","modified_gmt":"2020-03-24T13:03:24","slug":"bogdan","status":"publish","type":"page","link":"https:\/\/consys.com.ua\/pl\/bogdan\/","title":{"rendered":"Skrzynia bieg\u00f3w do wyboru skrzyni bieg\u00f3w i zmiany bieg\u00f3w w autobusach &#8222;Bogdan&#8221;"},"content":{"rendered":"<p>Dzisiaj firma <strong>Control Systems &#8211; ConSys<\/strong> jest gotowa zaoferowa\u0107 jako\u015bciowo nowy produkt &#8211; linka zdalnego sterowania do wybierania i zmiany bieg\u00f3w dla autobus\u00f3w <strong>Bogdan<\/strong> modeli: A09202, A091, A9212, A09204, A09214<\/p>\n<p><strong>Linka zmiany bieg\u00f3w ConSys:<\/strong><br \/>\n<img decoding=\"async\" src=\"http:\/\/consys.com.ua\/wp-content\/uploads\/2013\/02\/b1.gif\" alt=\"\u0422\u0440\u043e\u0441 \u041a\u041f\u041f \u0432\u044b\u0431\u043e\u0440\u0430 \u0404\u0432\u0440\u043e-2 (\u041cYY5T) \u0438 \u0415\u0432\u0440\u043e-3 (MZZ6)\" \/><\/p>\n<p><strong>Linka zmiany bieg\u00f3w ConSys:<\/strong><br \/>\n<img decoding=\"async\" src=\"http:\/\/consys.com.ua\/wp-content\/uploads\/2013\/02\/b2.gif\" alt=\"\u0422\u0440\u043e\u0441 \u041a\u041f\u041f \u043f\u0435\u0440\u0435\u043a\u043b\u044e\u0447\u0435\u043d\u0438\u044f \u0404\u0432\u0440\u043e-2 (\u041cYY5T) \u0438 \u0415\u0432\u0440\u043e-3 (MZZ6)\" \/><\/p>\n<p>* Gwarancja 800 000 cykli robot\u00f3w<br \/>\n** Produkcja Orscheln Europe (Wielka Brytania)<\/p>\n<p>Oferowane kable steruj\u0105ce s\u0105 wsp\u00f3lnym rozwini\u0119ciem <strong>Bogdan Corporation (LuAZ OJSC)<\/strong> i ConSys<\/p>\n<table border=\"1\">\n<tbody>\n<tr>\n<td colspan=\"2\" align=\"center\"><strong>model autobusu<\/strong><\/td>\n<td align=\"center\"><strong>zastosowanie linka<\/strong><\/td>\n<td align=\"center\"><strong>indeks<\/strong><\/td>\n<\/tr>\n<tr>\n<td colspan=\"4\" align=\"center\"><b>A 09280 (6-biegowa skrzynia bieg\u00f3w ISUZU MZZ6U, EURO &#8211; 3)<\/b><\/td>\n<\/tr>\n<tr>\n<td rowspan=\"5\"><a href=\"http:\/\/consys.com.ua\/wp-content\/uploads\/2016\/06\/Bogdan-A-09280-ISUZU-MZZ6U.gif\"><img decoding=\"async\" class=\"alignnone wp-image-817 size-full\" src=\"http:\/\/consys.com.ua\/wp-content\/uploads\/2016\/06\/Bogdan-A-09280-ISUZU-MZZ6U.gif\" alt=\"Bogdan A 09280 - ISUZU MZZ6U\" width=\"240\" height=\"160\" \/><\/a><\/td>\n<td>\u041009280<\/td>\n<td>Linka hamulca postojowego Bogdan<\/td>\n<td>\u0411\u0421-4M233.07057<\/td>\n<\/tr>\n<tr>\n<td>\u041009280<\/td>\n<td>Linka zmiany bieg\u00f3w Bogdan (normalna)<\/td>\n<td>\u0411\u041f-\u041c4323.07090<\/td>\n<\/tr>\n<tr>\n<td>\u041009280<\/td>\n<td>Linka zmiany bieg\u00f3w Bogdan (Normal)<\/td>\n<td>\u0411\u0412-\u041c4323.07180<\/td>\n<\/tr>\n<tr>\n<td>\u041009280<\/td>\n<td>Linka zmiany bieg\u00f3w Bogdan (wzmocniona, 800 000 cykli)<\/td>\n<td>\u0411\u041f-\u041c6323.07090<\/td>\n<\/tr>\n<tr>\n<td>\u041009280<\/td>\n<td>Linka zmiany bieg\u00f3w Bogdan (wzmocniona, 800 000 cykli)<\/td>\n<td>\u0411\u0412-\u041c6323.07180<\/td>\n<\/tr>\n<tr>\n<td colspan=\"4\" align=\"center\"><b>A 1445 (7-biegowa skrzynia bieg\u00f3w ISUZU MLD7Q, EURO &#8211; 2)<\/b><\/td>\n<\/tr>\n<tr>\n<td rowspan=\"2\"><a href=\"http:\/\/consys.com.ua\/wp-content\/uploads\/2016\/06\/Bogdan-A-1445-ISUZU-MLD7Q.gif\"><img decoding=\"async\" class=\"alignnone size-full wp-image-819\" src=\"http:\/\/consys.com.ua\/wp-content\/uploads\/2016\/06\/Bogdan-A-1445-ISUZU-MLD7Q.gif\" alt=\"Bogdan A 1445 - ISUZU MLD7Q\" width=\"240\" height=\"126\" \/><\/a><\/td>\n<td>\u04101452<\/td>\n<td rowspan=\"2\">Linka zmiany bieg\u00f3w Bogdan (7,6 m) (wzmocniona, 800 000 cykli)<\/td>\n<td rowspan=\"2\">\u0411-\u041c6333.07600<\/td>\n<\/tr>\n<tr>\n<td>\u04101452<\/td>\n<\/tr>\n<tr>\n<td colspan=\"4\" align=\"center\"><b>A 1452 (7-biegowa skrzynia bieg\u00f3w ISUZU MLD7Q, EURO &#8211; 2)<\/b><\/td>\n<\/tr>\n<tr>\n<td rowspan=\"2\"><a href=\"http:\/\/consys.com.ua\/wp-content\/uploads\/2013\/02\/Bogdan-A-1452-ISUZU-MLD7Q.gif\"><img decoding=\"async\" class=\"alignnone size-full wp-image-821\" src=\"http:\/\/consys.com.ua\/wp-content\/uploads\/2013\/02\/Bogdan-A-1452-ISUZU-MLD7Q.gif\" alt=\"Bogdan A 1452 - ISUZU MLD7Q\" width=\"240\" height=\"149\" \/><\/a><\/td>\n<td>\u04101445<\/td>\n<td rowspan=\"2\">Linka zmiany bieg\u00f3w Bogdan (7,6 m) (wzmocniona, 800 000 cykli)<\/td>\n<td rowspan=\"2\">\u0411-\u041c6333.07600<\/td>\n<\/tr>\n<tr>\n<td>\u04101452<\/td>\n<\/tr>\n<tr>\n<td colspan=\"4\" align=\"center\"><b>A 09204 (6-biegowa skrzynia bieg\u00f3w ISUZU MZZ6U, EURO &#8211; 3)<\/b><\/td>\n<\/tr>\n<tr>\n<td rowspan=\"4\"><a href=\"http:\/\/consys.com.ua\/wp-content\/uploads\/2013\/02\/Bogdan-A-09204-ISUZU-MZZ6U.gif\"><img decoding=\"async\" class=\"alignnone size-full wp-image-822\" src=\"http:\/\/consys.com.ua\/wp-content\/uploads\/2013\/02\/Bogdan-A-09204-ISUZU-MZZ6U.gif\" alt=\"Bogdan A 09204 - ISUZU MZZ6U\" width=\"240\" height=\"170\" \/><\/a><\/td>\n<td>A09204<\/td>\n<td rowspan=\"2\">Linka zmiany bieg\u00f3w Bogdan (EURO 3) (Wzmocniona, 800 000 cykli)<\/td>\n<td rowspan=\"2\">\u0411\u0412-M6323.03160<\/td>\n<\/tr>\n<tr>\n<td>A9214<\/td>\n<\/tr>\n<tr>\n<td>A09204<\/td>\n<td rowspan=\"2\">Linka zmiany bieg\u00f3w Bogdan (EURO 3) (wzmocniona, 800 000 cykli)<\/td>\n<td rowspan=\"2\">\u0411\u041f-\u041c6323.03130<\/td>\n<\/tr>\n<tr>\n<td>A9214<\/td>\n<\/tr>\n<tr>\n<td colspan=\"4\" align=\"center\"><b>A 09214 (6-biegowa skrzynia bieg\u00f3w ISUZU MZZ6U, EURO &#8211; 3)<\/b><\/td>\n<\/tr>\n<tr>\n<td rowspan=\"4\"><a href=\"http:\/\/consys.com.ua\/wp-content\/uploads\/2013\/02\/Bogdan-A-09214-ISUZU-MZZ6U.gif\"><img decoding=\"async\" class=\"alignnone size-full wp-image-823\" src=\"http:\/\/consys.com.ua\/wp-content\/uploads\/2013\/02\/Bogdan-A-09214-ISUZU-MZZ6U.gif\" alt=\"Bogdan A 09214 - ISUZU MZZ6U\" width=\"240\" height=\"142\" \/><\/a><\/td>\n<td>A09204<\/td>\n<td rowspan=\"2\">Linka zmiany bieg\u00f3w Bogdan (EURO3) (wzmocniona, 800 000 cykli)<\/td>\n<td rowspan=\"2\">\u0411\u0412-M6323.03160<\/td>\n<\/tr>\n<tr>\n<td>A9214<\/td>\n<\/tr>\n<tr>\n<td>A09204<\/td>\n<td rowspan=\"2\">Linka zmiany bieg\u00f3w Bogdan (EURO3) (wzmocniona, 800 000 cykli)<\/td>\n<td rowspan=\"2\">\u0411\u041f-\u041c6323.03130<\/td>\n<\/tr>\n<tr>\n<td>A9214<\/td>\n<\/tr>\n<tr>\n<td colspan=\"4\" align=\"center\"><b>A 09212 (5-biegowa skrzynia bieg\u00f3w ISUZU MYY5T, EURO &#8211; 2)<\/b><\/td>\n<\/tr>\n<tr>\n<td rowspan=\"6\"><a href=\"http:\/\/consys.com.ua\/wp-content\/uploads\/2013\/02\/Bogdan-A-09212-ISUZU-MYY5T.gif\"><img decoding=\"async\" class=\"alignnone size-full wp-image-824\" src=\"http:\/\/consys.com.ua\/wp-content\/uploads\/2013\/02\/Bogdan-A-09212-ISUZU-MYY5T.gif\" alt=\"Bogdan A 09212 - ISUZU MYY5T\" width=\"240\" height=\"140\" \/><\/a><\/td>\n<td>\u0410091<\/td>\n<td rowspan=\"3\">Linka zmiany bieg\u00f3w Bogdan (EURO2) (Wzmocniona, 800 000 cykli)<\/td>\n<td rowspan=\"3\">\u0411\u0412-M6323.03024<\/td>\n<\/tr>\n<tr>\n<td>\u04109212<\/td>\n<\/tr>\n<tr>\n<td>\u04109202<\/td>\n<\/tr>\n<tr>\n<td>\u0410091<\/td>\n<td rowspan=\"3\">Linka zmiany bieg\u00f3w Bogdan (EURO2)<br \/>\n(Wzmocniony, 800 000 cykli)<\/td>\n<td rowspan=\"3\">\u0411\u041f-\u041c6323.03008<\/td>\n<\/tr>\n<tr>\n<td>\u04109212<\/td>\n<\/tr>\n<tr>\n<td>\u04109202<\/td>\n<\/tr>\n<tr>\n<td colspan=\"4\" align=\"center\"><b>A 09202 (5-biegowa skrzynia bieg\u00f3w ISUZU MYY5T, EURO &#8211; 2)<\/b><\/td>\n<\/tr>\n<tr>\n<td rowspan=\"6\"><a href=\"http:\/\/consys.com.ua\/wp-content\/uploads\/2013\/02\/Bogdan-A-09202-ISUZU-MYY5T.gif\"><img decoding=\"async\" class=\"alignnone size-full wp-image-825\" src=\"http:\/\/consys.com.ua\/wp-content\/uploads\/2013\/02\/Bogdan-A-09202-ISUZU-MYY5T.gif\" alt=\"Bogdan A 09202 - ISUZU MYY5T\" width=\"240\" height=\"171\" \/><\/a><\/td>\n<td>\u0410091<\/td>\n<td rowspan=\"3\">Linka zmiany bieg\u00f3w Bogdan (EURO2) (Wzmocniona, 800 000 cykli)<\/td>\n<td rowspan=\"3\">\u0411\u0412-M6323.03024<\/td>\n<\/tr>\n<tr>\n<td>\u04109212<\/td>\n<\/tr>\n<tr>\n<td>\u04109202<\/td>\n<\/tr>\n<tr>\n<td>\u0410091<\/td>\n<td rowspan=\"3\">Linka zmiany bieg\u00f3w Bogdan (EURO2) (wzmocniona, 800 000 cykli)<\/td>\n<td rowspan=\"3\">\u0411\u041f-\u041c6323.03008<\/td>\n<\/tr>\n<tr>\n<td>\u04109212<\/td>\n<\/tr>\n<tr>\n<td>\u04109202<\/td>\n<\/tr>\n<tr>\n<td colspan=\"4\" align=\"center\"><b>\u041040162, \u041040160 (6-biegowa skrzynia bieg\u00f3w ISUZU MZZ6U, EURO &#8211; 3)<\/b><\/td>\n<\/tr>\n<tr>\n<td rowspan=\"4\"><img decoding=\"async\" src=\"http:\/\/consys.com.ua\/wp-content\/uploads\/2013\/02\/123.gif\" alt=\"\u041040160 (6-\u0442\u0438 \u0441\u0442\u0443\u043f\u0435\u043d\u0447\u0430\u0442\u0430\u044f \u041a\u041f\u041f ISUZU MZZ6U, \u0415\u0432\u0440\u043e - 3)\" border=\"0\" \/><\/td>\n<td>\u041040162<\/td>\n<td rowspan=\"2\">Linka zmiany bieg\u00f3w Bogdan (wzmocniona, 800 000 cykli)<\/td>\n<td rowspan=\"2\">\u0411\u0412-\u041c6323.05280<\/td>\n<\/tr>\n<tr>\n<td>\u041040160<\/td>\n<\/tr>\n<tr>\n<td>\u041040162<\/td>\n<td rowspan=\"2\">Linka zmiany bieg\u00f3w Bogdan (wzmocniona, 800 000 cykli)<\/td>\n<td rowspan=\"2\">\u0411\u041f-\u041c6323.05200<\/td>\n<\/tr>\n<tr>\n<td>\u041040160<\/td>\n<\/tr>\n<tr>\n<td colspan=\"4\" align=\"center\"><b>\u0410091 (5-biegowa skrzynia bieg\u00f3w ISUZU MXA5R, EURO &#8211; 2)<\/b><\/td>\n<\/tr>\n<tr>\n<td rowspan=\"6\"><a href=\"http:\/\/consys.com.ua\/wp-content\/uploads\/2013\/02\/Bogdan-A-091-ISUZU-MXA5R.gif\"><img decoding=\"async\" class=\"alignnone size-full wp-image-826\" src=\"http:\/\/consys.com.ua\/wp-content\/uploads\/2013\/02\/Bogdan-A-091-ISUZU-MXA5R.gif\" alt=\"Bogdan A 091 - ISUZU MXA5R\" width=\"240\" height=\"127\" \/><\/a><\/td>\n<td>\u0410091<\/td>\n<td rowspan=\"3\">Linka zmiany bieg\u00f3w Bogdan (EURO2) (Wzmocniona, 800 000 cykli)<\/td>\n<td rowspan=\"3\">\u0411\u0412-M6323.03024<\/td>\n<\/tr>\n<tr>\n<td>\u04109212<\/td>\n<\/tr>\n<tr>\n<td>\u04109202<\/td>\n<\/tr>\n<tr>\n<td>\u0410091<\/td>\n<td rowspan=\"3\">Linka zmiany bieg\u00f3w Bogdan (EURO2) (wzmocniona, 800 000 cykli)<\/td>\n<td rowspan=\"3\">\u0411\u041f-\u041c6323.03008<\/td>\n<\/tr>\n<tr>\n<td>\u04109212<\/td>\n<\/tr>\n<tr>\n<td>\u04109202<\/td>\n<\/tr>\n<tr>\n<td colspan=\"4\" align=\"center\"><b>A 06900 (5-biegowa skrzynia bieg\u00f3w HYUNDAI M3S5, EURO &#8211; 2)<\/b><\/td>\n<\/tr>\n<tr>\n<td rowspan=\"4\"><a href=\"http:\/\/consys.com.ua\/wp-content\/uploads\/2013\/02\/Bogdan-A-06900-HYUNDAI-M3S5.gif\"><img decoding=\"async\" class=\"alignnone size-full wp-image-827\" src=\"http:\/\/consys.com.ua\/wp-content\/uploads\/2013\/02\/Bogdan-A-06900-HYUNDAI-M3S5.gif\" alt=\"Bogdan A 06900 - HYUNDAI M3S5\" width=\"240\" height=\"190\" \/><\/a><\/td>\n<td>\u041006900<\/td>\n<td rowspan=\"4\">Linka zmiany bieg\u00f3w Bogdan<\/td>\n<td rowspan=\"4\">\u0411\u041f-\u041c6323.03125<\/td>\n<\/tr>\n<tr>\n<td>\u041006904<\/td>\n<\/tr>\n<tr>\n<td>\u041006921<\/td>\n<\/tr>\n<tr>\n<td>\u041006923<\/td>\n<\/tr>\n<tr>\n<td colspan=\"4\" align=\"center\"><b>A 06904 (5-biegowa skrzynia bieg\u00f3w HYUNDAI M3S5, EURO &#8211; 2)<\/b><\/td>\n<\/tr>\n<tr>\n<td rowspan=\"4\"><a href=\"http:\/\/consys.com.ua\/wp-content\/uploads\/2013\/02\/Bogdan-A-06904-HYUNDAI-M3S5.gif\"><img decoding=\"async\" class=\"alignnone size-full wp-image-828\" src=\"http:\/\/consys.com.ua\/wp-content\/uploads\/2013\/02\/Bogdan-A-06904-HYUNDAI-M3S5.gif\" alt=\"Bogdan A 06904 - HYUNDAI M3S5\" width=\"240\" height=\"140\" \/><\/a><\/td>\n<td>\u041006900<\/td>\n<td rowspan=\"4\">Linka zmiany bieg\u00f3w Bogdan (wzmocniona, 800 000 cykli)<\/td>\n<td rowspan=\"4\">\u0411\u041f-\u041c6323.03125<\/td>\n<\/tr>\n<tr>\n<td>\u041006904<\/td>\n<\/tr>\n<tr>\n<td>\u041006921<\/td>\n<\/tr>\n<tr>\n<td>\u041006923<\/td>\n<\/tr>\n<tr>\n<td colspan=\"4\" align=\"center\"><b>A 06921 (5-biegowa skrzynia bieg\u00f3w HYUNDAI M3S5, EURO &#8211; 2)<\/b><\/td>\n<\/tr>\n<tr>\n<td rowspan=\"4\"><a href=\"http:\/\/consys.com.ua\/wp-content\/uploads\/2013\/02\/Bogdan-A-06921-HYUNDAI-M3S5.gif\"><img decoding=\"async\" class=\"alignnone size-full wp-image-829\" src=\"http:\/\/consys.com.ua\/wp-content\/uploads\/2013\/02\/Bogdan-A-06921-HYUNDAI-M3S5.gif\" alt=\"Bogdan A 06921 - HYUNDAI M3S5\" width=\"240\" height=\"168\" \/><\/a><\/td>\n<td>\u041006900<\/td>\n<td rowspan=\"4\">Linka zmiany bieg\u00f3w Bogdan (wzmocniona, 800 000 cykli)<\/td>\n<td rowspan=\"4\">\u0411\u041f-\u041c6323.03125<\/td>\n<\/tr>\n<tr>\n<td>\u041006904<\/td>\n<\/tr>\n<tr>\n<td>\u041006921<\/td>\n<\/tr>\n<tr>\n<td>\u041006923<\/td>\n<\/tr>\n<\/tbody>\n<\/table>\n<p>Obja\u015bnienia dotycz\u0105ce oznaczania:<br \/>\n<b>\u0411\u0412 <\/b>&#8211; \u201eBogdan Choice\u201d<br \/>\n<strong>\u0411\u041f<\/strong> &#8211; \u201eBogdan Switching\u201d<br \/>\n<b>\u041c<\/b> \u2013 metryczny gwint wszystkich mocowa\u0144<br \/>\n<b>6<\/b> \u2013 seria kabli (przenoszenie mocy), przyczepno\u015b\u0107 &#8230;, si\u0142a pchaj\u0105ca &#8230;<br \/>\n<b>3<\/b> \u2013 rozmiar skoku (3 cale = 76,2)<br \/>\n<b>2, 3<\/b> \u2013 rodzaj mocowania linki: elementy steruj\u0105ce skrzyni bieg\u00f3w s\u0105 dodatkowo zawarte w pakiecie (przegub kulowy i amortyzator elastyczny)<br \/>\n<b>03024<\/b> &#8211; robocza d\u0142ugo\u015b\u0107 kabla (3024 mm)<\/p>\n<p><a href=\"http:\/\/consys.com.ua\/wp-content\/uploads\/2016\/06\/ukrautobusprom.jpg\"><img decoding=\"async\" class=\"alignright\" src=\"http:\/\/consys.com.ua\/wp-content\/uploads\/2013\/02\/ukrautobusprom1.jpg\" alt=\"\u0423\u043a\u0440\u0430\u0432\u0442\u043e\u0431\u0443\u0441\u043f\u0440\u043e\u043c\" width=\"110\" height=\"145\" \/><\/a><strong>Podsumowanie Ukravtobusprom<\/strong> Na podstawie analizy wytrzyma\u0142o\u015bci i cykliczno\u015bci dzia\u0142ania kabla steruj\u0105cego stosowanego w autobusach rodzinnych Bogdan, a tak\u017ce w obiecuj\u0105cych modelach RoAZ 5237 (Rost\u00f3w nad Donem, Rosja) oraz TUR A157.2, TUR A147 wyprodukowany przez BAT Ukravtobusprom (linka zmiany bieg\u00f3w, linka zmiany bieg\u00f3w), Instytut Ukravtobusprom opracowa\u0142 przepisy techniczne dotycz\u0105ce stosowania tych produkt\u00f3w przez ORSCHELN EUROPE.<\/p>\n<p><strong>Produkty s\u0105 zalecane do stosowania w powy\u017cszych modelach autobus\u00f3w.<\/strong><\/p>\n<p><b><!--cforms name=\"\u0424\u043e\u0440\u043c\u0430 \u0434\u043b\u044f \u0437\u0430\u043a\u0430\u0437\u0430\"--><\/b><\/p>","protected":false},"excerpt":{"rendered":"<p>Dzisiaj firma Control Systems &#8211; ConSys jest gotowa zaoferowa\u0107 jako\u015bciowo nowy produkt &#8211; linka zdalnego sterowania do&#8230;<\/p>\n","protected":false},"author":2,"featured_media":0,"parent":0,"menu_order":0,"comment_status":"open","ping_status":"open","template":"","meta":{"footnotes":""},"class_list":["post-105","page","type-page","status-publish","hentry"],"yoast_head":"<!-- This site is optimized with the Yoast SEO plugin v27.3 - https:\/\/yoast.com\/product\/yoast-seo-wordpress\/ -->\n<title>Skrzynia bieg\u00f3w do wyboru skrzyni bieg\u00f3w i zmiany bieg\u00f3w w autobusach &quot;Bogdan&quot; &#187; \u0421ONSYS<\/title>\n<meta name=\"robots\" content=\"index, follow, max-snippet:-1, max-image-preview:large, max-video-preview:-1\" \/>\n<link rel=\"canonical\" href=\"https:\/\/consys.com.ua\/ru\/bogdan\/\" \/>\n<meta property=\"og:locale\" content=\"pl_PL\" \/>\n<meta property=\"og:type\" content=\"article\" \/>\n<meta property=\"og:title\" content=\"Skrzynia bieg\u00f3w do wyboru skrzyni bieg\u00f3w i zmiany bieg\u00f3w w autobusach &quot;Bogdan&quot; &#187; \u0421ONSYS\" \/>\n<meta property=\"og:description\" content=\"Dzisiaj firma Control Systems &#8211; ConSys jest gotowa zaoferowa\u0107 jako\u015bciowo nowy produkt &#8211; linka zdalnego sterowania do...\" \/>\n<meta property=\"og:url\" content=\"https:\/\/consys.com.ua\/ru\/bogdan\/\" \/>\n<meta property=\"og:site_name\" content=\"\u0421ONSYS\" \/>\n<meta property=\"article:modified_time\" content=\"2020-03-24T13:03:24+00:00\" \/>\n<meta property=\"og:image\" content=\"http:\/\/consys.com.ua\/wp-content\/uploads\/2013\/02\/b1.gif\" \/>\n<meta name=\"twitter:card\" content=\"summary_large_image\" \/>\n<meta name=\"twitter:label1\" content=\"Szacowany czas czytania\" \/>\n\t<meta name=\"twitter:data1\" content=\"6 minut\" \/>\n<script type=\"application\/ld+json\" class=\"yoast-schema-graph\">{\"@context\":\"https:\\\/\\\/schema.org\",\"@graph\":[{\"@type\":\"WebPage\",\"@id\":\"https:\\\/\\\/consys.com.ua\\\/ru\\\/bogdan\\\/\",\"url\":\"https:\\\/\\\/consys.com.ua\\\/ru\\\/bogdan\\\/\",\"name\":\"Skrzynia bieg\u00f3w do wyboru skrzyni bieg\u00f3w i zmiany bieg\u00f3w w autobusach \\\"Bogdan\\\" &#187; \u0421ONSYS\",\"isPartOf\":{\"@id\":\"https:\\\/\\\/consys.com.ua\\\/#website\"},\"primaryImageOfPage\":{\"@id\":\"https:\\\/\\\/consys.com.ua\\\/ru\\\/bogdan\\\/#primaryimage\"},\"image\":{\"@id\":\"https:\\\/\\\/consys.com.ua\\\/ru\\\/bogdan\\\/#primaryimage\"},\"thumbnailUrl\":\"http:\\\/\\\/consys.com.ua\\\/wp-content\\\/uploads\\\/2013\\\/02\\\/b1.gif\",\"datePublished\":\"2013-02-07T23:22:41+00:00\",\"dateModified\":\"2020-03-24T13:03:24+00:00\",\"breadcrumb\":{\"@id\":\"https:\\\/\\\/consys.com.ua\\\/ru\\\/bogdan\\\/#breadcrumb\"},\"inLanguage\":\"pl-PL\",\"potentialAction\":[{\"@type\":\"ReadAction\",\"target\":[\"https:\\\/\\\/consys.com.ua\\\/ru\\\/bogdan\\\/\"]}]},{\"@type\":\"ImageObject\",\"inLanguage\":\"pl-PL\",\"@id\":\"https:\\\/\\\/consys.com.ua\\\/ru\\\/bogdan\\\/#primaryimage\",\"url\":\"http:\\\/\\\/consys.com.ua\\\/wp-content\\\/uploads\\\/2013\\\/02\\\/b1.gif\",\"contentUrl\":\"http:\\\/\\\/consys.com.ua\\\/wp-content\\\/uploads\\\/2013\\\/02\\\/b1.gif\"},{\"@type\":\"BreadcrumbList\",\"@id\":\"https:\\\/\\\/consys.com.ua\\\/ru\\\/bogdan\\\/#breadcrumb\",\"itemListElement\":[{\"@type\":\"ListItem\",\"position\":1,\"name\":\"\u0413\u043b\u0430\u0432\u043d\u0430\u044f \u0441\u0442\u0440\u0430\u043d\u0438\u0446\u0430\",\"item\":\"https:\\\/\\\/consys.com.ua\\\/\"},{\"@type\":\"ListItem\",\"position\":2,\"name\":\"\u0422\u0440\u043e\u0441\u0430 \u0432\u044b\u0431\u043e\u0440\u0430 \u0438 \u043f\u0435\u0440\u0435\u043a\u043b\u044e\u0447\u0435\u043d\u0438\u044f \u043f\u0435\u0440\u0435\u0434\u0430\u0447 \u041a\u041f\u041f \u0434\u043b\u044f \u0430\u0432\u0442\u043e\u0431\u0443\u0441\u043e\u0432 &#171;\u0411\u043e\u0433\u0434\u0430\u043d&#187;\"}]},{\"@type\":\"WebSite\",\"@id\":\"https:\\\/\\\/consys.com.ua\\\/#website\",\"url\":\"https:\\\/\\\/consys.com.ua\\\/\",\"name\":\"\u0421ONSYS\",\"description\":\"\u00abSystemy Sterowania \u2013 CONSYS\u00bb\",\"publisher\":{\"@id\":\"https:\\\/\\\/consys.com.ua\\\/#organization\"},\"potentialAction\":[{\"@type\":\"SearchAction\",\"target\":{\"@type\":\"EntryPoint\",\"urlTemplate\":\"https:\\\/\\\/consys.com.ua\\\/?s={search_term_string}\"},\"query-input\":{\"@type\":\"PropertyValueSpecification\",\"valueRequired\":true,\"valueName\":\"search_term_string\"}}],\"inLanguage\":\"pl-PL\"},{\"@type\":\"Organization\",\"@id\":\"https:\\\/\\\/consys.com.ua\\\/#organization\",\"name\":\"\u00ab\u0421\u0438\u0441\u0442\u0435\u043c\u044b \u0443\u043f\u0440\u0430\u0432\u043b\u0435\u043d\u0438\u044f \u2014 \u041a\u043e\u043d\u0441\u0438\u0441\u00bb\",\"url\":\"https:\\\/\\\/consys.com.ua\\\/\",\"logo\":{\"@type\":\"ImageObject\",\"inLanguage\":\"pl-PL\",\"@id\":\"https:\\\/\\\/consys.com.ua\\\/#\\\/schema\\\/logo\\\/image\\\/\",\"url\":\"http:\\\/\\\/consys.com.ua\\\/wp-content\\\/uploads\\\/2020\\\/04\\\/consys-logo.png\",\"contentUrl\":\"http:\\\/\\\/consys.com.ua\\\/wp-content\\\/uploads\\\/2020\\\/04\\\/consys-logo.png\",\"width\":160,\"height\":56,\"caption\":\"\u00ab\u0421\u0438\u0441\u0442\u0435\u043c\u044b \u0443\u043f\u0440\u0430\u0432\u043b\u0435\u043d\u0438\u044f \u2014 \u041a\u043e\u043d\u0441\u0438\u0441\u00bb\"},\"image\":{\"@id\":\"https:\\\/\\\/consys.com.ua\\\/#\\\/schema\\\/logo\\\/image\\\/\"}}]}<\/script>\n<!-- \/ Yoast SEO plugin. -->","yoast_head_json":{"title":"Skrzynia bieg\u00f3w do wyboru skrzyni bieg\u00f3w i zmiany bieg\u00f3w w autobusach \"Bogdan\" &#187; \u0421ONSYS","robots":{"index":"index","follow":"follow","max-snippet":"max-snippet:-1","max-image-preview":"max-image-preview:large","max-video-preview":"max-video-preview:-1"},"canonical":"https:\/\/consys.com.ua\/ru\/bogdan\/","og_locale":"pl_PL","og_type":"article","og_title":"Skrzynia bieg\u00f3w do wyboru skrzyni bieg\u00f3w i zmiany bieg\u00f3w w autobusach \"Bogdan\" &#187; \u0421ONSYS","og_description":"Dzisiaj firma Control Systems &#8211; ConSys jest gotowa zaoferowa\u0107 jako\u015bciowo nowy produkt &#8211; linka zdalnego sterowania do...","og_url":"https:\/\/consys.com.ua\/ru\/bogdan\/","og_site_name":"\u0421ONSYS","article_modified_time":"2020-03-24T13:03:24+00:00","og_image":[{"url":"http:\/\/consys.com.ua\/wp-content\/uploads\/2013\/02\/b1.gif","type":"","width":"","height":""}],"twitter_card":"summary_large_image","twitter_misc":{"Szacowany czas czytania":"6 minut"},"schema":{"@context":"https:\/\/schema.org","@graph":[{"@type":"WebPage","@id":"https:\/\/consys.com.ua\/ru\/bogdan\/","url":"https:\/\/consys.com.ua\/ru\/bogdan\/","name":"Skrzynia bieg\u00f3w do wyboru skrzyni bieg\u00f3w i zmiany bieg\u00f3w w autobusach \"Bogdan\" &#187; \u0421ONSYS","isPartOf":{"@id":"https:\/\/consys.com.ua\/#website"},"primaryImageOfPage":{"@id":"https:\/\/consys.com.ua\/ru\/bogdan\/#primaryimage"},"image":{"@id":"https:\/\/consys.com.ua\/ru\/bogdan\/#primaryimage"},"thumbnailUrl":"http:\/\/consys.com.ua\/wp-content\/uploads\/2013\/02\/b1.gif","datePublished":"2013-02-07T23:22:41+00:00","dateModified":"2020-03-24T13:03:24+00:00","breadcrumb":{"@id":"https:\/\/consys.com.ua\/ru\/bogdan\/#breadcrumb"},"inLanguage":"pl-PL","potentialAction":[{"@type":"ReadAction","target":["https:\/\/consys.com.ua\/ru\/bogdan\/"]}]},{"@type":"ImageObject","inLanguage":"pl-PL","@id":"https:\/\/consys.com.ua\/ru\/bogdan\/#primaryimage","url":"http:\/\/consys.com.ua\/wp-content\/uploads\/2013\/02\/b1.gif","contentUrl":"http:\/\/consys.com.ua\/wp-content\/uploads\/2013\/02\/b1.gif"},{"@type":"BreadcrumbList","@id":"https:\/\/consys.com.ua\/ru\/bogdan\/#breadcrumb","itemListElement":[{"@type":"ListItem","position":1,"name":"\u0413\u043b\u0430\u0432\u043d\u0430\u044f \u0441\u0442\u0440\u0430\u043d\u0438\u0446\u0430","item":"https:\/\/consys.com.ua\/"},{"@type":"ListItem","position":2,"name":"\u0422\u0440\u043e\u0441\u0430 \u0432\u044b\u0431\u043e\u0440\u0430 \u0438 \u043f\u0435\u0440\u0435\u043a\u043b\u044e\u0447\u0435\u043d\u0438\u044f \u043f\u0435\u0440\u0435\u0434\u0430\u0447 \u041a\u041f\u041f \u0434\u043b\u044f \u0430\u0432\u0442\u043e\u0431\u0443\u0441\u043e\u0432 &#171;\u0411\u043e\u0433\u0434\u0430\u043d&#187;"}]},{"@type":"WebSite","@id":"https:\/\/consys.com.ua\/#website","url":"https:\/\/consys.com.ua\/","name":"\u0421ONSYS","description":"\u00abSystemy Sterowania \u2013 CONSYS\u00bb","publisher":{"@id":"https:\/\/consys.com.ua\/#organization"},"potentialAction":[{"@type":"SearchAction","target":{"@type":"EntryPoint","urlTemplate":"https:\/\/consys.com.ua\/?s={search_term_string}"},"query-input":{"@type":"PropertyValueSpecification","valueRequired":true,"valueName":"search_term_string"}}],"inLanguage":"pl-PL"},{"@type":"Organization","@id":"https:\/\/consys.com.ua\/#organization","name":"\u00ab\u0421\u0438\u0441\u0442\u0435\u043c\u044b \u0443\u043f\u0440\u0430\u0432\u043b\u0435\u043d\u0438\u044f \u2014 \u041a\u043e\u043d\u0441\u0438\u0441\u00bb","url":"https:\/\/consys.com.ua\/","logo":{"@type":"ImageObject","inLanguage":"pl-PL","@id":"https:\/\/consys.com.ua\/#\/schema\/logo\/image\/","url":"http:\/\/consys.com.ua\/wp-content\/uploads\/2020\/04\/consys-logo.png","contentUrl":"http:\/\/consys.com.ua\/wp-content\/uploads\/2020\/04\/consys-logo.png","width":160,"height":56,"caption":"\u00ab\u0421\u0438\u0441\u0442\u0435\u043c\u044b \u0443\u043f\u0440\u0430\u0432\u043b\u0435\u043d\u0438\u044f \u2014 \u041a\u043e\u043d\u0441\u0438\u0441\u00bb"},"image":{"@id":"https:\/\/consys.com.ua\/#\/schema\/logo\/image\/"}}]}},"_links":{"self":[{"href":"https:\/\/consys.com.ua\/pl\/wp-json\/wp\/v2\/pages\/105","targetHints":{"allow":["GET"]}}],"collection":[{"href":"https:\/\/consys.com.ua\/pl\/wp-json\/wp\/v2\/pages"}],"about":[{"href":"https:\/\/consys.com.ua\/pl\/wp-json\/wp\/v2\/types\/page"}],"author":[{"embeddable":true,"href":"https:\/\/consys.com.ua\/pl\/wp-json\/wp\/v2\/users\/2"}],"replies":[{"embeddable":true,"href":"https:\/\/consys.com.ua\/pl\/wp-json\/wp\/v2\/comments?post=105"}],"version-history":[{"count":0,"href":"https:\/\/consys.com.ua\/pl\/wp-json\/wp\/v2\/pages\/105\/revisions"}],"wp:attachment":[{"href":"https:\/\/consys.com.ua\/pl\/wp-json\/wp\/v2\/media?parent=105"}],"curies":[{"name":"wp","href":"https:\/\/api.w.org\/{rel}","templated":true}]}}