{"id":1920,"date":"2020-11-09T14:01:54","date_gmt":"2020-11-09T11:01:54","guid":{"rendered":"http:\/\/consys.com.ua\/?page_id=1920"},"modified":"2020-11-10T10:52:14","modified_gmt":"2020-11-10T07:52:14","slug":"%d0%b4%d0%be%d0%b3%d0%be%d0%b2%d0%be%d1%80-%d0%bf%d1%83%d0%b1%d0%bb%d0%b8%d1%87%d0%bd%d0%be%d0%b9-%d0%be%d1%84%d0%b5%d1%80%d1%82%d1%8b","status":"publish","type":"page","link":"https:\/\/consys.com.ua\/pl\/%d0%b4%d0%be%d0%b3%d0%be%d0%b2%d0%be%d1%80-%d0%bf%d1%83%d0%b1%d0%bb%d0%b8%d1%87%d0%bd%d0%be%d0%b9-%d0%be%d1%84%d0%b5%d1%80%d1%82%d1%8b\/","title":{"rendered":"Umowa o ofert\u0119 publiczn\u0105"},"content":{"rendered":"<p>Poni\u017cszy tekst stanowi Umow\u0119 pomi\u0119dzy sklepem internetowym, kt\u00f3rego strona internetowa znajduje si\u0119 w sieci Internet pod adresem www.consys.com.ua, zwanym dalej \u201eSklepem internetowym\u201d, a u\u017cytkownikiem us\u0142ug sklepu internetowego, zwanym dalej \u201eKupuj\u0105cym\u201d i okre\u015bla warunki zakup towar\u00f3w za po\u015brednictwem strony internetowej sklepu internetowego.<\/p>\n<p><strong>1. Postanowienia og\u00f3lne<\/strong><\/p>\n<ul>\n<li>1.1. Niniejsza Umowa jest umow\u0105 oferty publicznej (zgodnie z art. 633, 641 i rozdzia\u0142em 63 Kodeksu Cywilnego Ukrainy), jej warunki s\u0105 takie same dla wszystkich kupuj\u0105cych, niezale\u017cnie od ich statusu (osoba fizyczna, osoba prawna, osoba fizyczna &#8211; przedsi\u0119biorca).<\/li>\n<li>1.2. W przypadku akceptacji warunk\u00f3w niniejszej Umowy, czyli oferty publicznej sklepu internetowego, u\u017cytkownik staje si\u0119 Kupuj\u0105cym.<\/li>\n<\/ul>\n<p>&nbsp;<\/p>\n<p><strong>2. Poj\u0119cia i definicje<\/strong><\/p>\n<ul>\n<li>2.1. <strong>\u201eSprzedawca\u201d<\/strong> &#8211; firma zajmuj\u0105ca si\u0119 sprzeda\u017c\u0105 towar\u00f3w prezentowanych w sklepie internetowym.<\/li>\n<li>2.2. <strong>\u201eSklep internetowy\u201d<\/strong> reprezentowany przez PKP \u201eManagement Systems &#8211; Consis\u201d, za\u0142o\u017cony zgodnie z Prawodawstwem Ukrainy, kod EDRPOU 31765778, prowadzi stron\u0119 internetow\u0105 znajduj\u0105c\u0105 si\u0119 w Internecie pod adresem www.consys.com.ua<\/li>\n<li>2.3. <strong>\u201eProdukt\u201d<\/strong> &#8211; lista produkt\u00f3w publikowana jest na stronie sklepu internetowego.<\/li>\n<li>2.4. <strong>\u201eKupuj\u0105cy\u201d<\/strong> &#8211; osoba fizyczna, kt\u00f3ra uko\u0144czy\u0142a 18 lat, uzyskuje informacje ze sklepu internetowego, sk\u0142ada zam\u00f3wienie i kupuje towary prezentowane na stronie sklepu internetowego w celach niezwi\u0105zanych z realizacj\u0105 dzia\u0142alno\u015bci gospodarczej lub osoba prawna \/ indywidualny przedsi\u0119biorca.<\/li>\n<li>2.5. <strong>\u201eZam\u00f3wienie\u201d<\/strong> &#8211; zosta\u0142o wype\u0142nione i z\u0142o\u017cone skierowane do sklepu internetowego zg\u0142oszenie Kupuj\u0105cego do zakupu i dostawy Towaru w jego imieniu i na jego rzecz.<\/li>\n<li>2.6.<strong> \u201eWitryna\u201d<\/strong> &#8211; zbi\u00f3r stron, do kt\u00f3rych dost\u0119p odbywa si\u0119 za pomoc\u0105 przegl\u0105darki internetowej oraz modu\u0142\u00f3w programowych, po\u0142\u0105czonych jednym systemem sterowania, znajduj\u0105cym si\u0119 w Internecie pod adresem www.consys.com.ua i zawieraj\u0105cym wszelkie oznaki publicznej oferty sprzeda\u017cy towar\u00f3w.<\/li>\n<\/ul>\n<p>&nbsp;<\/p>\n<p><strong>3. Przedmiot Umowy<\/strong><\/p>\n<ul type=\"disc\">\n<li>3.1.\u00a0Sprzedawca zobowi\u0105zuje si\u0119 do przekazania Towaru Kupuj\u0105cemu, a Kupuj\u0105cy zobowi\u0105zuje si\u0119 zap\u0142aci\u0107 za Towar i przyj\u0105\u0107 go zgodnie z warunkami niniejszej Umowy.<\/li>\n<li>3.2. Niniejsza Umowa reguluje zakup i sprzeda\u017c towar\u00f3w w Sklepie Internetowym, w tym:\n<ul type=\"disc\">\n<li>dobrowolny wyb\u00f3r przez Kupuj\u0105cego towar\u00f3w w Sklepie internetowym;<\/li>\n<li>samodzielna rejestracja przez Kupuj\u0105cego zam\u00f3wienia w Sklepie Internetowym;<\/li>\n<li>op\u0142acenie przez Kupuj\u0105cego zam\u00f3wienia z\u0142o\u017conego w Sklepie Internetowym;<\/li>\n<li>realizacja i dostawa zam\u00f3wienia do Kupuj\u0105cego w nieruchomo\u015bci na warunkach okre\u015blonych w niniejszej Umowie.<\/li>\n<\/ul>\n<\/li>\n<\/ul>\n<p>&nbsp;<\/p>\n<p><strong>4. Kolejno\u015b\u0107 rejestracji zam\u00f3wienia<\/strong><\/p>\n<ul type=\"disc\">\n<li>4.1.\u00a0Kupuj\u0105cy sk\u0142ada zam\u00f3wienie w sklepie internetowym poprzez \u201eformularz do koszyka\u201d lub sk\u0142adaj\u0105c zam\u00f3wienie e-mailem lub telefonicznie podanym w dziale kontakt sklepu internetowego.<\/li>\n<li>4.2.\u00a0Termin realizacji zam\u00f3wienia w ci\u0105gu jednego dnia roboczego od momentu rejestracji zg\u0142oszenia.\u00a0Je\u017celi zam\u00f3wienie sk\u0142adane jest na weekend lub \u015bwi\u0119to, termin formacji rozpoczyna si\u0119 w pierwszy dzie\u0144 roboczy po weekendzie.<\/li>\n<\/ul>\n<p>&nbsp;<\/p>\n<p><strong>5. Kolejno\u015b\u0107 zap\u0142aty za zam\u00f3wienie<\/strong><\/p>\n<ul type=\"disc\">\n<li>5.1.\u00a0Kupuj\u0105cy p\u0142aci za Zam\u00f3wienie korzystaj\u0105c z us\u0142ug \u015bwiadczonych przez sklep.\u00a0Przeczytaj wi\u0119cej o metodach p\u0142atno\u015bci\u00a0<a href=\"http:\/\/consys.com.ua\/pl\/%d0%b8%d0%bd%d1%84%d0%be%d1%80%d0%bc%d0%b0%d1%86%d0%b8%d1%8f-%d0%be%d0%b1-%d0%be%d0%bf%d0%bb%d0%b0%d1%82%d0%b5\/\">tutaj<\/a><\/li>\n<li>5.2.\u00a0Spos\u00f3b p\u0142atno\u015bci jest wybierany przez kupuj\u0105cego przy wyborze towaru i mo\u017ce by\u0107 ustalony z przedstawicielem sklepu internetowego.<\/li>\n<\/ul>\n<p>&nbsp;<\/p>\n<p><strong>6. Termin, koszt i warunki dostawy zam\u00f3wienia<\/strong><\/p>\n<ul type=\"disc\">\n<li>6.1\u00a0.\u00a0Na ca\u0142kowity czas dostawy towaru sk\u0142ada si\u0119 czas realizacji zam\u00f3wienia oraz czas dostawy.\u00a0Czas realizacji zam\u00f3wienia &#8211; od jednego do dw\u00f3ch dni roboczych.\u00a0Sposoby dostawy s\u0105 szczeg\u00f3\u0142owo opisane w sekcji strony \u201eInformacje o dostawie\u201d.\u00a0Czas dostawy od adresu rozliczenia oraz wybranego sposobu dostawy.\u00a0Wi\u0119cej o dostawie\u00a0<a href=\"http:\/\/consys.com.ua\/pl\/%d0%be-%d0%b4%d0%be%d1%81%d1%82%d0%b0%d0%b2%d0%ba%d0%b5\/\">tutaj<\/a><\/li>\n<li>\u00a06.2\u00a0.\u00a0Przy zamawianiu partii hurtowych terminy i sposoby dostawy s\u0105 ka\u017cdorazowo uzgadniane oddzielnie.<\/li>\n<li>6.3.\u00a0Sprzedawca nie ponosi odpowiedzialno\u015bci za czas realizacji zam\u00f3wienia, gdy\u017c s\u0105 one uzale\u017cnione od dzia\u0142a\u0144 os\u00f3b trzecich (przewo\u017anik\u00f3w).<\/li>\n<\/ul>\n<p>&nbsp;<\/p>\n<p><strong>7. Prawa i obowi\u0105zki stron<\/strong><\/p>\n<ul type=\"disc\">\n<li>7.1.\u00a0Sprzedawca musi:\n<ul type=\"disc\">\n<li>przestrzega\u0107 warunk\u00f3w niniejszej Umowy;<\/li>\n<li>realizacji zam\u00f3wienia Kupuj\u0105cego w przypadku zap\u0142aty od Kupuj\u0105cego;<\/li>\n<li>przekaza\u0107 Kupuj\u0105cemu towar zgodnie z wybran\u0105 pr\u00f3bk\u0105 w sklepie internetowym, zam\u00f3wieniem oraz warunkami niniejszej umowy.<\/li>\n<li>sprawdzi\u0107 cechy jako\u015bciowe i ilo\u015bciowe towaru podczas jego pakowania w magazynie Sprzedawcy.<\/li>\n<\/ul>\n<\/li>\n<li>7.2.\u00a0Sprzedawca ma prawo:\n<ul type=\"disc\">\n<li>jednostronnie zaprzesta\u0107 \u015bwiadczenia us\u0142ug wynikaj\u0105cych z niniejszej umowy w przypadku naruszenia przez Kupuj\u0105cego warunk\u00f3w tej umowy.<\/li>\n<\/ul>\n<\/li>\n<li>7.3.\u00a0Kupuj\u0105cy musi:\n<ul type=\"disc\">\n<li>terminowo p\u0142aci\u0107 i otrzymywa\u0107 zam\u00f3wienia zgodnie z warunkami niniejszej umowy.<\/li>\n<\/ul>\n<\/li>\n<li>7.4.\u00a0Kupuj\u0105cy ma prawo do:\n<ul type=\"disc\">\n<li>z\u0142o\u017cy\u0107 zam\u00f3wienie w sklepie internetowym;<\/li>\n<li>wymaga\u0107 od Sprzedawcy przestrzegania warunk\u00f3w niniejszej Umowy.<\/li>\n<li>dokona\u0107 zwrotu towaru na warunkach okre\u015blonych\u00a0<a href=\"http:\/\/consys.com.ua\/%d1%83%d1%81%d0%bb%d0%be%d0%b2%d0%b8%d1%8f-%d0%b2%d0%be%d0%b7%d0%b2%d1%80%d0%b0%d1%82%d0%b0-%d0%b8-%d0%be%d0%b1%d0%bc%d0%b5%d0%bd%d0%b0-%d1%82%d0%be%d0%b2%d0%b0%d1%80%d0%b0\/\">tutaj<\/a><\/li>\n<\/ul>\n<\/li>\n<\/ul>\n<p>&nbsp;<\/p>\n<p><strong>8. Odpowiedzialno\u015b\u0107 stron<\/strong><\/p>\n<ul type=\"disc\">\n<li>8.1.\u00a0Strony ponosz\u0105 odpowiedzialno\u015b\u0107 za niewykonanie lub nienale\u017cyte wykonanie warunk\u00f3w niniejszej umowy w spos\u00f3b okre\u015blony w niniejszej umowie i obowi\u0105zuj\u0105cym ustawodawstwie Ukrainy.<\/li>\n<li>8.2.\u00a0Sprzedawca nie ponosi odpowiedzialno\u015bci za:\n<ul type=\"disc\">\n<li>za rozbie\u017cno\u015b\u0107 w skali kolorystycznej towaru, kt\u00f3ra mo\u017ce r\u00f3\u017cni\u0107 si\u0119 od zdj\u0119cia na odpowiedniej stronie sklepu;<\/li>\n<li>za tre\u015b\u0107 i prawdziwo\u015b\u0107 informacji podanych przez Kupuj\u0105cego podczas sk\u0142adania zam\u00f3wienia;<\/li>\n<li>za op\u00f3\u017anienia i przerwy w \u015bwiadczeniu Us\u0142ug (realizacja zam\u00f3wie\u0144 i dostawa towar\u00f3w), kt\u00f3re powsta\u0142y z przyczyn od niej niezale\u017cnych;<\/li>\n<li>za niezgodne z prawem dzia\u0142ania Kupuj\u0105cego za po\u015brednictwem tego dost\u0119pu do Internetu;<\/li>\n<li>przekazywania przez Kupuj\u0105cego jego identyfikator\u00f3w sieciowych &#8211; IP, adres\u00f3w MAC, loginu i has\u0142a osobom trzecim;<\/li>\n<\/ul>\n<\/li>\n<li>8.3.\u00a0Kupuj\u0105cy, korzystaj\u0105c z udost\u0119pnionego mu dost\u0119pu do Internetu, ponosi samodzielnie odpowiedzialno\u015b\u0107 za szkody wyrz\u0105dzone swoim dzia\u0142aniem (osobi\u015bcie, nawet je\u015bli inna osoba by\u0142a pod jego loginem) wobec os\u00f3b lub ich mienia, os\u00f3b prawnych, stanu lub moralno\u015bci.<\/li>\n<li>8.4.\u00a0W przypadku dzia\u0142ania si\u0142y wy\u017cszej strony s\u0105 zwolnione z warunk\u00f3w niniejszej umowy.\u00a0Si\u0142a wy\u017csza dla cel\u00f3w niniejszej Umowy oznacza zdarzenia o nadzwyczajnym, nieprzewidzianym charakterze, kt\u00f3re wykluczaj\u0105 lub obiektywnie utrudniaj\u0105 wykonanie niniejszej Umowy, kt\u00f3rych wyst\u0105pienie Strony nie mog\u0142y przewidzie\u0107 i zapobiec za pomoc\u0105 rozs\u0105dnych \u015brodk\u00f3w.<\/li>\n<li>8.5.\u00a0Strony do\u0142o\u017c\u0105 wszelkich stara\u0144, aby wszelkie r\u00f3\u017cnice rozstrzyga\u0107 wy\u0142\u0105cznie w drodze negocjacji.<\/li>\n<\/ul>\n<p>&nbsp;<\/p>\n<p><strong>9. Inne warunki<\/strong><\/p>\n<ul type=\"disc\">\n<li>9.1.\u00a0Sklep internetowy zastrzega sobie prawo do jednostronnej zmiany niniejszej umowy pod warunkiem jej uprzedniej publikacji na stronie\u00a0<strong><a href=\"http:\/\/consys.com.ua\/\" target=\"_blank\" rel=\"noopener noreferrer\">www.consys.com.ua<\/a><\/strong><\/li>\n<li>9.2.\u00a0Sklep internetowy ma na celu zorganizowanie zdalnej sprzeda\u017cy towar\u00f3w przez Internet.<\/li>\n<li>9.3.\u00a0Kupuj\u0105cy jest odpowiedzialny za dok\u0142adno\u015b\u0107 informacji podanych w zam\u00f3wieniu.\u00a0W takim przypadku Kupuj\u0105cy po akceptacji (z\u0142o\u017ceniu zam\u00f3wienia i p\u00f3\u017aniejszej p\u0142atno\u015bci za towar) wyra\u017ca zgod\u0119 na gromadzenie, przetwarzanie, przechowywanie, wykorzystywanie jego danych osobowych w rozumieniu ustawy \u201eo ochronie danych osobowych\u201d.<\/li>\n<li>9.4.\u00a0P\u0142atno\u015b\u0107 przez Kupuj\u0105cego za zam\u00f3wienie z\u0142o\u017cone w Sklepie Internetowym oznacza pe\u0142n\u0105 zgod\u0119 Kupuj\u0105cego na warunki umowy sprzeda\u017cy (oferta publiczna) i jest faktyczn\u0105 dat\u0105 zawarcia Umowy sprzeda\u017cy pomi\u0119dzy Kupuj\u0105cym a Sprzedawc\u0105.<\/li>\n<li>9.5.\u00a0Korzystanie z zasob\u00f3w sklepu internetowego w celu podgl\u0105du towaru, a tak\u017ce z\u0142o\u017cenia zam\u00f3wienia dla Kupuj\u0105cego jest bezp\u0142atne.<\/li>\n<li>9.6.\u00a0Informacje podane przez Kupuj\u0105cego s\u0105 poufne.\u00a0Sklep internetowy wykorzystuje informacje o Kupuj\u0105cym wy\u0142\u0105cznie w celu realizacji zam\u00f3wienia, wysy\u0142ania wiadomo\u015bci do Kupuj\u0105cego, dostawy towar\u00f3w, rozlicze\u0144 itp.<\/li>\n<\/ul>\n<p>&nbsp;<\/p>\n<p><strong>10. Okres obowi\u0105zywania umowy<\/strong><\/p>\n<ul type=\"disc\">\n<li>10.1\u00a0.\u00a0Niniejsza umowa wchodzi w \u017cycie z chwil\u0105 dokonania przez Kupuj\u0105cego 100% przedp\u0142aty (akceptacji) zam\u00f3wienia i obowi\u0105zuje do momentu ca\u0142kowitego wywi\u0105zania si\u0119 przez strony ze zobowi\u0105za\u0144, za wyj\u0105tkiem przypadk\u00f3w jej wcze\u015bniejszego rozwi\u0105zania.<\/li>\n<li>10.2\u00a0.\u00a0Do czasu wyga\u015bni\u0119cia niniejszej Umowy mo\u017ce zosta\u0107 rozwi\u0105zana za obop\u00f3ln\u0105 zgod\u0105 stron do czasu faktycznej dostawy towaru, poprzez zwrot \u015brodk\u00f3w (z wy\u0142\u0105czeniem p\u0142atno\u015bci za us\u0142ugi dostawy) na rachunek karty Kupuj\u0105cego wskazany w pisemnym wniosku.<\/li>\n<li>10.3\u00a0.\u00a0Strony maj\u0105 prawo do jednostronnego rozwi\u0105zania niniejszej umowy w przypadku niewywi\u0105zania si\u0119 przez jedn\u0105 ze stron z warunk\u00f3w niniejszej Umowy oraz w przypadkach przewidzianych przez obowi\u0105zuj\u0105ce ustawodawstwo Ukrainy.<\/li>\n<\/ul>\n<p>&nbsp;<\/p>\n<p><strong>Dane sprzedawcy:<\/strong><\/p>\n<p>Ltd \u2013 PCE \u201cSystems of Control \u2013 CONSYS\u201d<br \/>\nTIN 317657717160<br \/>\nCode USREOU 31765778<br \/>\nIBAN UA43 3223 1300 0002 6000 0000 1419 0<br \/>\nMFIs 322313<\/p>\n<p><b>&#8222;Systems of Control &#8211; ConSys&#8221;<\/b><br \/>\n<span id=\"result_box\" class=\"\" lang=\"pl\"><span class=\"\">ul.<\/span> <span class=\"\">Chernovil 44\/70<\/span><br \/>\n<span class=\"\">33000 Rovno<\/span><br \/>\nUkrainie<\/span><\/p>\n<p><strong>dzia\u0142 sprzeda\u017cy:<\/strong><br \/>\ntel \/ fax: +38 (0362) 623244<\/p>\n<p><strong>Harmonogram:<\/strong><br \/>\nPon-pt: od 10:00 do 18:00<br \/>\nDni wolne: sobota, niedziela<\/p>\n<p><b>e-mail :<\/b><br \/>\n<b><script type=\"text\/javascript\">eval(unescape('%64%6f%63%75%6d%65%6e%74%2e%77%72%69%74%65%28%27%3c%61%20%68%72%65%66%3d%22%6d%61%69%6c%74%6f%3a%69%6e%66%6f%40%63%6f%6e%73%79%73%2e%63%6f%6d%2e%75%61%22%3e%69%6e%66%6f%40%63%6f%6e%73%79%73%2e%63%6f%6d%2e%75%61%3c%2f%61%3e%27%29%3b'))<\/script><\/b><\/p>","protected":false},"excerpt":{"rendered":"<p>Poni\u017cszy tekst stanowi Umow\u0119 pomi\u0119dzy sklepem internetowym, kt\u00f3rego strona internetowa znajduje si\u0119 w sieci Internet pod adresem&#8230;<\/p>\n","protected":false},"author":2,"featured_media":0,"parent":0,"menu_order":0,"comment_status":"closed","ping_status":"closed","template":"","meta":{"footnotes":""},"class_list":["post-1920","page","type-page","status-publish","hentry"],"yoast_head":"<!-- This site is optimized with the Yoast SEO plugin v27.3 - https:\/\/yoast.com\/product\/yoast-seo-wordpress\/ -->\n<title>Umowa o ofert\u0119 publiczn\u0105 &#187; \u0421ONSYS<\/title>\n<meta name=\"robots\" content=\"index, follow, max-snippet:-1, max-image-preview:large, max-video-preview:-1\" \/>\n<link rel=\"canonical\" href=\"https:\/\/consys.com.ua\/\u0434\u043e\u0433\u043e\u0432\u043e\u0440-\u043f\u0443\u0431\u043b\u0438\u0447\u043d\u043e\u0439-\u043e\u0444\u0435\u0440\u0442\u044b\/\" \/>\n<meta property=\"og:locale\" content=\"pl_PL\" \/>\n<meta property=\"og:type\" content=\"article\" \/>\n<meta property=\"og:title\" content=\"Umowa o ofert\u0119 publiczn\u0105 &#187; \u0421ONSYS\" \/>\n<meta property=\"og:description\" content=\"Poni\u017cszy tekst stanowi Umow\u0119 pomi\u0119dzy sklepem internetowym, kt\u00f3rego strona internetowa znajduje si\u0119 w sieci Internet pod adresem...\" \/>\n<meta property=\"og:url\" content=\"https:\/\/consys.com.ua\/\u0434\u043e\u0433\u043e\u0432\u043e\u0440-\u043f\u0443\u0431\u043b\u0438\u0447\u043d\u043e\u0439-\u043e\u0444\u0435\u0440\u0442\u044b\/\" \/>\n<meta property=\"og:site_name\" content=\"\u0421ONSYS\" \/>\n<meta property=\"article:modified_time\" content=\"2020-11-10T07:52:14+00:00\" \/>\n<meta name=\"twitter:card\" content=\"summary_large_image\" \/>\n<meta name=\"twitter:label1\" content=\"Szacowany czas czytania\" \/>\n\t<meta name=\"twitter:data1\" content=\"14 minut\" \/>\n<script type=\"application\/ld+json\" class=\"yoast-schema-graph\">{\"@context\":\"https:\\\/\\\/schema.org\",\"@graph\":[{\"@type\":\"WebPage\",\"@id\":\"https:\\\/\\\/consys.com.ua\\\/%d0%b4%d0%be%d0%b3%d0%be%d0%b2%d0%be%d1%80-%d0%bf%d1%83%d0%b1%d0%bb%d0%b8%d1%87%d0%bd%d0%be%d0%b9-%d0%be%d1%84%d0%b5%d1%80%d1%82%d1%8b\\\/\",\"url\":\"https:\\\/\\\/consys.com.ua\\\/%d0%b4%d0%be%d0%b3%d0%be%d0%b2%d0%be%d1%80-%d0%bf%d1%83%d0%b1%d0%bb%d0%b8%d1%87%d0%bd%d0%be%d0%b9-%d0%be%d1%84%d0%b5%d1%80%d1%82%d1%8b\\\/\",\"name\":\"Umowa o ofert\u0119 publiczn\u0105 &#187; \u0421ONSYS\",\"isPartOf\":{\"@id\":\"https:\\\/\\\/consys.com.ua\\\/#website\"},\"datePublished\":\"2020-11-09T11:01:54+00:00\",\"dateModified\":\"2020-11-10T07:52:14+00:00\",\"breadcrumb\":{\"@id\":\"https:\\\/\\\/consys.com.ua\\\/%d0%b4%d0%be%d0%b3%d0%be%d0%b2%d0%be%d1%80-%d0%bf%d1%83%d0%b1%d0%bb%d0%b8%d1%87%d0%bd%d0%be%d0%b9-%d0%be%d1%84%d0%b5%d1%80%d1%82%d1%8b\\\/#breadcrumb\"},\"inLanguage\":\"pl-PL\",\"potentialAction\":[{\"@type\":\"ReadAction\",\"target\":[\"https:\\\/\\\/consys.com.ua\\\/%d0%b4%d0%be%d0%b3%d0%be%d0%b2%d0%be%d1%80-%d0%bf%d1%83%d0%b1%d0%bb%d0%b8%d1%87%d0%bd%d0%be%d0%b9-%d0%be%d1%84%d0%b5%d1%80%d1%82%d1%8b\\\/\"]}]},{\"@type\":\"BreadcrumbList\",\"@id\":\"https:\\\/\\\/consys.com.ua\\\/%d0%b4%d0%be%d0%b3%d0%be%d0%b2%d0%be%d1%80-%d0%bf%d1%83%d0%b1%d0%bb%d0%b8%d1%87%d0%bd%d0%be%d0%b9-%d0%be%d1%84%d0%b5%d1%80%d1%82%d1%8b\\\/#breadcrumb\",\"itemListElement\":[{\"@type\":\"ListItem\",\"position\":1,\"name\":\"\u0413\u043b\u0430\u0432\u043d\u0430\u044f \u0441\u0442\u0440\u0430\u043d\u0438\u0446\u0430\",\"item\":\"https:\\\/\\\/consys.com.ua\\\/\"},{\"@type\":\"ListItem\",\"position\":2,\"name\":\"\u0414\u043e\u0433\u043e\u0432\u0456\u0440 \u043f\u0443\u0431\u043b\u0456\u0447\u043d\u043e\u0457 \u043e\u0444\u0435\u0440\u0442\u0438\"}]},{\"@type\":\"WebSite\",\"@id\":\"https:\\\/\\\/consys.com.ua\\\/#website\",\"url\":\"https:\\\/\\\/consys.com.ua\\\/\",\"name\":\"\u0421ONSYS\",\"description\":\"\u00abSystemy Sterowania \u2013 CONSYS\u00bb\",\"publisher\":{\"@id\":\"https:\\\/\\\/consys.com.ua\\\/#organization\"},\"potentialAction\":[{\"@type\":\"SearchAction\",\"target\":{\"@type\":\"EntryPoint\",\"urlTemplate\":\"https:\\\/\\\/consys.com.ua\\\/?s={search_term_string}\"},\"query-input\":{\"@type\":\"PropertyValueSpecification\",\"valueRequired\":true,\"valueName\":\"search_term_string\"}}],\"inLanguage\":\"pl-PL\"},{\"@type\":\"Organization\",\"@id\":\"https:\\\/\\\/consys.com.ua\\\/#organization\",\"name\":\"\u00ab\u0421\u0438\u0441\u0442\u0435\u043c\u044b \u0443\u043f\u0440\u0430\u0432\u043b\u0435\u043d\u0438\u044f \u2014 \u041a\u043e\u043d\u0441\u0438\u0441\u00bb\",\"url\":\"https:\\\/\\\/consys.com.ua\\\/\",\"logo\":{\"@type\":\"ImageObject\",\"inLanguage\":\"pl-PL\",\"@id\":\"https:\\\/\\\/consys.com.ua\\\/#\\\/schema\\\/logo\\\/image\\\/\",\"url\":\"http:\\\/\\\/consys.com.ua\\\/wp-content\\\/uploads\\\/2020\\\/04\\\/consys-logo.png\",\"contentUrl\":\"http:\\\/\\\/consys.com.ua\\\/wp-content\\\/uploads\\\/2020\\\/04\\\/consys-logo.png\",\"width\":160,\"height\":56,\"caption\":\"\u00ab\u0421\u0438\u0441\u0442\u0435\u043c\u044b \u0443\u043f\u0440\u0430\u0432\u043b\u0435\u043d\u0438\u044f \u2014 \u041a\u043e\u043d\u0441\u0438\u0441\u00bb\"},\"image\":{\"@id\":\"https:\\\/\\\/consys.com.ua\\\/#\\\/schema\\\/logo\\\/image\\\/\"}}]}<\/script>\n<!-- \/ Yoast SEO plugin. -->","yoast_head_json":{"title":"Umowa o ofert\u0119 publiczn\u0105 &#187; \u0421ONSYS","robots":{"index":"index","follow":"follow","max-snippet":"max-snippet:-1","max-image-preview":"max-image-preview:large","max-video-preview":"max-video-preview:-1"},"canonical":"https:\/\/consys.com.ua\/\u0434\u043e\u0433\u043e\u0432\u043e\u0440-\u043f\u0443\u0431\u043b\u0438\u0447\u043d\u043e\u0439-\u043e\u0444\u0435\u0440\u0442\u044b\/","og_locale":"pl_PL","og_type":"article","og_title":"Umowa o ofert\u0119 publiczn\u0105 &#187; \u0421ONSYS","og_description":"Poni\u017cszy tekst stanowi Umow\u0119 pomi\u0119dzy sklepem internetowym, kt\u00f3rego strona internetowa znajduje si\u0119 w sieci Internet pod adresem...","og_url":"https:\/\/consys.com.ua\/\u0434\u043e\u0433\u043e\u0432\u043e\u0440-\u043f\u0443\u0431\u043b\u0438\u0447\u043d\u043e\u0439-\u043e\u0444\u0435\u0440\u0442\u044b\/","og_site_name":"\u0421ONSYS","article_modified_time":"2020-11-10T07:52:14+00:00","twitter_card":"summary_large_image","twitter_misc":{"Szacowany czas czytania":"14 minut"},"schema":{"@context":"https:\/\/schema.org","@graph":[{"@type":"WebPage","@id":"https:\/\/consys.com.ua\/%d0%b4%d0%be%d0%b3%d0%be%d0%b2%d0%be%d1%80-%d0%bf%d1%83%d0%b1%d0%bb%d0%b8%d1%87%d0%bd%d0%be%d0%b9-%d0%be%d1%84%d0%b5%d1%80%d1%82%d1%8b\/","url":"https:\/\/consys.com.ua\/%d0%b4%d0%be%d0%b3%d0%be%d0%b2%d0%be%d1%80-%d0%bf%d1%83%d0%b1%d0%bb%d0%b8%d1%87%d0%bd%d0%be%d0%b9-%d0%be%d1%84%d0%b5%d1%80%d1%82%d1%8b\/","name":"Umowa o ofert\u0119 publiczn\u0105 &#187; \u0421ONSYS","isPartOf":{"@id":"https:\/\/consys.com.ua\/#website"},"datePublished":"2020-11-09T11:01:54+00:00","dateModified":"2020-11-10T07:52:14+00:00","breadcrumb":{"@id":"https:\/\/consys.com.ua\/%d0%b4%d0%be%d0%b3%d0%be%d0%b2%d0%be%d1%80-%d0%bf%d1%83%d0%b1%d0%bb%d0%b8%d1%87%d0%bd%d0%be%d0%b9-%d0%be%d1%84%d0%b5%d1%80%d1%82%d1%8b\/#breadcrumb"},"inLanguage":"pl-PL","potentialAction":[{"@type":"ReadAction","target":["https:\/\/consys.com.ua\/%d0%b4%d0%be%d0%b3%d0%be%d0%b2%d0%be%d1%80-%d0%bf%d1%83%d0%b1%d0%bb%d0%b8%d1%87%d0%bd%d0%be%d0%b9-%d0%be%d1%84%d0%b5%d1%80%d1%82%d1%8b\/"]}]},{"@type":"BreadcrumbList","@id":"https:\/\/consys.com.ua\/%d0%b4%d0%be%d0%b3%d0%be%d0%b2%d0%be%d1%80-%d0%bf%d1%83%d0%b1%d0%bb%d0%b8%d1%87%d0%bd%d0%be%d0%b9-%d0%be%d1%84%d0%b5%d1%80%d1%82%d1%8b\/#breadcrumb","itemListElement":[{"@type":"ListItem","position":1,"name":"\u0413\u043b\u0430\u0432\u043d\u0430\u044f \u0441\u0442\u0440\u0430\u043d\u0438\u0446\u0430","item":"https:\/\/consys.com.ua\/"},{"@type":"ListItem","position":2,"name":"\u0414\u043e\u0433\u043e\u0432\u0456\u0440 \u043f\u0443\u0431\u043b\u0456\u0447\u043d\u043e\u0457 \u043e\u0444\u0435\u0440\u0442\u0438"}]},{"@type":"WebSite","@id":"https:\/\/consys.com.ua\/#website","url":"https:\/\/consys.com.ua\/","name":"\u0421ONSYS","description":"\u00abSystemy Sterowania \u2013 CONSYS\u00bb","publisher":{"@id":"https:\/\/consys.com.ua\/#organization"},"potentialAction":[{"@type":"SearchAction","target":{"@type":"EntryPoint","urlTemplate":"https:\/\/consys.com.ua\/?s={search_term_string}"},"query-input":{"@type":"PropertyValueSpecification","valueRequired":true,"valueName":"search_term_string"}}],"inLanguage":"pl-PL"},{"@type":"Organization","@id":"https:\/\/consys.com.ua\/#organization","name":"\u00ab\u0421\u0438\u0441\u0442\u0435\u043c\u044b \u0443\u043f\u0440\u0430\u0432\u043b\u0435\u043d\u0438\u044f \u2014 \u041a\u043e\u043d\u0441\u0438\u0441\u00bb","url":"https:\/\/consys.com.ua\/","logo":{"@type":"ImageObject","inLanguage":"pl-PL","@id":"https:\/\/consys.com.ua\/#\/schema\/logo\/image\/","url":"http:\/\/consys.com.ua\/wp-content\/uploads\/2020\/04\/consys-logo.png","contentUrl":"http:\/\/consys.com.ua\/wp-content\/uploads\/2020\/04\/consys-logo.png","width":160,"height":56,"caption":"\u00ab\u0421\u0438\u0441\u0442\u0435\u043c\u044b \u0443\u043f\u0440\u0430\u0432\u043b\u0435\u043d\u0438\u044f \u2014 \u041a\u043e\u043d\u0441\u0438\u0441\u00bb"},"image":{"@id":"https:\/\/consys.com.ua\/#\/schema\/logo\/image\/"}}]}},"_links":{"self":[{"href":"https:\/\/consys.com.ua\/pl\/wp-json\/wp\/v2\/pages\/1920","targetHints":{"allow":["GET"]}}],"collection":[{"href":"https:\/\/consys.com.ua\/pl\/wp-json\/wp\/v2\/pages"}],"about":[{"href":"https:\/\/consys.com.ua\/pl\/wp-json\/wp\/v2\/types\/page"}],"author":[{"embeddable":true,"href":"https:\/\/consys.com.ua\/pl\/wp-json\/wp\/v2\/users\/2"}],"replies":[{"embeddable":true,"href":"https:\/\/consys.com.ua\/pl\/wp-json\/wp\/v2\/comments?post=1920"}],"version-history":[{"count":0,"href":"https:\/\/consys.com.ua\/pl\/wp-json\/wp\/v2\/pages\/1920\/revisions"}],"wp:attachment":[{"href":"https:\/\/consys.com.ua\/pl\/wp-json\/wp\/v2\/media?parent=1920"}],"curies":[{"name":"wp","href":"https:\/\/api.w.org\/{rel}","templated":true}]}}