{"id":1923,"date":"2020-11-09T15:15:21","date_gmt":"2020-11-09T12:15:21","guid":{"rendered":"http:\/\/consys.com.ua\/?page_id=1923"},"modified":"2020-11-09T17:01:39","modified_gmt":"2020-11-09T14:01:39","slug":"%d1%83%d1%81%d0%bb%d0%be%d0%b2%d0%b8%d1%8f-%d0%b2%d0%be%d0%b7%d0%b2%d1%80%d0%b0%d1%82%d0%b0-%d0%b8-%d0%be%d0%b1%d0%bc%d0%b5%d0%bd%d0%b0-%d1%82%d0%be%d0%b2%d0%b0%d1%80%d0%b0","status":"publish","type":"page","link":"https:\/\/consys.com.ua\/pl\/%d1%83%d1%81%d0%bb%d0%be%d0%b2%d0%b8%d1%8f-%d0%b2%d0%be%d0%b7%d0%b2%d1%80%d0%b0%d1%82%d0%b0-%d0%b8-%d0%be%d0%b1%d0%bc%d0%b5%d0%bd%d0%b0-%d1%82%d0%be%d0%b2%d0%b0%d1%80%d0%b0\/","title":{"rendered":"Warunki zwrotu i wymiany towaru"},"content":{"rendered":"<p>Nale\u017cy pami\u0119ta\u0107, \u017ce produkty zakupione w naszym sklepie internetowym przyjmowane s\u0105 do zwrotu tylko w sklepie internetowym. Zwroty nie b\u0119d\u0105 przyjmowane u naszych dealer\u00f3w ani w partnerskich sklepach detalicznych.<\/p>\n<p>Istnieje mo\u017cliwo\u015b\u0107 wymiany lub zwrotu towaru w ci\u0105gu 14 dni, licz\u0105c od dnia zakupu (produkt nie odpowiada parametrom technicznym produktu opisanym w naszym sklepie internetowym). Prawo to gwarantuje Ci ustawa o ochronie konsument\u00f3w.<\/p>\n<p><strong>Aby m\u00f3c wymieni\u0107 lub zwr\u00f3ci\u0107 przedmiot, upewnij si\u0119, \u017ce:<\/strong><\/p>\n<ul>\n<li>produkt nie by\u0142 u\u017cywany, zachowano jego prezentacj\u0119, w\u0142a\u015bciwo\u015bci konsumenckie, produkt nie nosi \u015blad\u00f3w u\u017cytkowania: zarysowa\u0144, otar\u0107, uszkodze\u0144 mechanicznych (produkt w stanie w momencie przekazania kupuj\u0105cemu)<\/li>\n<li>produkt w pe\u0142ni skompletowany i nienaruszone integralno\u015b\u0107 markowego opakowania, wszystkie etykiety, folie ochronne w pe\u0142ni zachowane, oznakowanie fabryczne zachowane (produkt w stanie w momencie przekazania kupuj\u0105cemu)<\/li>\n<\/ul>\n<p><strong>Jak mog\u0119 wymieni\u0107 lub zwr\u00f3ci\u0107 przedmiot?<\/strong><\/p>\n<p>Mo\u017cesz wymieni\u0107 lub zwr\u00f3ci\u0107 produkt wype\u0142niaj\u0105c formularz lub kontaktuj\u0105c si\u0119 z nami pod kontaktami na ko\u0144cu tej strony. W formularzu prosimy o szczeg\u00f3\u0142owe sprecyzowanie, jak\u0105 wad\u0119 zawiera zwracany produkt. W ci\u0105gu jednego dnia roboczego kierownik skontaktuje si\u0119 z Tob\u0105 w celu wyja\u015bnienia informacji, opcji dostawy zwracanych towar\u00f3w i innych pyta\u0144.<\/p>\n<p>Pieni\u0105dze zostan\u0105 zwr\u00f3cone kupuj\u0105cemu w ci\u0105gu 7 dni od momentu otrzymania przez nas towaru.<\/p>\n<p>Je\u017celi w momencie wymiany podobny produkt nie jest w sprzeda\u017cy, mo\u017cna zakupi\u0107 dowolne inne produkty z asortymentu jaki posiadamy po odpowiednim przeliczeniu kosztu lub odzyska\u0107 pieni\u0105dze w wysoko\u015bci kosztu zwracanego produktu lub wymieni\u0107 produkt na podobny przy pierwszym odbiorze odpowiedni produkt do sprzeda\u017cy.<\/p>\n<p>Zwracamy uwag\u0119 na fakt, \u017ce w przypadku wymiany lub zwrotu towaru (towar nie pasowa\u0142 zgodnie ze swoimi w\u0142a\u015bciwo\u015bciami technicznymi lub nie mo\u017ce by\u0107 u\u017cywany z innych powod\u00f3w), wszystkie koszty transportu zwi\u0105zane z wymian\u0105 i zwrotem pokrywa kupuj\u0105cy. Bezp\u0142atna wymiana towaru jest mo\u017cliwa wy\u0142\u0105cznie w naszym biurze (kontakty poni\u017cej).<\/p>\n<p>Mo\u017cesz r\u00f3wnie\u017c zapozna\u0107 si\u0119 z umow\u0105 o <a href=\"http:\/\/consys.com.ua\/%D0%B4%D0%BE%D0%B3%D0%BE%D0%B2%D0%BE%D1%80-%D0%BF%D1%83%D0%B1%D0%BB%D0%B8%D1%87%D0%BD%D0%BE%D0%B9-%D0%BE%D1%84%D0%B5%D1%80%D1%82%D1%8B\/\">ofert\u0119 publiczn\u0105<\/a><\/p>\n<p><b>&#8222;Systems of Control &#8211; ConSys&#8221;<\/b><br \/>\n<strong>\u00abSystemy Sterowania \u2013 ConSys\u00bb<\/strong><\/p>\n<p><span id=\"result_box\" class=\"\" lang=\"pl\"><span class=\"\">ul.<\/span> <span class=\"\">Chernovil 44\/70<\/span><br \/>\n<span class=\"\">33000 Rovno<\/span><br \/>\nUkrainie<\/span><\/p>\n<p><strong>dzia\u0142 sprzeda\u017cy:<\/strong><br \/>\ntel \/ fax: +38 (0362) 623244<\/p>\n<p><strong>Harmonogram:<\/strong><br \/>\nPon-pt: od 10:00 do 18:00<br \/>\nDni wolne: sobota, niedziela<\/p>\n<p><b>e-mail :<\/b><br \/>\n<b><script type=\"text\/javascript\">eval(unescape('%64%6f%63%75%6d%65%6e%74%2e%77%72%69%74%65%28%27%3c%61%20%68%72%65%66%3d%22%6d%61%69%6c%74%6f%3a%69%6e%66%6f%40%63%6f%6e%73%79%73%2e%63%6f%6d%2e%75%61%22%3e%69%6e%66%6f%40%63%6f%6e%73%79%73%2e%63%6f%6d%2e%75%61%3c%2f%61%3e%27%29%3b'))<\/script><\/b><\/p>","protected":false},"excerpt":{"rendered":"<p>Nale\u017cy pami\u0119ta\u0107, \u017ce produkty zakupione w naszym sklepie internetowym przyjmowane s\u0105 do zwrotu tylko w sklepie internetowym&#8230;.<\/p>\n","protected":false},"author":2,"featured_media":0,"parent":0,"menu_order":0,"comment_status":"closed","ping_status":"closed","template":"","meta":{"footnotes":""},"class_list":["post-1923","page","type-page","status-publish","hentry"],"yoast_head":"<!-- This site is optimized with the Yoast SEO plugin v27.3 - https:\/\/yoast.com\/product\/yoast-seo-wordpress\/ -->\n<title>Warunki zwrotu i wymiany towaru &#187; \u0421ONSYS<\/title>\n<meta name=\"robots\" content=\"index, follow, max-snippet:-1, max-image-preview:large, max-video-preview:-1\" \/>\n<link rel=\"canonical\" href=\"https:\/\/consys.com.ua\/en\/\u0443\u0441\u043b\u043e\u0432\u0438\u044f-\u0432\u043e\u0437\u0432\u0440\u0430\u0442\u0430-\u0438-\u043e\u0431\u043c\u0435\u043d\u0430-\u0442\u043e\u0432\u0430\u0440\u0430\/\" \/>\n<meta property=\"og:locale\" content=\"pl_PL\" \/>\n<meta property=\"og:type\" content=\"article\" \/>\n<meta property=\"og:title\" content=\"Warunki zwrotu i wymiany towaru &#187; \u0421ONSYS\" \/>\n<meta property=\"og:description\" content=\"Nale\u017cy pami\u0119ta\u0107, \u017ce produkty zakupione w naszym sklepie internetowym przyjmowane s\u0105 do zwrotu tylko w sklepie internetowym....\" \/>\n<meta property=\"og:url\" content=\"https:\/\/consys.com.ua\/en\/\u0443\u0441\u043b\u043e\u0432\u0438\u044f-\u0432\u043e\u0437\u0432\u0440\u0430\u0442\u0430-\u0438-\u043e\u0431\u043c\u0435\u043d\u0430-\u0442\u043e\u0432\u0430\u0440\u0430\/\" \/>\n<meta property=\"og:site_name\" content=\"\u0421ONSYS\" \/>\n<meta property=\"article:modified_time\" content=\"2020-11-09T14:01:39+00:00\" \/>\n<meta name=\"twitter:card\" content=\"summary_large_image\" \/>\n<meta name=\"twitter:label1\" content=\"Szacowany czas czytania\" \/>\n\t<meta name=\"twitter:data1\" content=\"4 minuty\" \/>\n<script type=\"application\/ld+json\" class=\"yoast-schema-graph\">{\"@context\":\"https:\\\/\\\/schema.org\",\"@graph\":[{\"@type\":\"WebPage\",\"@id\":\"https:\\\/\\\/consys.com.ua\\\/en\\\/%d1%83%d1%81%d0%bb%d0%be%d0%b2%d0%b8%d1%8f-%d0%b2%d0%be%d0%b7%d0%b2%d1%80%d0%b0%d1%82%d0%b0-%d0%b8-%d0%be%d0%b1%d0%bc%d0%b5%d0%bd%d0%b0-%d1%82%d0%be%d0%b2%d0%b0%d1%80%d0%b0\\\/\",\"url\":\"https:\\\/\\\/consys.com.ua\\\/en\\\/%d1%83%d1%81%d0%bb%d0%be%d0%b2%d0%b8%d1%8f-%d0%b2%d0%be%d0%b7%d0%b2%d1%80%d0%b0%d1%82%d0%b0-%d0%b8-%d0%be%d0%b1%d0%bc%d0%b5%d0%bd%d0%b0-%d1%82%d0%be%d0%b2%d0%b0%d1%80%d0%b0\\\/\",\"name\":\"Warunki zwrotu i wymiany towaru &#187; \u0421ONSYS\",\"isPartOf\":{\"@id\":\"https:\\\/\\\/consys.com.ua\\\/#website\"},\"datePublished\":\"2020-11-09T12:15:21+00:00\",\"dateModified\":\"2020-11-09T14:01:39+00:00\",\"breadcrumb\":{\"@id\":\"https:\\\/\\\/consys.com.ua\\\/en\\\/%d1%83%d1%81%d0%bb%d0%be%d0%b2%d0%b8%d1%8f-%d0%b2%d0%be%d0%b7%d0%b2%d1%80%d0%b0%d1%82%d0%b0-%d0%b8-%d0%be%d0%b1%d0%bc%d0%b5%d0%bd%d0%b0-%d1%82%d0%be%d0%b2%d0%b0%d1%80%d0%b0\\\/#breadcrumb\"},\"inLanguage\":\"pl-PL\",\"potentialAction\":[{\"@type\":\"ReadAction\",\"target\":[\"https:\\\/\\\/consys.com.ua\\\/en\\\/%d1%83%d1%81%d0%bb%d0%be%d0%b2%d0%b8%d1%8f-%d0%b2%d0%be%d0%b7%d0%b2%d1%80%d0%b0%d1%82%d0%b0-%d0%b8-%d0%be%d0%b1%d0%bc%d0%b5%d0%bd%d0%b0-%d1%82%d0%be%d0%b2%d0%b0%d1%80%d0%b0\\\/\"]}]},{\"@type\":\"BreadcrumbList\",\"@id\":\"https:\\\/\\\/consys.com.ua\\\/en\\\/%d1%83%d1%81%d0%bb%d0%be%d0%b2%d0%b8%d1%8f-%d0%b2%d0%be%d0%b7%d0%b2%d1%80%d0%b0%d1%82%d0%b0-%d0%b8-%d0%be%d0%b1%d0%bc%d0%b5%d0%bd%d0%b0-%d1%82%d0%be%d0%b2%d0%b0%d1%80%d0%b0\\\/#breadcrumb\",\"itemListElement\":[{\"@type\":\"ListItem\",\"position\":1,\"name\":\"\u0413\u043b\u0430\u0432\u043d\u0430\u044f \u0441\u0442\u0440\u0430\u043d\u0438\u0446\u0430\",\"item\":\"https:\\\/\\\/consys.com.ua\\\/\"},{\"@type\":\"ListItem\",\"position\":2,\"name\":\"Terms of return and exchange of goods\"}]},{\"@type\":\"WebSite\",\"@id\":\"https:\\\/\\\/consys.com.ua\\\/#website\",\"url\":\"https:\\\/\\\/consys.com.ua\\\/\",\"name\":\"\u0421ONSYS\",\"description\":\"\u00abSystemy Sterowania \u2013 CONSYS\u00bb\",\"publisher\":{\"@id\":\"https:\\\/\\\/consys.com.ua\\\/#organization\"},\"potentialAction\":[{\"@type\":\"SearchAction\",\"target\":{\"@type\":\"EntryPoint\",\"urlTemplate\":\"https:\\\/\\\/consys.com.ua\\\/?s={search_term_string}\"},\"query-input\":{\"@type\":\"PropertyValueSpecification\",\"valueRequired\":true,\"valueName\":\"search_term_string\"}}],\"inLanguage\":\"pl-PL\"},{\"@type\":\"Organization\",\"@id\":\"https:\\\/\\\/consys.com.ua\\\/#organization\",\"name\":\"\u00ab\u0421\u0438\u0441\u0442\u0435\u043c\u044b \u0443\u043f\u0440\u0430\u0432\u043b\u0435\u043d\u0438\u044f \u2014 \u041a\u043e\u043d\u0441\u0438\u0441\u00bb\",\"url\":\"https:\\\/\\\/consys.com.ua\\\/\",\"logo\":{\"@type\":\"ImageObject\",\"inLanguage\":\"pl-PL\",\"@id\":\"https:\\\/\\\/consys.com.ua\\\/#\\\/schema\\\/logo\\\/image\\\/\",\"url\":\"http:\\\/\\\/consys.com.ua\\\/wp-content\\\/uploads\\\/2020\\\/04\\\/consys-logo.png\",\"contentUrl\":\"http:\\\/\\\/consys.com.ua\\\/wp-content\\\/uploads\\\/2020\\\/04\\\/consys-logo.png\",\"width\":160,\"height\":56,\"caption\":\"\u00ab\u0421\u0438\u0441\u0442\u0435\u043c\u044b \u0443\u043f\u0440\u0430\u0432\u043b\u0435\u043d\u0438\u044f \u2014 \u041a\u043e\u043d\u0441\u0438\u0441\u00bb\"},\"image\":{\"@id\":\"https:\\\/\\\/consys.com.ua\\\/#\\\/schema\\\/logo\\\/image\\\/\"}}]}<\/script>\n<!-- \/ Yoast SEO plugin. -->","yoast_head_json":{"title":"Warunki zwrotu i wymiany towaru &#187; \u0421ONSYS","robots":{"index":"index","follow":"follow","max-snippet":"max-snippet:-1","max-image-preview":"max-image-preview:large","max-video-preview":"max-video-preview:-1"},"canonical":"https:\/\/consys.com.ua\/en\/\u0443\u0441\u043b\u043e\u0432\u0438\u044f-\u0432\u043e\u0437\u0432\u0440\u0430\u0442\u0430-\u0438-\u043e\u0431\u043c\u0435\u043d\u0430-\u0442\u043e\u0432\u0430\u0440\u0430\/","og_locale":"pl_PL","og_type":"article","og_title":"Warunki zwrotu i wymiany towaru &#187; \u0421ONSYS","og_description":"Nale\u017cy pami\u0119ta\u0107, \u017ce produkty zakupione w naszym sklepie internetowym przyjmowane s\u0105 do zwrotu tylko w sklepie internetowym....","og_url":"https:\/\/consys.com.ua\/en\/\u0443\u0441\u043b\u043e\u0432\u0438\u044f-\u0432\u043e\u0437\u0432\u0440\u0430\u0442\u0430-\u0438-\u043e\u0431\u043c\u0435\u043d\u0430-\u0442\u043e\u0432\u0430\u0440\u0430\/","og_site_name":"\u0421ONSYS","article_modified_time":"2020-11-09T14:01:39+00:00","twitter_card":"summary_large_image","twitter_misc":{"Szacowany czas czytania":"4 minuty"},"schema":{"@context":"https:\/\/schema.org","@graph":[{"@type":"WebPage","@id":"https:\/\/consys.com.ua\/en\/%d1%83%d1%81%d0%bb%d0%be%d0%b2%d0%b8%d1%8f-%d0%b2%d0%be%d0%b7%d0%b2%d1%80%d0%b0%d1%82%d0%b0-%d0%b8-%d0%be%d0%b1%d0%bc%d0%b5%d0%bd%d0%b0-%d1%82%d0%be%d0%b2%d0%b0%d1%80%d0%b0\/","url":"https:\/\/consys.com.ua\/en\/%d1%83%d1%81%d0%bb%d0%be%d0%b2%d0%b8%d1%8f-%d0%b2%d0%be%d0%b7%d0%b2%d1%80%d0%b0%d1%82%d0%b0-%d0%b8-%d0%be%d0%b1%d0%bc%d0%b5%d0%bd%d0%b0-%d1%82%d0%be%d0%b2%d0%b0%d1%80%d0%b0\/","name":"Warunki zwrotu i wymiany towaru &#187; \u0421ONSYS","isPartOf":{"@id":"https:\/\/consys.com.ua\/#website"},"datePublished":"2020-11-09T12:15:21+00:00","dateModified":"2020-11-09T14:01:39+00:00","breadcrumb":{"@id":"https:\/\/consys.com.ua\/en\/%d1%83%d1%81%d0%bb%d0%be%d0%b2%d0%b8%d1%8f-%d0%b2%d0%be%d0%b7%d0%b2%d1%80%d0%b0%d1%82%d0%b0-%d0%b8-%d0%be%d0%b1%d0%bc%d0%b5%d0%bd%d0%b0-%d1%82%d0%be%d0%b2%d0%b0%d1%80%d0%b0\/#breadcrumb"},"inLanguage":"pl-PL","potentialAction":[{"@type":"ReadAction","target":["https:\/\/consys.com.ua\/en\/%d1%83%d1%81%d0%bb%d0%be%d0%b2%d0%b8%d1%8f-%d0%b2%d0%be%d0%b7%d0%b2%d1%80%d0%b0%d1%82%d0%b0-%d0%b8-%d0%be%d0%b1%d0%bc%d0%b5%d0%bd%d0%b0-%d1%82%d0%be%d0%b2%d0%b0%d1%80%d0%b0\/"]}]},{"@type":"BreadcrumbList","@id":"https:\/\/consys.com.ua\/en\/%d1%83%d1%81%d0%bb%d0%be%d0%b2%d0%b8%d1%8f-%d0%b2%d0%be%d0%b7%d0%b2%d1%80%d0%b0%d1%82%d0%b0-%d0%b8-%d0%be%d0%b1%d0%bc%d0%b5%d0%bd%d0%b0-%d1%82%d0%be%d0%b2%d0%b0%d1%80%d0%b0\/#breadcrumb","itemListElement":[{"@type":"ListItem","position":1,"name":"\u0413\u043b\u0430\u0432\u043d\u0430\u044f \u0441\u0442\u0440\u0430\u043d\u0438\u0446\u0430","item":"https:\/\/consys.com.ua\/"},{"@type":"ListItem","position":2,"name":"Terms of return and exchange of goods"}]},{"@type":"WebSite","@id":"https:\/\/consys.com.ua\/#website","url":"https:\/\/consys.com.ua\/","name":"\u0421ONSYS","description":"\u00abSystemy Sterowania \u2013 CONSYS\u00bb","publisher":{"@id":"https:\/\/consys.com.ua\/#organization"},"potentialAction":[{"@type":"SearchAction","target":{"@type":"EntryPoint","urlTemplate":"https:\/\/consys.com.ua\/?s={search_term_string}"},"query-input":{"@type":"PropertyValueSpecification","valueRequired":true,"valueName":"search_term_string"}}],"inLanguage":"pl-PL"},{"@type":"Organization","@id":"https:\/\/consys.com.ua\/#organization","name":"\u00ab\u0421\u0438\u0441\u0442\u0435\u043c\u044b \u0443\u043f\u0440\u0430\u0432\u043b\u0435\u043d\u0438\u044f \u2014 \u041a\u043e\u043d\u0441\u0438\u0441\u00bb","url":"https:\/\/consys.com.ua\/","logo":{"@type":"ImageObject","inLanguage":"pl-PL","@id":"https:\/\/consys.com.ua\/#\/schema\/logo\/image\/","url":"http:\/\/consys.com.ua\/wp-content\/uploads\/2020\/04\/consys-logo.png","contentUrl":"http:\/\/consys.com.ua\/wp-content\/uploads\/2020\/04\/consys-logo.png","width":160,"height":56,"caption":"\u00ab\u0421\u0438\u0441\u0442\u0435\u043c\u044b \u0443\u043f\u0440\u0430\u0432\u043b\u0435\u043d\u0438\u044f \u2014 \u041a\u043e\u043d\u0441\u0438\u0441\u00bb"},"image":{"@id":"https:\/\/consys.com.ua\/#\/schema\/logo\/image\/"}}]}},"_links":{"self":[{"href":"https:\/\/consys.com.ua\/pl\/wp-json\/wp\/v2\/pages\/1923","targetHints":{"allow":["GET"]}}],"collection":[{"href":"https:\/\/consys.com.ua\/pl\/wp-json\/wp\/v2\/pages"}],"about":[{"href":"https:\/\/consys.com.ua\/pl\/wp-json\/wp\/v2\/types\/page"}],"author":[{"embeddable":true,"href":"https:\/\/consys.com.ua\/pl\/wp-json\/wp\/v2\/users\/2"}],"replies":[{"embeddable":true,"href":"https:\/\/consys.com.ua\/pl\/wp-json\/wp\/v2\/comments?post=1923"}],"version-history":[{"count":0,"href":"https:\/\/consys.com.ua\/pl\/wp-json\/wp\/v2\/pages\/1923\/revisions"}],"wp:attachment":[{"href":"https:\/\/consys.com.ua\/pl\/wp-json\/wp\/v2\/media?parent=1923"}],"curies":[{"name":"wp","href":"https:\/\/api.w.org\/{rel}","templated":true}]}}