{"id":1931,"date":"2020-11-06T13:54:05","date_gmt":"2020-11-06T10:54:05","guid":{"rendered":"http:\/\/consys.com.ua\/?page_id=1931"},"modified":"2020-11-12T20:45:10","modified_gmt":"2020-11-12T17:45:10","slug":"%d0%b8%d0%bd%d1%84%d0%be%d1%80%d0%bc%d0%b0%d1%86%d0%b8%d1%8f-%d0%be%d0%b1-%d0%be%d0%bf%d0%bb%d0%b0%d1%82%d0%b5","status":"publish","type":"page","link":"https:\/\/consys.com.ua\/pl\/%d0%b8%d0%bd%d1%84%d0%be%d1%80%d0%bc%d0%b0%d1%86%d0%b8%d1%8f-%d0%be%d0%b1-%d0%be%d0%bf%d0%bb%d0%b0%d1%82%d0%b5\/","title":{"rendered":"Informacje dotycz\u0105ce p\u0142atno\u015bci"},"content":{"rendered":"<p><\/p>\n<h2>Obs\u0142ugiwane formy p\u0142atno\u015bci i koszty zwi\u0105zane z zakupem towaru w naszym sklepie<\/h2>\n<h3><span style=\"text-decoration: underline;\">Za zam\u00f3wienie w naszym sklepie mo\u017cesz zap\u0142aci\u0107 w nast\u0119puj\u0105cy spos\u00f3b:<\/span><\/h3>\n<ul>\n<li><strong>wp\u0142ata na rachunek rozliczeniowy<\/strong> AT \u201eUkreksimbank\u201d. Nasze dane:<br \/>\n\u201cSystems of Control \u2013 CONSYS\u201d<br \/>\nTIN 317657717160<br \/>\nIBAN UA43 3223 1300 0002 6000 0000 1419 0<br \/>\nBIC (Sort code) 322313<br \/>\n<em>Koszt przelewu zale\u017cy od taryf banku, z kt\u00f3rego korzystasz<\/em><\/li>\n<li><strong>us\u0142uga p\u0142atna przy odbiorze<\/strong> \u201eNowa Poshta\u201d &#8211; <a href=\"https:\/\/novaposhta.ua\" target=\"_blank\" rel=\"nofollow\">https:\/\/novaposhta.ua<\/a><br \/>\nP\u0142atno\u015b\u0107 i dostawa za pobraniem jest mo\u017cliwa tylko na terytorium Ukrainy.<br \/>\nKoszt dostawy przez serwis \u201eNowa Poshta\u201d mo\u017cna znale\u017a\u0107 w sekcji: <a href=\"https:\/\/novaposhta.ua\/privatnim_klientam\/ceny_i_tarify\" target=\"_blank\" rel=\"nofollow\">https:\/\/novaposhta.ua\/privatnim_klientam\/ceny_i_tarify<\/a><\/li>\n<\/ul>\n<p>O kosztach zwi\u0105zanych z dostaw\u0105 dowiesz si\u0119 tutaj: <a href=\"http:\/\/consys.com.ua\/%d0%be-%d0%b4%d0%be%d1%81%d1%82%d0%b0%d0%b2%d0%ba%d0%b5\/\">o dostawie<\/a><\/p>\n<p>Zam\u00f3wienia o warto\u015bci powy\u017cej 5000 UAH. s\u0105 dostarczane na terenie Ukrainy bezp\u0142atnie.<\/p>\n<p>Po z\u0142o\u017ceniu zam\u00f3wienia w ci\u0105gu 1 dnia roboczego nasz menad\u017cer skontaktuje si\u0119 z Pa\u0144stwem w celu uzgodnienia wszystkich niezb\u0119dnych informacji. Je\u015bli wybra\u0142e\u015b \u201ep\u0142atno\u015b\u0107 na konto\u201d lub \u201ep\u0142atno\u015b\u0107 za pobraniem\u201d, na Tw\u00f3j adres e-mail lub numer telefonu zostan\u0105 przes\u0142ane dane dotycz\u0105ce p\u0142atno\u015bci. Na rachunek rozliczeniowy mo\u017cna zap\u0142aci\u0107 w terminalach dowolnego banku, np. Privat Bank, lub za po\u015brednictwem system\u00f3w samoobs\u0142ugowych, np. Privat24 lub kasjera. Faktura za zam\u00f3wienie zostanie r\u00f3wnie\u017c przes\u0142ana poczt\u0105 elektroniczn\u0105. Po uzupe\u0142nieniu stanu konta pami\u0119taj, aby zachowa\u0107 pokwitowanie. Podaj kierownikowi dat\u0119 i dok\u0142adn\u0105 kwot\u0119 p\u0142atno\u015bci. Z regu\u0142y p\u0142atno\u015b\u0107 nast\u0119puje w ci\u0105gu godziny, ale mo\u017cliwe jest, \u017ce \u015brodki zostan\u0105 zaksi\u0119gowane w ci\u0105gu 24 godzin. Po potwierdzeniu p\u0142atno\u015bci, wybrany przez Pa\u0144stwa towar zostanie przekazany firmie kurierskiej w celu wys\u0142ania przez us\u0142ug\u0119 \u201eNowa Poshta\u201d lub w inny uzgodniony z Klientem serwis.<\/p>\n<p><a href=\"http:\/\/consys.com.ua\/\u0434\u043e\u0433\u043e\u0432\u043e\u0440-\u043f\u0443\u0431\u043b\u0438\u0447\u043d\u043e\u0439-\u043e\u0444\u0435\u0440\u0442\u044b\/\">Umowa o ofert\u0119 publiczn\u0105<\/a><\/p>\n<p>W przypadku pyta\u0144 dotycz\u0105cych p\u0142atno\u015bci prosimy o kontakt:<\/p>\n<p><b>&#8222;Systems of Control &#8211; ConSys&#8221;<\/b><br \/>\n<strong>\u00abSystemy Sterowania \u2013 ConSys\u00bb<\/strong><\/p>\n<p><span id=\"result_box\" class=\"\" lang=\"pl\"><span class=\"\">ul.<\/span> <span class=\"\">Chernovil 44\/70<\/span><br \/>\n<span class=\"\">33000 Rovno<\/span><br \/>\nUkrainie<\/span><\/p>\n<p><strong>dzia\u0142 sprzeda\u017cy:<\/strong><br \/>\ntel \/ fax: +38 (0362) 623244<\/p>\n<p><strong>Harmonogram:<\/strong><br \/>\nPon-pt: od 10:00 do 18:00<br \/>\nDni wolne: sobota, niedziela<\/p>\n<p><b>e-mail :<\/b><br \/>\n<b><script type=\"text\/javascript\">eval(unescape('%64%6f%63%75%6d%65%6e%74%2e%77%72%69%74%65%28%27%3c%61%20%68%72%65%66%3d%22%6d%61%69%6c%74%6f%3a%69%6e%66%6f%40%63%6f%6e%73%79%73%2e%63%6f%6d%2e%75%61%22%3e%69%6e%66%6f%40%63%6f%6e%73%79%73%2e%63%6f%6d%2e%75%61%3c%2f%61%3e%27%29%3b'))<\/script><\/b><\/p>","protected":false},"excerpt":{"rendered":"<p>Obs\u0142ugiwane formy p\u0142atno\u015bci i koszty zwi\u0105zane z zakupem towaru w naszym sklepie Za zam\u00f3wienie w naszym sklepie&#8230;<\/p>\n","protected":false},"author":2,"featured_media":0,"parent":0,"menu_order":0,"comment_status":"closed","ping_status":"closed","template":"","meta":{"footnotes":""},"class_list":["post-1931","page","type-page","status-publish","hentry"],"yoast_head":"<!-- This site is optimized with the Yoast SEO plugin v27.3 - https:\/\/yoast.com\/product\/yoast-seo-wordpress\/ -->\n<title>Informacje dotycz\u0105ce p\u0142atno\u015bci &#187; \u0421ONSYS<\/title>\n<meta name=\"robots\" content=\"index, follow, max-snippet:-1, max-image-preview:large, max-video-preview:-1\" \/>\n<link rel=\"canonical\" href=\"https:\/\/consys.com.ua\/en\/\u0438\u043d\u0444\u043e\u0440\u043c\u0430\u0446\u0438\u044f-\u043e\u0431-\u043e\u043f\u043b\u0430\u0442\u0435\/\" \/>\n<meta property=\"og:locale\" content=\"pl_PL\" \/>\n<meta property=\"og:type\" content=\"article\" \/>\n<meta property=\"og:title\" content=\"Informacje dotycz\u0105ce p\u0142atno\u015bci &#187; \u0421ONSYS\" \/>\n<meta property=\"og:description\" content=\"Obs\u0142ugiwane formy p\u0142atno\u015bci i koszty zwi\u0105zane z zakupem towaru w naszym sklepie Za zam\u00f3wienie w naszym sklepie...\" \/>\n<meta property=\"og:url\" content=\"https:\/\/consys.com.ua\/en\/\u0438\u043d\u0444\u043e\u0440\u043c\u0430\u0446\u0438\u044f-\u043e\u0431-\u043e\u043f\u043b\u0430\u0442\u0435\/\" \/>\n<meta property=\"og:site_name\" content=\"\u0421ONSYS\" \/>\n<meta property=\"article:modified_time\" content=\"2020-11-12T17:45:10+00:00\" \/>\n<meta name=\"twitter:card\" content=\"summary_large_image\" \/>\n<meta name=\"twitter:label1\" content=\"Szacowany czas czytania\" \/>\n\t<meta name=\"twitter:data1\" content=\"4 minuty\" \/>\n<script type=\"application\/ld+json\" class=\"yoast-schema-graph\">{\"@context\":\"https:\\\/\\\/schema.org\",\"@graph\":[{\"@type\":\"WebPage\",\"@id\":\"https:\\\/\\\/consys.com.ua\\\/en\\\/%d0%b8%d0%bd%d1%84%d0%be%d1%80%d0%bc%d0%b0%d1%86%d0%b8%d1%8f-%d0%be%d0%b1-%d0%be%d0%bf%d0%bb%d0%b0%d1%82%d0%b5\\\/\",\"url\":\"https:\\\/\\\/consys.com.ua\\\/en\\\/%d0%b8%d0%bd%d1%84%d0%be%d1%80%d0%bc%d0%b0%d1%86%d0%b8%d1%8f-%d0%be%d0%b1-%d0%be%d0%bf%d0%bb%d0%b0%d1%82%d0%b5\\\/\",\"name\":\"Informacje dotycz\u0105ce p\u0142atno\u015bci &#187; \u0421ONSYS\",\"isPartOf\":{\"@id\":\"https:\\\/\\\/consys.com.ua\\\/#website\"},\"datePublished\":\"2020-11-06T10:54:05+00:00\",\"dateModified\":\"2020-11-12T17:45:10+00:00\",\"breadcrumb\":{\"@id\":\"https:\\\/\\\/consys.com.ua\\\/en\\\/%d0%b8%d0%bd%d1%84%d0%be%d1%80%d0%bc%d0%b0%d1%86%d0%b8%d1%8f-%d0%be%d0%b1-%d0%be%d0%bf%d0%bb%d0%b0%d1%82%d0%b5\\\/#breadcrumb\"},\"inLanguage\":\"pl-PL\",\"potentialAction\":[{\"@type\":\"ReadAction\",\"target\":[\"https:\\\/\\\/consys.com.ua\\\/en\\\/%d0%b8%d0%bd%d1%84%d0%be%d1%80%d0%bc%d0%b0%d1%86%d0%b8%d1%8f-%d0%be%d0%b1-%d0%be%d0%bf%d0%bb%d0%b0%d1%82%d0%b5\\\/\"]}]},{\"@type\":\"BreadcrumbList\",\"@id\":\"https:\\\/\\\/consys.com.ua\\\/en\\\/%d0%b8%d0%bd%d1%84%d0%be%d1%80%d0%bc%d0%b0%d1%86%d0%b8%d1%8f-%d0%be%d0%b1-%d0%be%d0%bf%d0%bb%d0%b0%d1%82%d0%b5\\\/#breadcrumb\",\"itemListElement\":[{\"@type\":\"ListItem\",\"position\":1,\"name\":\"\u0413\u043b\u0430\u0432\u043d\u0430\u044f \u0441\u0442\u0440\u0430\u043d\u0438\u0446\u0430\",\"item\":\"https:\\\/\\\/consys.com.ua\\\/\"},{\"@type\":\"ListItem\",\"position\":2,\"name\":\"Payments info\"}]},{\"@type\":\"WebSite\",\"@id\":\"https:\\\/\\\/consys.com.ua\\\/#website\",\"url\":\"https:\\\/\\\/consys.com.ua\\\/\",\"name\":\"\u0421ONSYS\",\"description\":\"\u00abSystemy Sterowania \u2013 CONSYS\u00bb\",\"publisher\":{\"@id\":\"https:\\\/\\\/consys.com.ua\\\/#organization\"},\"potentialAction\":[{\"@type\":\"SearchAction\",\"target\":{\"@type\":\"EntryPoint\",\"urlTemplate\":\"https:\\\/\\\/consys.com.ua\\\/?s={search_term_string}\"},\"query-input\":{\"@type\":\"PropertyValueSpecification\",\"valueRequired\":true,\"valueName\":\"search_term_string\"}}],\"inLanguage\":\"pl-PL\"},{\"@type\":\"Organization\",\"@id\":\"https:\\\/\\\/consys.com.ua\\\/#organization\",\"name\":\"\u00ab\u0421\u0438\u0441\u0442\u0435\u043c\u044b \u0443\u043f\u0440\u0430\u0432\u043b\u0435\u043d\u0438\u044f \u2014 \u041a\u043e\u043d\u0441\u0438\u0441\u00bb\",\"url\":\"https:\\\/\\\/consys.com.ua\\\/\",\"logo\":{\"@type\":\"ImageObject\",\"inLanguage\":\"pl-PL\",\"@id\":\"https:\\\/\\\/consys.com.ua\\\/#\\\/schema\\\/logo\\\/image\\\/\",\"url\":\"http:\\\/\\\/consys.com.ua\\\/wp-content\\\/uploads\\\/2020\\\/04\\\/consys-logo.png\",\"contentUrl\":\"http:\\\/\\\/consys.com.ua\\\/wp-content\\\/uploads\\\/2020\\\/04\\\/consys-logo.png\",\"width\":160,\"height\":56,\"caption\":\"\u00ab\u0421\u0438\u0441\u0442\u0435\u043c\u044b \u0443\u043f\u0440\u0430\u0432\u043b\u0435\u043d\u0438\u044f \u2014 \u041a\u043e\u043d\u0441\u0438\u0441\u00bb\"},\"image\":{\"@id\":\"https:\\\/\\\/consys.com.ua\\\/#\\\/schema\\\/logo\\\/image\\\/\"}}]}<\/script>\n<!-- \/ Yoast SEO plugin. -->","yoast_head_json":{"title":"Informacje dotycz\u0105ce p\u0142atno\u015bci &#187; \u0421ONSYS","robots":{"index":"index","follow":"follow","max-snippet":"max-snippet:-1","max-image-preview":"max-image-preview:large","max-video-preview":"max-video-preview:-1"},"canonical":"https:\/\/consys.com.ua\/en\/\u0438\u043d\u0444\u043e\u0440\u043c\u0430\u0446\u0438\u044f-\u043e\u0431-\u043e\u043f\u043b\u0430\u0442\u0435\/","og_locale":"pl_PL","og_type":"article","og_title":"Informacje dotycz\u0105ce p\u0142atno\u015bci &#187; \u0421ONSYS","og_description":"Obs\u0142ugiwane formy p\u0142atno\u015bci i koszty zwi\u0105zane z zakupem towaru w naszym sklepie Za zam\u00f3wienie w naszym sklepie...","og_url":"https:\/\/consys.com.ua\/en\/\u0438\u043d\u0444\u043e\u0440\u043c\u0430\u0446\u0438\u044f-\u043e\u0431-\u043e\u043f\u043b\u0430\u0442\u0435\/","og_site_name":"\u0421ONSYS","article_modified_time":"2020-11-12T17:45:10+00:00","twitter_card":"summary_large_image","twitter_misc":{"Szacowany czas czytania":"4 minuty"},"schema":{"@context":"https:\/\/schema.org","@graph":[{"@type":"WebPage","@id":"https:\/\/consys.com.ua\/en\/%d0%b8%d0%bd%d1%84%d0%be%d1%80%d0%bc%d0%b0%d1%86%d0%b8%d1%8f-%d0%be%d0%b1-%d0%be%d0%bf%d0%bb%d0%b0%d1%82%d0%b5\/","url":"https:\/\/consys.com.ua\/en\/%d0%b8%d0%bd%d1%84%d0%be%d1%80%d0%bc%d0%b0%d1%86%d0%b8%d1%8f-%d0%be%d0%b1-%d0%be%d0%bf%d0%bb%d0%b0%d1%82%d0%b5\/","name":"Informacje dotycz\u0105ce p\u0142atno\u015bci &#187; \u0421ONSYS","isPartOf":{"@id":"https:\/\/consys.com.ua\/#website"},"datePublished":"2020-11-06T10:54:05+00:00","dateModified":"2020-11-12T17:45:10+00:00","breadcrumb":{"@id":"https:\/\/consys.com.ua\/en\/%d0%b8%d0%bd%d1%84%d0%be%d1%80%d0%bc%d0%b0%d1%86%d0%b8%d1%8f-%d0%be%d0%b1-%d0%be%d0%bf%d0%bb%d0%b0%d1%82%d0%b5\/#breadcrumb"},"inLanguage":"pl-PL","potentialAction":[{"@type":"ReadAction","target":["https:\/\/consys.com.ua\/en\/%d0%b8%d0%bd%d1%84%d0%be%d1%80%d0%bc%d0%b0%d1%86%d0%b8%d1%8f-%d0%be%d0%b1-%d0%be%d0%bf%d0%bb%d0%b0%d1%82%d0%b5\/"]}]},{"@type":"BreadcrumbList","@id":"https:\/\/consys.com.ua\/en\/%d0%b8%d0%bd%d1%84%d0%be%d1%80%d0%bc%d0%b0%d1%86%d0%b8%d1%8f-%d0%be%d0%b1-%d0%be%d0%bf%d0%bb%d0%b0%d1%82%d0%b5\/#breadcrumb","itemListElement":[{"@type":"ListItem","position":1,"name":"\u0413\u043b\u0430\u0432\u043d\u0430\u044f \u0441\u0442\u0440\u0430\u043d\u0438\u0446\u0430","item":"https:\/\/consys.com.ua\/"},{"@type":"ListItem","position":2,"name":"Payments info"}]},{"@type":"WebSite","@id":"https:\/\/consys.com.ua\/#website","url":"https:\/\/consys.com.ua\/","name":"\u0421ONSYS","description":"\u00abSystemy Sterowania \u2013 CONSYS\u00bb","publisher":{"@id":"https:\/\/consys.com.ua\/#organization"},"potentialAction":[{"@type":"SearchAction","target":{"@type":"EntryPoint","urlTemplate":"https:\/\/consys.com.ua\/?s={search_term_string}"},"query-input":{"@type":"PropertyValueSpecification","valueRequired":true,"valueName":"search_term_string"}}],"inLanguage":"pl-PL"},{"@type":"Organization","@id":"https:\/\/consys.com.ua\/#organization","name":"\u00ab\u0421\u0438\u0441\u0442\u0435\u043c\u044b \u0443\u043f\u0440\u0430\u0432\u043b\u0435\u043d\u0438\u044f \u2014 \u041a\u043e\u043d\u0441\u0438\u0441\u00bb","url":"https:\/\/consys.com.ua\/","logo":{"@type":"ImageObject","inLanguage":"pl-PL","@id":"https:\/\/consys.com.ua\/#\/schema\/logo\/image\/","url":"http:\/\/consys.com.ua\/wp-content\/uploads\/2020\/04\/consys-logo.png","contentUrl":"http:\/\/consys.com.ua\/wp-content\/uploads\/2020\/04\/consys-logo.png","width":160,"height":56,"caption":"\u00ab\u0421\u0438\u0441\u0442\u0435\u043c\u044b \u0443\u043f\u0440\u0430\u0432\u043b\u0435\u043d\u0438\u044f \u2014 \u041a\u043e\u043d\u0441\u0438\u0441\u00bb"},"image":{"@id":"https:\/\/consys.com.ua\/#\/schema\/logo\/image\/"}}]}},"_links":{"self":[{"href":"https:\/\/consys.com.ua\/pl\/wp-json\/wp\/v2\/pages\/1931","targetHints":{"allow":["GET"]}}],"collection":[{"href":"https:\/\/consys.com.ua\/pl\/wp-json\/wp\/v2\/pages"}],"about":[{"href":"https:\/\/consys.com.ua\/pl\/wp-json\/wp\/v2\/types\/page"}],"author":[{"embeddable":true,"href":"https:\/\/consys.com.ua\/pl\/wp-json\/wp\/v2\/users\/2"}],"replies":[{"embeddable":true,"href":"https:\/\/consys.com.ua\/pl\/wp-json\/wp\/v2\/comments?post=1931"}],"version-history":[{"count":0,"href":"https:\/\/consys.com.ua\/pl\/wp-json\/wp\/v2\/pages\/1931\/revisions"}],"wp:attachment":[{"href":"https:\/\/consys.com.ua\/pl\/wp-json\/wp\/v2\/media?parent=1931"}],"curies":[{"name":"wp","href":"https:\/\/api.w.org\/{rel}","templated":true}]}}