{"id":1965,"date":"2020-11-06T16:04:08","date_gmt":"2020-11-06T13:04:08","guid":{"rendered":"http:\/\/consys.com.ua\/?page_id=1965"},"modified":"2020-11-13T11:58:02","modified_gmt":"2020-11-13T08:58:02","slug":"%d0%be-%d0%b4%d0%be%d1%81%d1%82%d0%b0%d0%b2%d0%ba%d0%b5","status":"publish","type":"page","link":"https:\/\/consys.com.ua\/pl\/%d0%be-%d0%b4%d0%be%d1%81%d1%82%d0%b0%d0%b2%d0%ba%d0%b5\/","title":{"rendered":"Informacje o dostawie"},"content":{"rendered":"<p><\/p>\n<h2>Dostawa zam\u00f3wie\u0144 na terenie ca\u0142ej Ukrainy:<\/h2>\n<p>Mo\u017cliwe metody dostawy:<\/p>\n<ul>\n<li>dostawa adresowa (kurierem)<\/li>\n<li>do oddzia\u0142u \u201eNova Poshta\u201d<\/li>\n<li>odbi\u00f3r z naszego magazynu (\u00abSystems of Control \u2014 ConSys\u00bb &#8211; <span class=\"\">ul.<\/span>\u00a0<span class=\"\">Chernovola 44\/70, <\/span><span class=\"\">33000 Rovno, <\/span>Ukrainie)<\/li>\n<\/ul>\n<p>Zam\u00f3wienia o warto\u015bci powy\u017cej 5000 UAH. s\u0105 dostarczane na terenie Ukrainy bezp\u0142atnie!<br \/>\nJe\u017celi koszt zam\u00f3wienia jest mniejszy ni\u017c 5000 UAH, w\u00f3wczas jego dostawa podlega taryfom us\u0142ugi pocztowej \u201eNowa Poczta\u201d:<br \/>\n<a href=\"https:\/\/novaposhta.ua\/privatnim_klientam\/ceny_i_tarify\" target=\"_blank\" rel=\"nofollow\">https:\/\/novaposhta.ua\/privatnim_klientam\/ceny_i_tarify<\/a><\/p>\n<p>Orientacyjne stawki realizacji zam\u00f3wienia przez serwis \u201eNowa Poshta\u201d:<\/p>\n<ul>\n<li>p\u0142atno\u015b\u0107 przy odbiorze w oddziale (za pobraniem) &#8211; od 50 UAH za przesy\u0142k\u0119 i 20 UAH + 2% kwoty przelewu<\/li>\n<li>wst\u0119pna p\u0142atno\u015b\u0107 online lub p\u0142atno\u015b\u0107 na rachunek bie\u017c\u0105cy przy odbiorze towaru w oddziale &#8222;Nowa Poczta&#8221; &#8211; od 50 UAH za dostaw\u0119<\/li>\n<li>w przypadku dostawy bezpo\u015brednio pod wskazany adres dodatkowo do powy\u017cszych koszt\u00f3w us\u0142ugi kuriera &#8222;Nowa Posta&#8221; s\u0105 p\u0142atne &#8211; od 25 UAH za przesy\u0142k\u0119<\/li>\n<\/ul>\n<p><em>Czas dostawy: 1-2 dni<\/em><\/p>\n<p>* Jeste\u015bmy gotowi zrealizowa\u0107 dostaw\u0119 na Ukrainie korzystaj\u0105c z innych us\u0142ug wed\u0142ug uznania klienta. W takim przypadku sugerujemy samodzielne zapoznanie si\u0119 z taryfami za dostaw\u0119 towaru.<\/p>\n<p>Przy odbiorze nie s\u0105 naliczane \u017cadne dodatkowe koszty (\u00abSystems of Control \u2014 ConSys\u00bb &#8211; <span class=\"\">ul.<\/span>\u00a0<span class=\"\">Chernovola 44\/70, <\/span><span class=\"\">33000 Rovno, <\/span>Ukrainie).<\/p>\n<p>Dostawa za granic\u0119 jest obecnie niedost\u0119pna.<\/p>\n<p>Mo\u017cesz r\u00f3wnie\u017c zapozna\u0107 si\u0119 z umow\u0105 o <a href=\"http:\/\/consys.com.ua\/%D0%B4%D0%BE%D0%B3%D0%BE%D0%B2%D0%BE%D1%80-%D0%BF%D1%83%D0%B1%D0%BB%D0%B8%D1%87%D0%BD%D0%BE%D0%B9-%D0%BE%D1%84%D0%B5%D1%80%D1%82%D1%8B\/\">ofert\u0119 publiczn\u0105<\/a><\/p>","protected":false},"excerpt":{"rendered":"<p>Dostawa zam\u00f3wie\u0144 na terenie ca\u0142ej Ukrainy: Mo\u017cliwe metody dostawy: dostawa adresowa (kurierem) do oddzia\u0142u \u201eNova Poshta\u201d odbi\u00f3r&#8230;<\/p>\n","protected":false},"author":2,"featured_media":0,"parent":0,"menu_order":0,"comment_status":"closed","ping_status":"closed","template":"","meta":{"footnotes":""},"class_list":["post-1965","page","type-page","status-publish","hentry"],"yoast_head":"<!-- This site is optimized with the Yoast SEO plugin v27.3 - https:\/\/yoast.com\/product\/yoast-seo-wordpress\/ -->\n<title>Informacje o dostawie &#187; \u0421ONSYS<\/title>\n<meta name=\"robots\" content=\"index, follow, max-snippet:-1, max-image-preview:large, max-video-preview:-1\" \/>\n<link rel=\"canonical\" href=\"https:\/\/consys.com.ua\/en\/\u043e-\u0434\u043e\u0441\u0442\u0430\u0432\u043a\u0435\/\" \/>\n<meta property=\"og:locale\" content=\"pl_PL\" \/>\n<meta property=\"og:type\" content=\"article\" \/>\n<meta property=\"og:title\" content=\"Informacje o dostawie &#187; \u0421ONSYS\" \/>\n<meta property=\"og:description\" content=\"Dostawa zam\u00f3wie\u0144 na terenie ca\u0142ej Ukrainy: Mo\u017cliwe metody dostawy: dostawa adresowa (kurierem) do oddzia\u0142u \u201eNova Poshta\u201d odbi\u00f3r...\" \/>\n<meta property=\"og:url\" content=\"https:\/\/consys.com.ua\/en\/\u043e-\u0434\u043e\u0441\u0442\u0430\u0432\u043a\u0435\/\" \/>\n<meta property=\"og:site_name\" content=\"\u0421ONSYS\" \/>\n<meta property=\"article:modified_time\" content=\"2020-11-13T08:58:02+00:00\" \/>\n<meta name=\"twitter:card\" content=\"summary_large_image\" \/>\n<meta name=\"twitter:label1\" content=\"Szacowany czas czytania\" \/>\n\t<meta name=\"twitter:data1\" content=\"2 minuty\" \/>\n<script type=\"application\/ld+json\" class=\"yoast-schema-graph\">{\"@context\":\"https:\\\/\\\/schema.org\",\"@graph\":[{\"@type\":\"WebPage\",\"@id\":\"https:\\\/\\\/consys.com.ua\\\/en\\\/%d0%be-%d0%b4%d0%be%d1%81%d1%82%d0%b0%d0%b2%d0%ba%d0%b5\\\/\",\"url\":\"https:\\\/\\\/consys.com.ua\\\/en\\\/%d0%be-%d0%b4%d0%be%d1%81%d1%82%d0%b0%d0%b2%d0%ba%d0%b5\\\/\",\"name\":\"Informacje o dostawie &#187; \u0421ONSYS\",\"isPartOf\":{\"@id\":\"https:\\\/\\\/consys.com.ua\\\/#website\"},\"datePublished\":\"2020-11-06T13:04:08+00:00\",\"dateModified\":\"2020-11-13T08:58:02+00:00\",\"breadcrumb\":{\"@id\":\"https:\\\/\\\/consys.com.ua\\\/en\\\/%d0%be-%d0%b4%d0%be%d1%81%d1%82%d0%b0%d0%b2%d0%ba%d0%b5\\\/#breadcrumb\"},\"inLanguage\":\"pl-PL\",\"potentialAction\":[{\"@type\":\"ReadAction\",\"target\":[\"https:\\\/\\\/consys.com.ua\\\/en\\\/%d0%be-%d0%b4%d0%be%d1%81%d1%82%d0%b0%d0%b2%d0%ba%d0%b5\\\/\"]}]},{\"@type\":\"BreadcrumbList\",\"@id\":\"https:\\\/\\\/consys.com.ua\\\/en\\\/%d0%be-%d0%b4%d0%be%d1%81%d1%82%d0%b0%d0%b2%d0%ba%d0%b5\\\/#breadcrumb\",\"itemListElement\":[{\"@type\":\"ListItem\",\"position\":1,\"name\":\"\u0413\u043b\u0430\u0432\u043d\u0430\u044f \u0441\u0442\u0440\u0430\u043d\u0438\u0446\u0430\",\"item\":\"https:\\\/\\\/consys.com.ua\\\/\"},{\"@type\":\"ListItem\",\"position\":2,\"name\":\"Delivery information\"}]},{\"@type\":\"WebSite\",\"@id\":\"https:\\\/\\\/consys.com.ua\\\/#website\",\"url\":\"https:\\\/\\\/consys.com.ua\\\/\",\"name\":\"\u0421ONSYS\",\"description\":\"\u00abSystemy Sterowania \u2013 CONSYS\u00bb\",\"publisher\":{\"@id\":\"https:\\\/\\\/consys.com.ua\\\/#organization\"},\"potentialAction\":[{\"@type\":\"SearchAction\",\"target\":{\"@type\":\"EntryPoint\",\"urlTemplate\":\"https:\\\/\\\/consys.com.ua\\\/?s={search_term_string}\"},\"query-input\":{\"@type\":\"PropertyValueSpecification\",\"valueRequired\":true,\"valueName\":\"search_term_string\"}}],\"inLanguage\":\"pl-PL\"},{\"@type\":\"Organization\",\"@id\":\"https:\\\/\\\/consys.com.ua\\\/#organization\",\"name\":\"\u00ab\u0421\u0438\u0441\u0442\u0435\u043c\u044b \u0443\u043f\u0440\u0430\u0432\u043b\u0435\u043d\u0438\u044f \u2014 \u041a\u043e\u043d\u0441\u0438\u0441\u00bb\",\"url\":\"https:\\\/\\\/consys.com.ua\\\/\",\"logo\":{\"@type\":\"ImageObject\",\"inLanguage\":\"pl-PL\",\"@id\":\"https:\\\/\\\/consys.com.ua\\\/#\\\/schema\\\/logo\\\/image\\\/\",\"url\":\"http:\\\/\\\/consys.com.ua\\\/wp-content\\\/uploads\\\/2020\\\/04\\\/consys-logo.png\",\"contentUrl\":\"http:\\\/\\\/consys.com.ua\\\/wp-content\\\/uploads\\\/2020\\\/04\\\/consys-logo.png\",\"width\":160,\"height\":56,\"caption\":\"\u00ab\u0421\u0438\u0441\u0442\u0435\u043c\u044b \u0443\u043f\u0440\u0430\u0432\u043b\u0435\u043d\u0438\u044f \u2014 \u041a\u043e\u043d\u0441\u0438\u0441\u00bb\"},\"image\":{\"@id\":\"https:\\\/\\\/consys.com.ua\\\/#\\\/schema\\\/logo\\\/image\\\/\"}}]}<\/script>\n<!-- \/ Yoast SEO plugin. -->","yoast_head_json":{"title":"Informacje o dostawie &#187; \u0421ONSYS","robots":{"index":"index","follow":"follow","max-snippet":"max-snippet:-1","max-image-preview":"max-image-preview:large","max-video-preview":"max-video-preview:-1"},"canonical":"https:\/\/consys.com.ua\/en\/\u043e-\u0434\u043e\u0441\u0442\u0430\u0432\u043a\u0435\/","og_locale":"pl_PL","og_type":"article","og_title":"Informacje o dostawie &#187; \u0421ONSYS","og_description":"Dostawa zam\u00f3wie\u0144 na terenie ca\u0142ej Ukrainy: Mo\u017cliwe metody dostawy: dostawa adresowa (kurierem) do oddzia\u0142u \u201eNova Poshta\u201d odbi\u00f3r...","og_url":"https:\/\/consys.com.ua\/en\/\u043e-\u0434\u043e\u0441\u0442\u0430\u0432\u043a\u0435\/","og_site_name":"\u0421ONSYS","article_modified_time":"2020-11-13T08:58:02+00:00","twitter_card":"summary_large_image","twitter_misc":{"Szacowany czas czytania":"2 minuty"},"schema":{"@context":"https:\/\/schema.org","@graph":[{"@type":"WebPage","@id":"https:\/\/consys.com.ua\/en\/%d0%be-%d0%b4%d0%be%d1%81%d1%82%d0%b0%d0%b2%d0%ba%d0%b5\/","url":"https:\/\/consys.com.ua\/en\/%d0%be-%d0%b4%d0%be%d1%81%d1%82%d0%b0%d0%b2%d0%ba%d0%b5\/","name":"Informacje o dostawie &#187; \u0421ONSYS","isPartOf":{"@id":"https:\/\/consys.com.ua\/#website"},"datePublished":"2020-11-06T13:04:08+00:00","dateModified":"2020-11-13T08:58:02+00:00","breadcrumb":{"@id":"https:\/\/consys.com.ua\/en\/%d0%be-%d0%b4%d0%be%d1%81%d1%82%d0%b0%d0%b2%d0%ba%d0%b5\/#breadcrumb"},"inLanguage":"pl-PL","potentialAction":[{"@type":"ReadAction","target":["https:\/\/consys.com.ua\/en\/%d0%be-%d0%b4%d0%be%d1%81%d1%82%d0%b0%d0%b2%d0%ba%d0%b5\/"]}]},{"@type":"BreadcrumbList","@id":"https:\/\/consys.com.ua\/en\/%d0%be-%d0%b4%d0%be%d1%81%d1%82%d0%b0%d0%b2%d0%ba%d0%b5\/#breadcrumb","itemListElement":[{"@type":"ListItem","position":1,"name":"\u0413\u043b\u0430\u0432\u043d\u0430\u044f \u0441\u0442\u0440\u0430\u043d\u0438\u0446\u0430","item":"https:\/\/consys.com.ua\/"},{"@type":"ListItem","position":2,"name":"Delivery information"}]},{"@type":"WebSite","@id":"https:\/\/consys.com.ua\/#website","url":"https:\/\/consys.com.ua\/","name":"\u0421ONSYS","description":"\u00abSystemy Sterowania \u2013 CONSYS\u00bb","publisher":{"@id":"https:\/\/consys.com.ua\/#organization"},"potentialAction":[{"@type":"SearchAction","target":{"@type":"EntryPoint","urlTemplate":"https:\/\/consys.com.ua\/?s={search_term_string}"},"query-input":{"@type":"PropertyValueSpecification","valueRequired":true,"valueName":"search_term_string"}}],"inLanguage":"pl-PL"},{"@type":"Organization","@id":"https:\/\/consys.com.ua\/#organization","name":"\u00ab\u0421\u0438\u0441\u0442\u0435\u043c\u044b \u0443\u043f\u0440\u0430\u0432\u043b\u0435\u043d\u0438\u044f \u2014 \u041a\u043e\u043d\u0441\u0438\u0441\u00bb","url":"https:\/\/consys.com.ua\/","logo":{"@type":"ImageObject","inLanguage":"pl-PL","@id":"https:\/\/consys.com.ua\/#\/schema\/logo\/image\/","url":"http:\/\/consys.com.ua\/wp-content\/uploads\/2020\/04\/consys-logo.png","contentUrl":"http:\/\/consys.com.ua\/wp-content\/uploads\/2020\/04\/consys-logo.png","width":160,"height":56,"caption":"\u00ab\u0421\u0438\u0441\u0442\u0435\u043c\u044b \u0443\u043f\u0440\u0430\u0432\u043b\u0435\u043d\u0438\u044f \u2014 \u041a\u043e\u043d\u0441\u0438\u0441\u00bb"},"image":{"@id":"https:\/\/consys.com.ua\/#\/schema\/logo\/image\/"}}]}},"_links":{"self":[{"href":"https:\/\/consys.com.ua\/pl\/wp-json\/wp\/v2\/pages\/1965","targetHints":{"allow":["GET"]}}],"collection":[{"href":"https:\/\/consys.com.ua\/pl\/wp-json\/wp\/v2\/pages"}],"about":[{"href":"https:\/\/consys.com.ua\/pl\/wp-json\/wp\/v2\/types\/page"}],"author":[{"embeddable":true,"href":"https:\/\/consys.com.ua\/pl\/wp-json\/wp\/v2\/users\/2"}],"replies":[{"embeddable":true,"href":"https:\/\/consys.com.ua\/pl\/wp-json\/wp\/v2\/comments?post=1965"}],"version-history":[{"count":0,"href":"https:\/\/consys.com.ua\/pl\/wp-json\/wp\/v2\/pages\/1965\/revisions"}],"wp:attachment":[{"href":"https:\/\/consys.com.ua\/pl\/wp-json\/wp\/v2\/media?parent=1965"}],"curies":[{"name":"wp","href":"https:\/\/api.w.org\/{rel}","templated":true}]}}