{"id":35,"date":"2013-02-08T01:11:46","date_gmt":"2013-02-07T21:11:46","guid":{"rendered":"http:\/\/consys.com.ua\/?page_id=35"},"modified":"2025-11-16T21:32:11","modified_gmt":"2025-11-16T18:32:11","slug":"o-nas","status":"publish","type":"page","link":"https:\/\/consys.com.ua\/pl\/o-nas\/","title":{"rendered":"O nas"},"content":{"rendered":"<p><img decoding=\"async\" src=\"http:\/\/consys.com.ua\/wp-content\/uploads\/2013\/02\/consys-1.gif\" alt=\"\" align=\"right\" border=\"0\" \/><\/p>\n<p>Przedsi\u0119biorstwo <strong>\u201eSystemy sterowania \u2013 CONSYS\u201d<\/strong> jest oficjalnym przedstawicielem produkcyjnym i handlowym angielskiej firmy <strong>ORSCHELN EUROPE<\/strong>. Mamy wykwalifikowany personel do projektowania i produkcji system\u00f3w sterowania pojazd\u00f3w, posiadamy prawa w\u0142asno\u015bci intelektualnej do produkt\u00f3w wytwarzanych przez nas, jak i pe\u0142ny zestaw niezb\u0119dnych technologii i urz\u0105dze\u0144, zapewniaj\u0105cych mo\u017cliwo\u015b\u0107 seryjnej oraz indywidualnej produkcji r\u00f3\u017cnych system\u00f3w sterowania dla potrzeb jako montowni, tak i os\u00f3b fizycznych.<\/p>\n<p>Konsumetami naszych produkt\u00f3w s\u0105 r\u00f3\u017cne pojazdy, konstrukcje budowlane, obrabiarki, medycyna.<\/p>\n<p><strong>TRANSPORT NAZIEMNY<\/strong>: ci\u0119\u017car\u00f3wki, autobusy, ci\u0105gniki, kombajny, transport kolejowy, metro, maszyny drogowe, sprz\u0119t wiertniczy, in\u017cynieria komunalna.<\/p>\n<p><strong>TRANSPORT WODNY<\/strong>: statki, jachty, kutry, \u0142odzie motorowe, skutery.<\/p>\n<p><strong>TRANSPORT LOTNICZKI<\/strong>: samoloty, helikoptery, amfibie.<\/p>\n<p>Nasze d\u0142ugoterminowe relacje produkcyjne z przedsi\u0119biorstwami z <strong>Europy, Ameryki<\/strong> i <strong>Azji <\/strong>pozwalaj\u0105 spe\u0142ni\u0107 zlecenia Pa\u0144stwa w przypadku, gdy nie produkujemy to samodzielnie.<\/p>\n<p><strong>Nasze patenty:<\/strong><\/p>\n<p>Ukraina \u2014 Rosja \u2014 Bia\u0142oru\u015b<\/p>\n<p><a href=\"http:\/\/consys.com.ua\/wp-content\/uploads\/2016\/06\/1609.jpg\"><img decoding=\"async\" class=\"alignnone\" src=\"http:\/\/consys.com.ua\/wp-content\/uploads\/2013\/02\/image1.jpg\" alt=\"\u0423\u043a\u0440\u0430\u0438\u043d\u0430\" width=\"42\" height=\"53\" \/><\/a><a href=\"http:\/\/consys.com.ua\/wp-content\/uploads\/2016\/06\/1646.jpg\"><img decoding=\"async\" class=\"alignnone\" src=\"http:\/\/consys.com.ua\/wp-content\/uploads\/2013\/02\/image2.jpg\" alt=\"\u0423\u043a\u0440\u0430\u0438\u043d\u0430\" width=\"42\" height=\"53\" \/><\/a><a href=\"http:\/\/consys.com.ua\/wp-content\/uploads\/2016\/06\/30899.jpg\"><img decoding=\"async\" class=\"alignnone\" src=\"http:\/\/consys.com.ua\/wp-content\/uploads\/2013\/02\/image3.jpg\" alt=\"\u0420\u043e\u0441\u0441\u0438\u044f\" width=\"42\" height=\"53\" \/><\/a><a href=\"http:\/\/consys.com.ua\/wp-content\/uploads\/2016\/06\/1120.jpg\"><img decoding=\"async\" class=\"alignnone\" src=\"http:\/\/consys.com.ua\/wp-content\/uploads\/2013\/02\/image21.jpg\" alt=\"\u0411\u0435\u043b\u0430\u0440\u0443\u0441\u044c\" width=\"42\" height=\"53\" \/><\/a><a href=\"http:\/\/consys.com.ua\/wp-content\/uploads\/2016\/06\/1121.jpg\"><img decoding=\"async\" class=\"alignnone\" src=\"http:\/\/consys.com.ua\/wp-content\/uploads\/2013\/02\/image12.jpg\" alt=\"\u0411\u0435\u043b\u0430\u0440\u0443\u0441\u044c\" width=\"42\" height=\"53\" \/><\/a><\/p>\n<p><strong>Nasze osi\u0105gni\u0119cia:<\/strong><\/p>\n<table border=\"0\" cellspacing=\"4\" cellpadding=\"4\">\n<tbody>\n<tr>\n<td><a href=\"http:\/\/consys.com.ua\/wp-content\/uploads\/2016\/06\/Rate-AA.tif\"><img decoding=\"async\" class=\"alignnone\" src=\"http:\/\/consys.com.ua\/wp-content\/uploads\/2013\/02\/exporter.jpg\" width=\"82\" height=\"107\" border=\"0\" \/><\/a><\/td>\n<td>Zgodnie z wynikami 2013 roku przedsi\u0119biorstwo <strong>&#8222;Systemy Sterowania \u2013 CONSYS&#8221; <\/strong>znalaz\u0142o si\u0119 w kategorii &#8222;AA&#8221; w\u015br\u00f3d przedsi\u0119biorstw zgodnie z NACE 29.32.1 (Produkcja pozosta\u0142ych maszyn i urz\u0105dze\u0144 dla rolnictwa i le\u015bnictwa). \u00abLiga Lepszych\u00bb wr\u0119cza order &#8222;Lider Gospodarki&#8221;.<\/td>\n<\/tr>\n<tr>\n<td><a href=\"http:\/\/consys.com.ua\/wp-content\/uploads\/2016\/06\/Exporter-2013.tif\"><img decoding=\"async\" class=\"alignnone\" src=\"http:\/\/consys.com.ua\/wp-content\/uploads\/2013\/02\/Image7s.jpg\" width=\"86\" height=\"115\" border=\"0\" \/><\/a><\/td>\n<td><strong>Eksporter 2013 na Ukrainie <\/strong>Na podstawie naukowo uzasadnionej statystyki metodologii wa\u017conego rankingu przedsi\u0119biorstw ukrai\u0144skich przedsi\u0119biorstwo <strong>&#8222;Systemy Sterowania \u2013 CONSYS&#8221; <\/strong>jest wyr\u00f3\u017cnione w\u015br\u00f3d eksporter\u00f3w Ukrainy w sumie 4 wska\u017anik\u00f3w handlu zagranicznego.<\/td>\n<\/tr>\n<tr>\n<td><a href=\"http:\/\/consys.com.ua\/wp-content\/uploads\/2016\/06\/diplom1.jpg\"><img decoding=\"async\" class=\"alignnone\" src=\"http:\/\/consys.com.ua\/wp-content\/uploads\/2013\/02\/diplom.jpg\" width=\"100\" height=\"108\" border=\"0\" \/><\/a><\/td>\n<td><strong>Zwyci\u0119zca <\/strong>etapu regionalnego og\u00f3lnoukrai\u0144skiego konkursu z jako\u015bci produkcji (towary, prace, us\u0142ugi) &#8222;100 najlepszych produkt\u00f3w na Ukrainie \u2013 2008&#8221;, Sp. z o.o.przedsi\u0119biorstwo &#8222;Systemy Sterowania \u2013 CONSYS&#8221;<\/td>\n<\/tr>\n<tr>\n<td><a href=\"http:\/\/consys.com.ua\/wp-content\/uploads\/2016\/06\/exporter1.jpg\"><img decoding=\"async\" class=\"alignnone\" src=\"http:\/\/consys.com.ua\/wp-content\/uploads\/2013\/02\/exporter.jpg\" width=\"82\" height=\"107\" border=\"0\" \/><\/a><\/td>\n<td><strong>Eksporter roku <\/strong>w TOP-10 UKTZDG (ukrai\u0144skiego klasyfikatora towar\u00f3w dla zagranicznej dzia\u0142alno\u015bci gospodarczej)<\/td>\n<\/tr>\n<tr>\n<td><a href=\"http:\/\/consys.com.ua\/wp-content\/uploads\/2016\/06\/Image4.jpg\"><img decoding=\"async\" class=\"alignnone\" src=\"http:\/\/consys.com.ua\/wp-content\/uploads\/2013\/02\/Image4s.jpg\" width=\"84\" height=\"114\" border=\"0\" \/><\/a><\/td>\n<td><strong>LIGA LEPSZYCH <\/strong>Mi\u0119dzynarodowy Ranking Gospodarczy Zgodnie z oficjalnymi danymi Pa\u0144stwowego Departamentu Statystyki Ukrainy i zgodnie z <strong>EUROPEAN STANDART RATING<\/strong> (Europejskim Standardem Oceniaj\u0105cym) przeprowadzono ranking dynamiki wska\u017anik\u00f3w gospodarczych w\u015br\u00f3d 350 000 podmiot\u00f3w gospodarczych Ukrainy. Od 2010 r. <strong>przedsi<\/strong><strong>\u0119biorstwo <\/strong><strong>\u00abSystemy Sterowania \u2013 CONSYS\u00bb<\/strong> uzyska\u0142o przewag\u0119 nad konkurentami i zaj\u0119\u0142o \u00ab2\u00bb \u00a0miejsce w rankingu \u00abDynamika rozwoju przedsi\u0119biorstwa zgodnie z kryteriami wed\u0142ug profilu NACE \u211634.30.0\u00bb \u2013 \u00abProdukcja w\u0119z\u0142\u00f3w, cz\u0119\u015bci i narz\u0119dzi dla samochod\u00f3w i silnik\u00f3w\u00bb.<\/td>\n<\/tr>\n<tr>\n<td><a href=\"http:\/\/consys.com.ua\/wp-content\/uploads\/2016\/06\/Image5.jpg\"><img decoding=\"async\" class=\"alignnone\" src=\"http:\/\/consys.com.ua\/wp-content\/uploads\/2013\/02\/Image5s.jpg\" width=\"86\" height=\"115\" border=\"0\" \/><\/a><\/td>\n<td><strong>NARODOWY BIZNES-RANKING <\/strong>Wed\u0142ug nadanej sprawozdawczo\u015bci przedsi\u0119biorstwa \u00abSystemy Sterowania \u2013 CONSYS\u00bb do Departamentu Statystyki Ukrainy, pa\u0144stwo okre\u015bli\u0142o firm\u0119 jako \u00abLidera bran\u017cy 2011\u00bb.<br \/>\n<strong>Przedsi\u0119biorstwo <\/strong><strong>\u00abSystemy Sterowania \u2013 CONSYS\u00bb<\/strong> zaj\u0119\u0142o \u00ab36\u00bb miejsce na Ukrainie w\u015br\u00f3d przedsi\u0119biorstw w kierunku \u00abProdukcja pozosta\u0142ych maszyn i urz\u0105dze\u0144 dla rolnictwa i le\u015bnictwa\u00bb (NACE 29.32.1).<\/td>\n<\/tr>\n<tr>\n<td><a href=\"http:\/\/consys.com.ua\/wp-content\/uploads\/2016\/06\/Image6.jpg\"><img decoding=\"async\" class=\"alignnone\" src=\"http:\/\/consys.com.ua\/wp-content\/uploads\/2013\/02\/Image6s.jpg\" width=\"86\" height=\"115\" border=\"0\" \/><\/a><\/td>\n<td><strong>KOMITET ROZWOJU GOSPODARCZEGO<\/strong> Zgodnie z oficjalnymi danymi Departamentu Statystyki Ukrainy, Sp. z o.o. <strong>przedsi\u0119biorstwo<\/strong> <strong>\u00abSystemy Sterowania \u2013 CONSYS\u00bb<\/strong> \u00a0w ostatnich latach wielokrotnie zajmowa\u0142o jedn\u0105 z wiod\u0105cych pozycji w rankingach gospodarczych w swojej g\u0142\u00f3wnej dzia\u0142alno\u015bci, kt\u00f3ra wykaza\u0142a swoj\u0105 stabilno\u015b\u0107, wysoki poziom wska\u017anik\u00f3w gospodarczych, kompetencj\u0119 w organizacji procesu pracy. <strong>\u00a0<\/strong><\/td>\n<\/tr>\n<tr>\n<td><a href=\"http:\/\/consys.com.ua\/wp-content\/uploads\/2016\/06\/Image7.jpg\"><img decoding=\"async\" class=\"alignnone\" src=\"http:\/\/consys.com.ua\/wp-content\/uploads\/2013\/02\/Image7s.jpg\" width=\"86\" height=\"115\" border=\"0\" \/><\/a><\/td>\n<td><strong>Eksporter roku na Ukrainie <\/strong>Ten wysoki status potwierdza osobiste osi\u0105gni\u0119cia zawodowe oraz wiod\u0105ce pozycje przedsi\u0119biorstwa \u00abSystemy Sterowania \u2013 CONSYS\u00bb na rynku ukrai\u0144skim. Nale\u017cy zauwa\u017cy\u0107, \u017ce <strong>przedsi\u0119biorstwo <\/strong><strong>\u00abSystemy <\/strong><strong>Sterowania \u2013 CONSYS<\/strong><strong>\u00bb<\/strong> zajmuje czo\u0142owe pozycje w kilku grupach produktowych.<\/td>\n<\/tr>\n<\/tbody>\n<\/table>\n<p>&nbsp;<\/p>\n<p>VKP \u201eSystemy Sterowania \u2013 CONSYS\u201d pomaga w rozwoju r\u00f3\u017cnorodnych m\u0142odych i ambitnych projekt\u00f3w po\u015bwi\u0119conych tematyce motoryzacyjnej, np. <a href=\"https:\/\/carscorn.com\/\" target=\"_blank\" rel=\"nofollow\">carscorn.com<\/a><\/p>","protected":false},"excerpt":{"rendered":"<p>Przedsi\u0119biorstwo \u201eSystemy sterowania \u2013 CONSYS\u201d jest oficjalnym przedstawicielem produkcyjnym i handlowym angielskiej firmy ORSCHELN EUROPE. Mamy wykwalifikowany&#8230;<\/p>\n","protected":false},"author":2,"featured_media":0,"parent":0,"menu_order":0,"comment_status":"open","ping_status":"open","template":"","meta":{"footnotes":""},"class_list":["post-35","page","type-page","status-publish","hentry"],"yoast_head":"<!-- This site is optimized with the Yoast SEO plugin v27.3 - https:\/\/yoast.com\/product\/yoast-seo-wordpress\/ -->\n<title>O nas &#187; \u0421ONSYS<\/title>\n<meta name=\"robots\" content=\"index, follow, max-snippet:-1, max-image-preview:large, max-video-preview:-1\" \/>\n<link rel=\"canonical\" href=\"https:\/\/consys.com.ua\/o-nas\/\" \/>\n<meta property=\"og:locale\" content=\"pl_PL\" \/>\n<meta property=\"og:type\" content=\"article\" \/>\n<meta property=\"og:title\" content=\"O nas &#187; \u0421ONSYS\" \/>\n<meta property=\"og:description\" content=\"Przedsi\u0119biorstwo \u201eSystemy sterowania \u2013 CONSYS\u201d jest oficjalnym przedstawicielem produkcyjnym i handlowym angielskiej firmy ORSCHELN EUROPE. Mamy wykwalifikowany...\" \/>\n<meta property=\"og:url\" content=\"https:\/\/consys.com.ua\/o-nas\/\" \/>\n<meta property=\"og:site_name\" content=\"\u0421ONSYS\" \/>\n<meta property=\"article:modified_time\" content=\"2025-11-16T18:32:11+00:00\" \/>\n<meta property=\"og:image\" content=\"http:\/\/consys.com.ua\/wp-content\/uploads\/2013\/02\/image1.jpg\" \/>\n<meta name=\"twitter:card\" content=\"summary_large_image\" \/>\n<meta name=\"twitter:label1\" content=\"Szacowany czas czytania\" \/>\n\t<meta name=\"twitter:data1\" content=\"6 minut\" \/>\n<script type=\"application\/ld+json\" class=\"yoast-schema-graph\">{\"@context\":\"https:\\\/\\\/schema.org\",\"@graph\":[{\"@type\":\"WebPage\",\"@id\":\"https:\\\/\\\/consys.com.ua\\\/o-nas\\\/\",\"url\":\"https:\\\/\\\/consys.com.ua\\\/o-nas\\\/\",\"name\":\"O nas &#187; \u0421ONSYS\",\"isPartOf\":{\"@id\":\"https:\\\/\\\/consys.com.ua\\\/#website\"},\"primaryImageOfPage\":{\"@id\":\"https:\\\/\\\/consys.com.ua\\\/o-nas\\\/#primaryimage\"},\"image\":{\"@id\":\"https:\\\/\\\/consys.com.ua\\\/o-nas\\\/#primaryimage\"},\"thumbnailUrl\":\"http:\\\/\\\/consys.com.ua\\\/wp-content\\\/uploads\\\/2013\\\/02\\\/consys-1.gif\",\"datePublished\":\"2013-02-07T21:11:46+00:00\",\"dateModified\":\"2025-11-16T18:32:11+00:00\",\"breadcrumb\":{\"@id\":\"https:\\\/\\\/consys.com.ua\\\/o-nas\\\/#breadcrumb\"},\"inLanguage\":\"pl-PL\",\"potentialAction\":[{\"@type\":\"ReadAction\",\"target\":[\"https:\\\/\\\/consys.com.ua\\\/o-nas\\\/\"]}]},{\"@type\":\"ImageObject\",\"inLanguage\":\"pl-PL\",\"@id\":\"https:\\\/\\\/consys.com.ua\\\/o-nas\\\/#primaryimage\",\"url\":\"http:\\\/\\\/consys.com.ua\\\/wp-content\\\/uploads\\\/2013\\\/02\\\/consys-1.gif\",\"contentUrl\":\"http:\\\/\\\/consys.com.ua\\\/wp-content\\\/uploads\\\/2013\\\/02\\\/consys-1.gif\"},{\"@type\":\"BreadcrumbList\",\"@id\":\"https:\\\/\\\/consys.com.ua\\\/o-nas\\\/#breadcrumb\",\"itemListElement\":[{\"@type\":\"ListItem\",\"position\":1,\"name\":\"\u0413\u043b\u0430\u0432\u043d\u0430\u044f \u0441\u0442\u0440\u0430\u043d\u0438\u0446\u0430\",\"item\":\"https:\\\/\\\/consys.com.ua\\\/\"},{\"@type\":\"ListItem\",\"position\":2,\"name\":\"\u041f\u0440\u043e \u043d\u0430\u0441\"}]},{\"@type\":\"WebSite\",\"@id\":\"https:\\\/\\\/consys.com.ua\\\/#website\",\"url\":\"https:\\\/\\\/consys.com.ua\\\/\",\"name\":\"\u0421ONSYS\",\"description\":\"\u00abSystemy Sterowania \u2013 CONSYS\u00bb\",\"publisher\":{\"@id\":\"https:\\\/\\\/consys.com.ua\\\/#organization\"},\"potentialAction\":[{\"@type\":\"SearchAction\",\"target\":{\"@type\":\"EntryPoint\",\"urlTemplate\":\"https:\\\/\\\/consys.com.ua\\\/?s={search_term_string}\"},\"query-input\":{\"@type\":\"PropertyValueSpecification\",\"valueRequired\":true,\"valueName\":\"search_term_string\"}}],\"inLanguage\":\"pl-PL\"},{\"@type\":\"Organization\",\"@id\":\"https:\\\/\\\/consys.com.ua\\\/#organization\",\"name\":\"\u00ab\u0421\u0438\u0441\u0442\u0435\u043c\u044b \u0443\u043f\u0440\u0430\u0432\u043b\u0435\u043d\u0438\u044f \u2014 \u041a\u043e\u043d\u0441\u0438\u0441\u00bb\",\"url\":\"https:\\\/\\\/consys.com.ua\\\/\",\"logo\":{\"@type\":\"ImageObject\",\"inLanguage\":\"pl-PL\",\"@id\":\"https:\\\/\\\/consys.com.ua\\\/#\\\/schema\\\/logo\\\/image\\\/\",\"url\":\"http:\\\/\\\/consys.com.ua\\\/wp-content\\\/uploads\\\/2020\\\/04\\\/consys-logo.png\",\"contentUrl\":\"http:\\\/\\\/consys.com.ua\\\/wp-content\\\/uploads\\\/2020\\\/04\\\/consys-logo.png\",\"width\":160,\"height\":56,\"caption\":\"\u00ab\u0421\u0438\u0441\u0442\u0435\u043c\u044b \u0443\u043f\u0440\u0430\u0432\u043b\u0435\u043d\u0438\u044f \u2014 \u041a\u043e\u043d\u0441\u0438\u0441\u00bb\"},\"image\":{\"@id\":\"https:\\\/\\\/consys.com.ua\\\/#\\\/schema\\\/logo\\\/image\\\/\"}}]}<\/script>\n<!-- \/ Yoast SEO plugin. -->","yoast_head_json":{"title":"O nas &#187; \u0421ONSYS","robots":{"index":"index","follow":"follow","max-snippet":"max-snippet:-1","max-image-preview":"max-image-preview:large","max-video-preview":"max-video-preview:-1"},"canonical":"https:\/\/consys.com.ua\/o-nas\/","og_locale":"pl_PL","og_type":"article","og_title":"O nas &#187; \u0421ONSYS","og_description":"Przedsi\u0119biorstwo \u201eSystemy sterowania \u2013 CONSYS\u201d jest oficjalnym przedstawicielem produkcyjnym i handlowym angielskiej firmy ORSCHELN EUROPE. Mamy wykwalifikowany...","og_url":"https:\/\/consys.com.ua\/o-nas\/","og_site_name":"\u0421ONSYS","article_modified_time":"2025-11-16T18:32:11+00:00","og_image":[{"url":"http:\/\/consys.com.ua\/wp-content\/uploads\/2013\/02\/image1.jpg","type":"","width":"","height":""}],"twitter_card":"summary_large_image","twitter_misc":{"Szacowany czas czytania":"6 minut"},"schema":{"@context":"https:\/\/schema.org","@graph":[{"@type":"WebPage","@id":"https:\/\/consys.com.ua\/o-nas\/","url":"https:\/\/consys.com.ua\/o-nas\/","name":"O nas &#187; \u0421ONSYS","isPartOf":{"@id":"https:\/\/consys.com.ua\/#website"},"primaryImageOfPage":{"@id":"https:\/\/consys.com.ua\/o-nas\/#primaryimage"},"image":{"@id":"https:\/\/consys.com.ua\/o-nas\/#primaryimage"},"thumbnailUrl":"http:\/\/consys.com.ua\/wp-content\/uploads\/2013\/02\/consys-1.gif","datePublished":"2013-02-07T21:11:46+00:00","dateModified":"2025-11-16T18:32:11+00:00","breadcrumb":{"@id":"https:\/\/consys.com.ua\/o-nas\/#breadcrumb"},"inLanguage":"pl-PL","potentialAction":[{"@type":"ReadAction","target":["https:\/\/consys.com.ua\/o-nas\/"]}]},{"@type":"ImageObject","inLanguage":"pl-PL","@id":"https:\/\/consys.com.ua\/o-nas\/#primaryimage","url":"http:\/\/consys.com.ua\/wp-content\/uploads\/2013\/02\/consys-1.gif","contentUrl":"http:\/\/consys.com.ua\/wp-content\/uploads\/2013\/02\/consys-1.gif"},{"@type":"BreadcrumbList","@id":"https:\/\/consys.com.ua\/o-nas\/#breadcrumb","itemListElement":[{"@type":"ListItem","position":1,"name":"\u0413\u043b\u0430\u0432\u043d\u0430\u044f \u0441\u0442\u0440\u0430\u043d\u0438\u0446\u0430","item":"https:\/\/consys.com.ua\/"},{"@type":"ListItem","position":2,"name":"\u041f\u0440\u043e \u043d\u0430\u0441"}]},{"@type":"WebSite","@id":"https:\/\/consys.com.ua\/#website","url":"https:\/\/consys.com.ua\/","name":"\u0421ONSYS","description":"\u00abSystemy Sterowania \u2013 CONSYS\u00bb","publisher":{"@id":"https:\/\/consys.com.ua\/#organization"},"potentialAction":[{"@type":"SearchAction","target":{"@type":"EntryPoint","urlTemplate":"https:\/\/consys.com.ua\/?s={search_term_string}"},"query-input":{"@type":"PropertyValueSpecification","valueRequired":true,"valueName":"search_term_string"}}],"inLanguage":"pl-PL"},{"@type":"Organization","@id":"https:\/\/consys.com.ua\/#organization","name":"\u00ab\u0421\u0438\u0441\u0442\u0435\u043c\u044b \u0443\u043f\u0440\u0430\u0432\u043b\u0435\u043d\u0438\u044f \u2014 \u041a\u043e\u043d\u0441\u0438\u0441\u00bb","url":"https:\/\/consys.com.ua\/","logo":{"@type":"ImageObject","inLanguage":"pl-PL","@id":"https:\/\/consys.com.ua\/#\/schema\/logo\/image\/","url":"http:\/\/consys.com.ua\/wp-content\/uploads\/2020\/04\/consys-logo.png","contentUrl":"http:\/\/consys.com.ua\/wp-content\/uploads\/2020\/04\/consys-logo.png","width":160,"height":56,"caption":"\u00ab\u0421\u0438\u0441\u0442\u0435\u043c\u044b \u0443\u043f\u0440\u0430\u0432\u043b\u0435\u043d\u0438\u044f \u2014 \u041a\u043e\u043d\u0441\u0438\u0441\u00bb"},"image":{"@id":"https:\/\/consys.com.ua\/#\/schema\/logo\/image\/"}}]}},"_links":{"self":[{"href":"https:\/\/consys.com.ua\/pl\/wp-json\/wp\/v2\/pages\/35","targetHints":{"allow":["GET"]}}],"collection":[{"href":"https:\/\/consys.com.ua\/pl\/wp-json\/wp\/v2\/pages"}],"about":[{"href":"https:\/\/consys.com.ua\/pl\/wp-json\/wp\/v2\/types\/page"}],"author":[{"embeddable":true,"href":"https:\/\/consys.com.ua\/pl\/wp-json\/wp\/v2\/users\/2"}],"replies":[{"embeddable":true,"href":"https:\/\/consys.com.ua\/pl\/wp-json\/wp\/v2\/comments?post=35"}],"version-history":[{"count":0,"href":"https:\/\/consys.com.ua\/pl\/wp-json\/wp\/v2\/pages\/35\/revisions"}],"wp:attachment":[{"href":"https:\/\/consys.com.ua\/pl\/wp-json\/wp\/v2\/media?parent=35"}],"curies":[{"name":"wp","href":"https:\/\/api.w.org\/{rel}","templated":true}]}}