{"id":67,"date":"2013-02-08T02:01:42","date_gmt":"2013-02-07T22:01:42","guid":{"rendered":"http:\/\/consys.com.ua\/?page_id=67"},"modified":"2020-03-18T16:51:16","modified_gmt":"2020-03-18T13:51:16","slug":"electropedals","status":"publish","type":"page","link":"https:\/\/consys.com.ua\/pl\/electropedals\/","title":{"rendered":"Elektroniczne peda\u0142y sterowania akceleratorem silnika z wymogami \u201eEuro-3\u201d i \u201eEuro-4\u201d"},"content":{"rendered":"<p><img decoding=\"async\" class=\"alignright\" src=\"http:\/\/consys.com.ua\/wp-content\/uploads\/2013\/02\/electropedals.jpg\" alt=\"\u043f\u0435\u0434\u0430\u043b\u0438 \u0443\u043f\u0440\u0430\u0432\u043b\u0435\u043d\u0438\u044f \u0430\u043a\u0441\u0435\u043b\u0435\u0440\u0430\u0442\u043e\u0440\u043e\u043c \u0434\u0432\u0438\u0433\u0430\u0442\u0435\u043b\u044f \u0415\u0432\u0440\u043e-3 \u0438 \u0415\u0432\u0440\u043e-4\" width=\"320\" height=\"336\" \/><\/p>\n<p>Przedsi\u0119biorstwo <strong>\u201e<\/strong><strong>Systemy<\/strong> <strong>Sterowania<\/strong><strong> \u2013 <\/strong><strong>CONSYS<\/strong><strong>\u201d <\/strong>oferuje Pa\u0144stwu peda\u0142y elektroniczne do sterowania akceleratorem silnika z wymogami \u201eEuro-3\u201d i \u201eEuro-4\u201d. Wymogi ekologiczne \u201eEuro-3\u201d zacz\u0119\u0142y dzia\u0142a\u0107 na terytorium Rosji od 1 stycznia 2008 roku.<\/p>\n<p>W zwyk\u0142ych systemach sterowania silnikiem tryb pracy silnika jest zapewniony poprzez dzia\u0142anie na peda\u0142 akceleratora, kt\u00f3ry jest po\u0142\u0105czony sposobem mechanicznym z <strong>pomp\u0105 paliwow\u0105<\/strong> <strong>(Wysokoci\u015bnieniowa Pompa Paliwa<\/strong><strong> \u2013 <\/strong><strong>silnik wysokopr\u0119\u017cny)<\/strong>. Wysi\u0142ek od peda\u0142u akceleratora do pompy paliwowej jest zwykle przenoszony przez <strong>link zdalnego sterowania<\/strong>, czasami we wcze\u015bniejszych konstrukcjach, przy u\u017cyciu trakcji mechanicznych. We wsp\u00f3\u0142czesnych systemach sterowania silnikami, linki zdalnego sterowania, a tym wi\u0119cej, ci\u0119g\u0142a mechanicznego jest brak. Wysi\u0142ki kierowcy pod czas naciskania na peda\u0142 utrwalaj\u0105 si\u0119 przez czujniki po\u0142o\u017cenia peda\u0142u i w postaci sygna\u0142\u00f3w elektrycznych, w zale\u017cno\u015bci od jego k\u0105towego po\u0142o\u017cenia, s\u0105 przesy\u0142ane na elektroniczn\u0105 jednostk\u0105 steruj\u0105c\u0105 (ECU). W proponowanych peda\u0142ach jest wykorzystywany <strong>czujnik bezdotykowy z zastosowaniem efektu Halla<\/strong>, otrzymane charakterystyki od kt\u00f3rego s\u0105 funkcj\u0105 jego po\u0142o\u017cenia k\u0105towego peda\u0142u. Do cel\u00f3w ochronnych lub diagnostycznych, w przypadku uszkodzenia czujnika g\u0142\u00f3wnego, mo\u017cna zainstalowa\u0107 czujnik dodatkowy. Charakterystyka napi\u0119\u0107 przychodz\u0105cych i wychodz\u0105cych jest okre\u015blona podczas produkcji peda\u0142\u00f3w i jest przedstawiona w formie wykres\u00f3w do obliczania przebiegu lub przemieszczenia k\u0105towego peda\u0142u. W pojazdach z automatyczn\u0105 skrzyni\u0105 bieg\u00f3w mo\u017cna dodatkowo zainstalowa\u0107 czujnik <strong>trybu kick-down.<\/strong><\/p>\n<p><strong>Uzgodnienie u\u017cycia peda\u0142\u00f3w elektronicznych przedsi\u0119biorstwa &#8222;Systemy sterowania<\/strong><strong> \u2013 <\/strong><strong>CONSYS&#8221;:<\/strong><\/p>\n<table border=\"0\" cellspacing=\"4\" cellpadding=\"4\">\n<tbody>\n<tr>\n<td><a href=\"http:\/\/consys.com.ua\/wp-content\/uploads\/2016\/08\/zakluchenie-YaMZ.jpg\"><img decoding=\"async\" class=\"alignnone wp-image-844 size-full\" src=\"http:\/\/consys.com.ua\/wp-content\/uploads\/2016\/06\/zakluchenie-YaMZ.jpg\" alt=\"zakluchenie YaMZ\" width=\"90\" height=\"121\" \/><\/a><\/td>\n<td><strong>Uzgodnienie u\u017cycia peda\u0142u elektronicznego ze strony Sp. z o.o. &#8222;Autodiesel&#8221; <\/strong>Potwierdzenie uzgodnienia ze strony Sp. z o.o. &#8222;Autodiesel&#8221; u\u017cywanie peda\u0142u elektronicznego <strong>EAAX &#8211; EXP0029P &#8211; 01<\/strong> na autobusach Sp. z o.o. &#8222;PAZ&#8221; z silnikami YaMZ- 5342, a tak\u017ce peda\u0142u elektronicznego <strong>EXP00025<\/strong> dla samochod\u00f3w HK &#8222;AwtoKrAZ&#8221; z silnikami YaMZ- 536 i YaMZ- 650\/651. W odniesieniu do charakterystyk elektrycznych peda\u0142u EAAX &#8211; EXP0029P &#8211; 01, EXP00025, opracowanych przez <strong>przedsi\u0119biorstwo &#8222;Systemy sterowania \u2013 CONSYS&#8221;<\/strong> s\u0105 identyczne z u\u017cywanymi obecnie w EDC silnik\u00f3w YaMZ- 530 i YaMZ- 650.<\/td>\n<\/tr>\n<tr>\n<td><a href=\"http:\/\/consys.com.ua\/wp-content\/uploads\/2016\/06\/mmz-pedal.jpg\"><img decoding=\"async\" class=\"alignnone size-full wp-image-846\" src=\"http:\/\/consys.com.ua\/wp-content\/uploads\/2013\/02\/mmz-pedal-small.jpg\" alt=\"mmz pedal small\" width=\"89\" height=\"107\" \/><\/a><\/td>\n<td><strong>Uzgodnienie u\u017cycia peda\u0142u elektronicznego ze strony Sp. z o.o. &#8222;Mi\u0144ska Fabryka Silnik\u00f3w&#8221; <\/strong>Na podstawie zawarcia firmy <strong>BOSCH<\/strong> Sp. z o.o. &#8222;MMZ&#8221; potwierdza kompatybilno\u015b\u0107 peda\u0142\u00f3w elektronicznych ORSCHELN EAAXEXP00025, EAAX &#8211; EXP0029P &#8211; 01 produkowanych przez przedsi\u0119biorstwo &#8222;Systemy sterowania \u2013 CONSYS&#8221; z cz\u0119\u015bci\u0105 sprz\u0119tow\u0105 elektronicznej jednostki steruj\u0105cej EDC7UC31, zainstalowanej w silnikach Sp. z o.o. &#8222;MMZ&#8221;.<\/td>\n<\/tr>\n<\/tbody>\n<\/table>\n<hr \/>\n<p><strong>Zasada dzia\u0142ania czujnika bezkontaktowego:<\/strong><\/p>\n<p><img decoding=\"async\" class=\"size-full wp-image-584 alignright\" src=\"http:\/\/consys.com.ua\/wp-content\/uploads\/2013\/02\/\u043f\u0435\u0434\u0430\u043b\u044c-\u0445\u043e\u043b\u043b\u0430.png\" alt=\"\u044d\u043b\u0435\u043a\u0442\u0440\u043e\u043d\u043d\u0430\u044f \u043f\u0435\u0434\u0430\u043b\u044c \u0445\u043e\u043b\u043b\u0430\" width=\"260\" height=\"241\" \/><\/p>\n<p>Je\u017celi przez p\u0142ytk\u0119 krzemow\u0105, kt\u00f3ra znajduje si\u0119 w polu magnetycznym, wektor indukcji magnetycznej <strong>&#8222;\u0412&#8221;<\/strong> kt\u00f3rego jest prostopad\u0142y do p\u0142aszczyzny p\u0142yty, przechodzi pr\u0105d <strong>\u00abI\u00bb<\/strong>, wi\u0119c na r\u00f3wnoleg\u0142ych kierunkowi pr\u0105du graniach powstaje r\u00f3\u017cnica potencja\u0142\u00f3w, nazywana jako si\u0142a elektromotoryczna Halla.<br \/>\n<img decoding=\"async\" class=\"alignright\" src=\"http:\/\/consys.com.ua\/wp-content\/uploads\/2013\/02\/elpedal1.jpg\" alt=\"Sensor Technology with Hall Effect\" width=\"200\" height=\"164\" \/><br \/>\nNON-CONTACT SENSOR:<br \/>\nHall Effect = No Contacting parts<br \/>\nNot affected by lateral force<br \/>\nNot affected by environment<br \/>\nProgrammable output signals<br \/>\nSENSOR life : &gt;80,000,000<br \/>\nSwitch position +\/-1%<br \/>\n<img decoding=\"async\" src=\"http:\/\/consys.com.ua\/wp-content\/uploads\/2013\/02\/elpedal2.jpg\" alt=\"Sensor Technology with Hall Effect\" \/><br \/>\n<strong>Peda\u0142y pod\u0142ogowe:<\/strong><br \/>\n<strong>30\u00b0 angle small foot print<\/strong> lub <strong>38\u00b0 angle<\/strong><br \/>\n<img decoding=\"async\" src=\"http:\/\/consys.com.ua\/wp-content\/uploads\/2013\/02\/elpedal3.jpg\" alt=\"30\u00b0 angle small foot print\" \/> <img decoding=\"async\" src=\"http:\/\/consys.com.ua\/wp-content\/uploads\/2013\/02\/elpedal4.jpg\" alt=\"38\u00b0 angle\" \/><br \/>\n<strong>Peda\u0142y podwieszane:<\/strong><br \/>\n<strong>Polymer Sensor Integrated Direct Drive<\/strong> lub <strong>Polymer Direct Drive<\/strong><\/p>\n<p><img decoding=\"async\" src=\"http:\/\/consys.com.ua\/wp-content\/uploads\/2013\/02\/elpedal5.jpg\" alt=\"Polymer Sensor Integrated Direct Drive\" \/> <img decoding=\"async\" src=\"http:\/\/consys.com.ua\/wp-content\/uploads\/2013\/02\/elpedal6.jpg\" alt=\"Polymer Direct Drive\" \/><br \/>\n\u00b7 Eliminate signal loss and provide a stable signal for EMC<br \/>\n\u00b7 Meet EMC requirements + 800 discrete(10bits) high resolution signal<br \/>\n\u00b7 Long endurance life ( &gt; 10,000,000 full stroke cycle)<br \/>\n\u00b7 Stable against environmental changes, vibration, temperature, moisture, lateral force<\/p>\n<p><strong>Charakterystyki uzale\u017cnienia napi\u0119cia zasilania od przebiegu peda\u0142u:<\/strong><\/p>\n<p>\u0430) peda\u0142 pod\u0142ogowy:<\/p>\n<p><a href=\"http:\/\/consys.com.ua\/wp-content\/uploads\/2013\/02\/pedal-floor.gif\"><img decoding=\"async\" width=\"861\" height=\"348\" class=\"size-full wp-image-219\" src=\"http:\/\/consys.com.ua\/wp-content\/uploads\/2013\/02\/pedal-floor.gif\" alt=\"\u043d\u0430\u043f\u043e\u043b\u044c\u043d\u0430\u044f \u043f\u0435\u0434\u0430\u043b\u044c\" \/><\/a><\/p>\n<p>b) peda\u0142 podwieszany:<\/p>\n<p><a href=\"http:\/\/consys.com.ua\/wp-content\/uploads\/2013\/02\/pedal.gif\"><img decoding=\"async\" width=\"861\" height=\"348\" class=\"size-full wp-image-220\" src=\"http:\/\/consys.com.ua\/wp-content\/uploads\/2013\/02\/pedal.gif\" alt=\"\u043f\u043e\u0434\u0432\u0435\u0441\u043d\u0430\u044f \u043f\u0435\u0434\u0430\u043b\u044c\" \/><\/a><\/p>\n<p><a href=\"http:\/\/consys.com.ua\/wp-content\/uploads\/2016\/06\/pedals.xlsx\"><img decoding=\"async\" class=\"alignnone\" src=\"http:\/\/consys.com.ua\/wp-content\/uploads\/2013\/02\/download-1.jpg\" alt=\"\u043a\u0430\u0442\u0430\u043b\u043e\u0433 \u044d\u043b\u0435\u043a\u0442\u0440\u043e\u043d\u043d\u044b\u0445 \u043f\u0435\u0434\u0430\u043b\u0435\u0439\" width=\"50\" height=\"54\" \/><\/a><br \/>\n<b><a href=\"http:\/\/consys.com.ua\/wp-content\/uploads\/2016\/06\/pedals.xlsx\">Pobierz aplikacj\u0119<\/a><\/b><\/p>\n<p><!--cforms name=\"\u0424\u043e\u0440\u043c\u0430 \u0434\u043b\u044f \u0437\u0430\u043a\u0430\u0437\u0430\"--><\/p>","protected":false},"excerpt":{"rendered":"<p>Przedsi\u0119biorstwo \u201eSystemy Sterowania \u2013 CONSYS\u201d oferuje Pa\u0144stwu peda\u0142y elektroniczne do sterowania akceleratorem silnika z wymogami \u201eEuro-3\u201d i&#8230;<\/p>\n","protected":false},"author":2,"featured_media":0,"parent":0,"menu_order":0,"comment_status":"open","ping_status":"open","template":"","meta":{"footnotes":""},"class_list":["post-67","page","type-page","status-publish","hentry"],"yoast_head":"<!-- This site is optimized with the Yoast SEO plugin v27.3 - https:\/\/yoast.com\/product\/yoast-seo-wordpress\/ -->\n<title>Elektroniczne peda\u0142y sterowania akceleratorem silnika z wymogami \u201eEuro-3\u201d i \u201eEuro-4\u201d &#187; \u0421ONSYS<\/title>\n<meta name=\"robots\" content=\"index, follow, max-snippet:-1, max-image-preview:large, max-video-preview:-1\" \/>\n<link rel=\"canonical\" href=\"https:\/\/consys.com.ua\/en\/electropedals\/\" \/>\n<meta property=\"og:locale\" content=\"pl_PL\" \/>\n<meta property=\"og:type\" content=\"article\" \/>\n<meta property=\"og:title\" content=\"Elektroniczne peda\u0142y sterowania akceleratorem silnika z wymogami \u201eEuro-3\u201d i \u201eEuro-4\u201d &#187; \u0421ONSYS\" \/>\n<meta property=\"og:description\" content=\"Przedsi\u0119biorstwo \u201eSystemy Sterowania \u2013 CONSYS\u201d oferuje Pa\u0144stwu peda\u0142y elektroniczne do sterowania akceleratorem silnika z wymogami \u201eEuro-3\u201d i...\" \/>\n<meta property=\"og:url\" content=\"https:\/\/consys.com.ua\/en\/electropedals\/\" \/>\n<meta property=\"og:site_name\" content=\"\u0421ONSYS\" \/>\n<meta property=\"article:modified_time\" content=\"2020-03-18T13:51:16+00:00\" \/>\n<meta property=\"og:image\" content=\"http:\/\/consys.com.ua\/wp-content\/uploads\/2013\/02\/electropedals.jpg\" \/>\n<meta name=\"twitter:card\" content=\"summary_large_image\" \/>\n<meta name=\"twitter:label1\" content=\"Szacowany czas czytania\" \/>\n\t<meta name=\"twitter:data1\" content=\"6 minut\" \/>\n<script type=\"application\/ld+json\" class=\"yoast-schema-graph\">{\"@context\":\"https:\\\/\\\/schema.org\",\"@graph\":[{\"@type\":\"WebPage\",\"@id\":\"https:\\\/\\\/consys.com.ua\\\/en\\\/electropedals\\\/\",\"url\":\"https:\\\/\\\/consys.com.ua\\\/en\\\/electropedals\\\/\",\"name\":\"Elektroniczne peda\u0142y sterowania akceleratorem silnika z wymogami \u201eEuro-3\u201d i \u201eEuro-4\u201d &#187; \u0421ONSYS\",\"isPartOf\":{\"@id\":\"https:\\\/\\\/consys.com.ua\\\/#website\"},\"primaryImageOfPage\":{\"@id\":\"https:\\\/\\\/consys.com.ua\\\/en\\\/electropedals\\\/#primaryimage\"},\"image\":{\"@id\":\"https:\\\/\\\/consys.com.ua\\\/en\\\/electropedals\\\/#primaryimage\"},\"thumbnailUrl\":\"http:\\\/\\\/consys.com.ua\\\/wp-content\\\/uploads\\\/2013\\\/02\\\/electropedals.jpg\",\"datePublished\":\"2013-02-07T22:01:42+00:00\",\"dateModified\":\"2020-03-18T13:51:16+00:00\",\"breadcrumb\":{\"@id\":\"https:\\\/\\\/consys.com.ua\\\/en\\\/electropedals\\\/#breadcrumb\"},\"inLanguage\":\"pl-PL\",\"potentialAction\":[{\"@type\":\"ReadAction\",\"target\":[\"https:\\\/\\\/consys.com.ua\\\/en\\\/electropedals\\\/\"]}]},{\"@type\":\"ImageObject\",\"inLanguage\":\"pl-PL\",\"@id\":\"https:\\\/\\\/consys.com.ua\\\/en\\\/electropedals\\\/#primaryimage\",\"url\":\"http:\\\/\\\/consys.com.ua\\\/wp-content\\\/uploads\\\/2013\\\/02\\\/electropedals.jpg\",\"contentUrl\":\"http:\\\/\\\/consys.com.ua\\\/wp-content\\\/uploads\\\/2013\\\/02\\\/electropedals.jpg\"},{\"@type\":\"BreadcrumbList\",\"@id\":\"https:\\\/\\\/consys.com.ua\\\/en\\\/electropedals\\\/#breadcrumb\",\"itemListElement\":[{\"@type\":\"ListItem\",\"position\":1,\"name\":\"\u0413\u043b\u0430\u0432\u043d\u0430\u044f \u0441\u0442\u0440\u0430\u043d\u0438\u0446\u0430\",\"item\":\"https:\\\/\\\/consys.com.ua\\\/\"},{\"@type\":\"ListItem\",\"position\":2,\"name\":\"Electronic accelerator pedals for Euro-3 and Euro-4 engine\"}]},{\"@type\":\"WebSite\",\"@id\":\"https:\\\/\\\/consys.com.ua\\\/#website\",\"url\":\"https:\\\/\\\/consys.com.ua\\\/\",\"name\":\"\u0421ONSYS\",\"description\":\"\u00abSystemy Sterowania \u2013 CONSYS\u00bb\",\"publisher\":{\"@id\":\"https:\\\/\\\/consys.com.ua\\\/#organization\"},\"potentialAction\":[{\"@type\":\"SearchAction\",\"target\":{\"@type\":\"EntryPoint\",\"urlTemplate\":\"https:\\\/\\\/consys.com.ua\\\/?s={search_term_string}\"},\"query-input\":{\"@type\":\"PropertyValueSpecification\",\"valueRequired\":true,\"valueName\":\"search_term_string\"}}],\"inLanguage\":\"pl-PL\"},{\"@type\":\"Organization\",\"@id\":\"https:\\\/\\\/consys.com.ua\\\/#organization\",\"name\":\"\u00ab\u0421\u0438\u0441\u0442\u0435\u043c\u044b \u0443\u043f\u0440\u0430\u0432\u043b\u0435\u043d\u0438\u044f \u2014 \u041a\u043e\u043d\u0441\u0438\u0441\u00bb\",\"url\":\"https:\\\/\\\/consys.com.ua\\\/\",\"logo\":{\"@type\":\"ImageObject\",\"inLanguage\":\"pl-PL\",\"@id\":\"https:\\\/\\\/consys.com.ua\\\/#\\\/schema\\\/logo\\\/image\\\/\",\"url\":\"http:\\\/\\\/consys.com.ua\\\/wp-content\\\/uploads\\\/2020\\\/04\\\/consys-logo.png\",\"contentUrl\":\"http:\\\/\\\/consys.com.ua\\\/wp-content\\\/uploads\\\/2020\\\/04\\\/consys-logo.png\",\"width\":160,\"height\":56,\"caption\":\"\u00ab\u0421\u0438\u0441\u0442\u0435\u043c\u044b \u0443\u043f\u0440\u0430\u0432\u043b\u0435\u043d\u0438\u044f \u2014 \u041a\u043e\u043d\u0441\u0438\u0441\u00bb\"},\"image\":{\"@id\":\"https:\\\/\\\/consys.com.ua\\\/#\\\/schema\\\/logo\\\/image\\\/\"}}]}<\/script>\n<!-- \/ Yoast SEO plugin. -->","yoast_head_json":{"title":"Elektroniczne peda\u0142y sterowania akceleratorem silnika z wymogami \u201eEuro-3\u201d i \u201eEuro-4\u201d &#187; \u0421ONSYS","robots":{"index":"index","follow":"follow","max-snippet":"max-snippet:-1","max-image-preview":"max-image-preview:large","max-video-preview":"max-video-preview:-1"},"canonical":"https:\/\/consys.com.ua\/en\/electropedals\/","og_locale":"pl_PL","og_type":"article","og_title":"Elektroniczne peda\u0142y sterowania akceleratorem silnika z wymogami \u201eEuro-3\u201d i \u201eEuro-4\u201d &#187; \u0421ONSYS","og_description":"Przedsi\u0119biorstwo \u201eSystemy Sterowania \u2013 CONSYS\u201d oferuje Pa\u0144stwu peda\u0142y elektroniczne do sterowania akceleratorem silnika z wymogami \u201eEuro-3\u201d i...","og_url":"https:\/\/consys.com.ua\/en\/electropedals\/","og_site_name":"\u0421ONSYS","article_modified_time":"2020-03-18T13:51:16+00:00","og_image":[{"url":"http:\/\/consys.com.ua\/wp-content\/uploads\/2013\/02\/electropedals.jpg","type":"","width":"","height":""}],"twitter_card":"summary_large_image","twitter_misc":{"Szacowany czas czytania":"6 minut"},"schema":{"@context":"https:\/\/schema.org","@graph":[{"@type":"WebPage","@id":"https:\/\/consys.com.ua\/en\/electropedals\/","url":"https:\/\/consys.com.ua\/en\/electropedals\/","name":"Elektroniczne peda\u0142y sterowania akceleratorem silnika z wymogami \u201eEuro-3\u201d i \u201eEuro-4\u201d &#187; \u0421ONSYS","isPartOf":{"@id":"https:\/\/consys.com.ua\/#website"},"primaryImageOfPage":{"@id":"https:\/\/consys.com.ua\/en\/electropedals\/#primaryimage"},"image":{"@id":"https:\/\/consys.com.ua\/en\/electropedals\/#primaryimage"},"thumbnailUrl":"http:\/\/consys.com.ua\/wp-content\/uploads\/2013\/02\/electropedals.jpg","datePublished":"2013-02-07T22:01:42+00:00","dateModified":"2020-03-18T13:51:16+00:00","breadcrumb":{"@id":"https:\/\/consys.com.ua\/en\/electropedals\/#breadcrumb"},"inLanguage":"pl-PL","potentialAction":[{"@type":"ReadAction","target":["https:\/\/consys.com.ua\/en\/electropedals\/"]}]},{"@type":"ImageObject","inLanguage":"pl-PL","@id":"https:\/\/consys.com.ua\/en\/electropedals\/#primaryimage","url":"http:\/\/consys.com.ua\/wp-content\/uploads\/2013\/02\/electropedals.jpg","contentUrl":"http:\/\/consys.com.ua\/wp-content\/uploads\/2013\/02\/electropedals.jpg"},{"@type":"BreadcrumbList","@id":"https:\/\/consys.com.ua\/en\/electropedals\/#breadcrumb","itemListElement":[{"@type":"ListItem","position":1,"name":"\u0413\u043b\u0430\u0432\u043d\u0430\u044f \u0441\u0442\u0440\u0430\u043d\u0438\u0446\u0430","item":"https:\/\/consys.com.ua\/"},{"@type":"ListItem","position":2,"name":"Electronic accelerator pedals for Euro-3 and Euro-4 engine"}]},{"@type":"WebSite","@id":"https:\/\/consys.com.ua\/#website","url":"https:\/\/consys.com.ua\/","name":"\u0421ONSYS","description":"\u00abSystemy Sterowania \u2013 CONSYS\u00bb","publisher":{"@id":"https:\/\/consys.com.ua\/#organization"},"potentialAction":[{"@type":"SearchAction","target":{"@type":"EntryPoint","urlTemplate":"https:\/\/consys.com.ua\/?s={search_term_string}"},"query-input":{"@type":"PropertyValueSpecification","valueRequired":true,"valueName":"search_term_string"}}],"inLanguage":"pl-PL"},{"@type":"Organization","@id":"https:\/\/consys.com.ua\/#organization","name":"\u00ab\u0421\u0438\u0441\u0442\u0435\u043c\u044b \u0443\u043f\u0440\u0430\u0432\u043b\u0435\u043d\u0438\u044f \u2014 \u041a\u043e\u043d\u0441\u0438\u0441\u00bb","url":"https:\/\/consys.com.ua\/","logo":{"@type":"ImageObject","inLanguage":"pl-PL","@id":"https:\/\/consys.com.ua\/#\/schema\/logo\/image\/","url":"http:\/\/consys.com.ua\/wp-content\/uploads\/2020\/04\/consys-logo.png","contentUrl":"http:\/\/consys.com.ua\/wp-content\/uploads\/2020\/04\/consys-logo.png","width":160,"height":56,"caption":"\u00ab\u0421\u0438\u0441\u0442\u0435\u043c\u044b \u0443\u043f\u0440\u0430\u0432\u043b\u0435\u043d\u0438\u044f \u2014 \u041a\u043e\u043d\u0441\u0438\u0441\u00bb"},"image":{"@id":"https:\/\/consys.com.ua\/#\/schema\/logo\/image\/"}}]}},"_links":{"self":[{"href":"https:\/\/consys.com.ua\/pl\/wp-json\/wp\/v2\/pages\/67","targetHints":{"allow":["GET"]}}],"collection":[{"href":"https:\/\/consys.com.ua\/pl\/wp-json\/wp\/v2\/pages"}],"about":[{"href":"https:\/\/consys.com.ua\/pl\/wp-json\/wp\/v2\/types\/page"}],"author":[{"embeddable":true,"href":"https:\/\/consys.com.ua\/pl\/wp-json\/wp\/v2\/users\/2"}],"replies":[{"embeddable":true,"href":"https:\/\/consys.com.ua\/pl\/wp-json\/wp\/v2\/comments?post=67"}],"version-history":[{"count":0,"href":"https:\/\/consys.com.ua\/pl\/wp-json\/wp\/v2\/pages\/67\/revisions"}],"wp:attachment":[{"href":"https:\/\/consys.com.ua\/pl\/wp-json\/wp\/v2\/media?parent=67"}],"curies":[{"name":"wp","href":"https:\/\/api.w.org\/{rel}","templated":true}]}}