{"id":947,"date":"2016-08-16T12:13:26","date_gmt":"2016-08-16T09:13:26","guid":{"rendered":"http:\/\/consys.com.ua\/?page_id=947"},"modified":"2020-03-24T17:00:41","modified_gmt":"2020-03-24T14:00:41","slug":"consys-products-on-vehicles","status":"publish","type":"page","link":"https:\/\/consys.com.ua\/pl\/consys-products-on-vehicles\/","title":{"rendered":"Gdzie s\u0105 zainstalowane produkty ConSys?"},"content":{"rendered":"<p><img decoding=\"async\" class=\"alignnone wp-image-951 size-full\" src=\"http:\/\/consys.com.ua\/wp-content\/uploads\/2016\/08\/belaz.png\" alt=\"\" width=\"787\" height=\"196\" srcset=\"https:\/\/consys.com.ua\/wp-content\/uploads\/2016\/08\/belaz.png 787w, https:\/\/consys.com.ua\/wp-content\/uploads\/2016\/08\/belaz-300x75.png 300w, https:\/\/consys.com.ua\/wp-content\/uploads\/2016\/08\/belaz-768x191.png 768w, https:\/\/consys.com.ua\/wp-content\/uploads\/2016\/08\/belaz-600x149.png 600w\" sizes=\"(max-width: 787px) 100vw, 787px\" \/><\/p>\n<p>Na zdj\u0119ciach w suwaku wida\u0107 prawdziwe pojazdy, w kt\u00f3rych zainstalowane s\u0105 nasze produkty.<\/p>\n<p>Dlaczego dok\u0142adnie nasz? Zastan\u00f3wmy si\u0119: oferujemy kabel zdalnego sterowania i r\u00f3\u017cne d\u017awignie, za kulisami, wsporniki g\u0142\u00f3wne, selektory, d\u017awignie zmiany bieg\u00f3w, peda\u0142y, kt\u00f3re im towarzysz\u0105.<\/p>\n<p>Zobacz katalog i wybierz: <a href=\"http:\/\/consys.com.ua\/downloads\/consys-catalogue.pdf\">katalog \u041a\u043e\u043d\u0421\u0438\u0441<\/a><\/p>\n<p>Mo\u017cesz znale\u017a\u0107 wiele takich ofert. Ale nasze oferty cenowe i cechy konstrukcyjne docenisz do\u015b\u0107 szybko:<\/p>\n<ul>\n<li>Sprawno\u015b\u0107 kabli zdalnego sterowania jest szacowana na podstawie liczby cykli transmisji ruch\u00f3w pull-push (dla zwyk\u0142ych kabli &#8211; 800 000 cykli, dla kabli precyzyjnych &#8211; ponad 1 000 000). Dlaczego Zastosowanie specjalnych materia\u0142\u00f3w oraz specjalna konstrukcja os\u0142ony kabla i jego rdzenia.<\/li>\n<li>Skuteczno\u015b\u0107 peda\u0142\u00f3w elektronicznych w silnikach z wymaganiami Euro-3, 4, 5, 6 wynosi ponad 10 000 000 cykli, poniewa\u017c nie maj\u0105 one cz\u0119\u015bci tr\u0105cych, potencjometr jest wykonany na podstawie czujnika Halla, peda\u0142 jest prawie wieczny.<\/li>\n<li>Jako\u015b\u0107 naszych produkt\u00f3w znajduje odzwierciedlenie w naszych nagrodach i <a href=\"http:\/\/consys.com.ua\/o-nas\/\">certyfikaty<\/a>.<\/li>\n<li>Rozwi\u0105\u017cemy Twoje w\u0105tpliwo\u015bci dzi\u0119ki autorytetowi naszych konsument\u00f3w, s\u0105 to znane marki &#8211; zobacz nasz\u0105 tabel\u0119 naszych mo\u017cliwo\u015bci zastosowania: <a href=\"http:\/\/consys.com.ua\/downloads\/cables-applicability.xlsx\">Zastosowanie ConSys<\/a><\/li>\n<li>Masz mo\u017cliwo\u015b\u0107 zam\u00f3wienia dowolnej liczby produkt\u00f3w, nasi mened\u017cerowie z pewno\u015bci\u0105 pomog\u0105 rozwi\u0105za\u0107 problemy z p\u0142atno\u015bci\u0105 i wysy\u0142k\u0105 twojego zam\u00f3wienia.<\/li>\n<\/ul>\n<p><\/p>","protected":false},"excerpt":{"rendered":"<p>Na zdj\u0119ciach w suwaku wida\u0107 prawdziwe pojazdy, w kt\u00f3rych zainstalowane s\u0105 nasze produkty. Dlaczego dok\u0142adnie nasz? Zastan\u00f3wmy&#8230;<\/p>\n","protected":false},"author":2,"featured_media":0,"parent":0,"menu_order":0,"comment_status":"closed","ping_status":"closed","template":"","meta":{"footnotes":""},"class_list":["post-947","page","type-page","status-publish","hentry"],"yoast_head":"<!-- This site is optimized with the Yoast SEO plugin v27.3 - https:\/\/yoast.com\/product\/yoast-seo-wordpress\/ -->\n<title>Gdzie s\u0105 zainstalowane produkty ConSys? &#187; \u0421ONSYS<\/title>\n<meta name=\"robots\" content=\"index, follow, max-snippet:-1, max-image-preview:large, max-video-preview:-1\" \/>\n<link rel=\"canonical\" href=\"https:\/\/consys.com.ua\/en\/consys-products-on-vehicles\/\" \/>\n<meta property=\"og:locale\" content=\"pl_PL\" \/>\n<meta property=\"og:type\" content=\"article\" \/>\n<meta property=\"og:title\" content=\"Gdzie s\u0105 zainstalowane produkty ConSys? &#187; \u0421ONSYS\" \/>\n<meta property=\"og:description\" content=\"Na zdj\u0119ciach w suwaku wida\u0107 prawdziwe pojazdy, w kt\u00f3rych zainstalowane s\u0105 nasze produkty. Dlaczego dok\u0142adnie nasz? Zastan\u00f3wmy...\" \/>\n<meta property=\"og:url\" content=\"https:\/\/consys.com.ua\/en\/consys-products-on-vehicles\/\" \/>\n<meta property=\"og:site_name\" content=\"\u0421ONSYS\" \/>\n<meta property=\"article:modified_time\" content=\"2020-03-24T14:00:41+00:00\" \/>\n<meta property=\"og:image\" content=\"http:\/\/consys.com.ua\/wp-content\/uploads\/2016\/08\/belaz.png\" \/>\n<meta name=\"twitter:card\" content=\"summary_large_image\" \/>\n<meta name=\"twitter:label1\" content=\"Szacowany czas czytania\" \/>\n\t<meta name=\"twitter:data1\" content=\"2 minuty\" \/>\n<script type=\"application\/ld+json\" class=\"yoast-schema-graph\">{\"@context\":\"https:\\\/\\\/schema.org\",\"@graph\":[{\"@type\":\"WebPage\",\"@id\":\"https:\\\/\\\/consys.com.ua\\\/en\\\/consys-products-on-vehicles\\\/\",\"url\":\"https:\\\/\\\/consys.com.ua\\\/en\\\/consys-products-on-vehicles\\\/\",\"name\":\"Gdzie s\u0105 zainstalowane produkty ConSys? &#187; \u0421ONSYS\",\"isPartOf\":{\"@id\":\"https:\\\/\\\/consys.com.ua\\\/#website\"},\"primaryImageOfPage\":{\"@id\":\"https:\\\/\\\/consys.com.ua\\\/en\\\/consys-products-on-vehicles\\\/#primaryimage\"},\"image\":{\"@id\":\"https:\\\/\\\/consys.com.ua\\\/en\\\/consys-products-on-vehicles\\\/#primaryimage\"},\"thumbnailUrl\":\"http:\\\/\\\/consys.com.ua\\\/wp-content\\\/uploads\\\/2016\\\/08\\\/belaz.png\",\"datePublished\":\"2016-08-16T09:13:26+00:00\",\"dateModified\":\"2020-03-24T14:00:41+00:00\",\"breadcrumb\":{\"@id\":\"https:\\\/\\\/consys.com.ua\\\/en\\\/consys-products-on-vehicles\\\/#breadcrumb\"},\"inLanguage\":\"pl-PL\",\"potentialAction\":[{\"@type\":\"ReadAction\",\"target\":[\"https:\\\/\\\/consys.com.ua\\\/en\\\/consys-products-on-vehicles\\\/\"]}]},{\"@type\":\"ImageObject\",\"inLanguage\":\"pl-PL\",\"@id\":\"https:\\\/\\\/consys.com.ua\\\/en\\\/consys-products-on-vehicles\\\/#primaryimage\",\"url\":\"http:\\\/\\\/consys.com.ua\\\/wp-content\\\/uploads\\\/2016\\\/08\\\/belaz.png\",\"contentUrl\":\"http:\\\/\\\/consys.com.ua\\\/wp-content\\\/uploads\\\/2016\\\/08\\\/belaz.png\"},{\"@type\":\"BreadcrumbList\",\"@id\":\"https:\\\/\\\/consys.com.ua\\\/en\\\/consys-products-on-vehicles\\\/#breadcrumb\",\"itemListElement\":[{\"@type\":\"ListItem\",\"position\":1,\"name\":\"\u0413\u043b\u0430\u0432\u043d\u0430\u044f \u0441\u0442\u0440\u0430\u043d\u0438\u0446\u0430\",\"item\":\"https:\\\/\\\/consys.com.ua\\\/\"},{\"@type\":\"ListItem\",\"position\":2,\"name\":\"Where ConSys products are installed?\"}]},{\"@type\":\"WebSite\",\"@id\":\"https:\\\/\\\/consys.com.ua\\\/#website\",\"url\":\"https:\\\/\\\/consys.com.ua\\\/\",\"name\":\"\u0421ONSYS\",\"description\":\"\u00abSystemy Sterowania \u2013 CONSYS\u00bb\",\"publisher\":{\"@id\":\"https:\\\/\\\/consys.com.ua\\\/#organization\"},\"potentialAction\":[{\"@type\":\"SearchAction\",\"target\":{\"@type\":\"EntryPoint\",\"urlTemplate\":\"https:\\\/\\\/consys.com.ua\\\/?s={search_term_string}\"},\"query-input\":{\"@type\":\"PropertyValueSpecification\",\"valueRequired\":true,\"valueName\":\"search_term_string\"}}],\"inLanguage\":\"pl-PL\"},{\"@type\":\"Organization\",\"@id\":\"https:\\\/\\\/consys.com.ua\\\/#organization\",\"name\":\"\u00ab\u0421\u0438\u0441\u0442\u0435\u043c\u044b \u0443\u043f\u0440\u0430\u0432\u043b\u0435\u043d\u0438\u044f \u2014 \u041a\u043e\u043d\u0441\u0438\u0441\u00bb\",\"url\":\"https:\\\/\\\/consys.com.ua\\\/\",\"logo\":{\"@type\":\"ImageObject\",\"inLanguage\":\"pl-PL\",\"@id\":\"https:\\\/\\\/consys.com.ua\\\/#\\\/schema\\\/logo\\\/image\\\/\",\"url\":\"http:\\\/\\\/consys.com.ua\\\/wp-content\\\/uploads\\\/2020\\\/04\\\/consys-logo.png\",\"contentUrl\":\"http:\\\/\\\/consys.com.ua\\\/wp-content\\\/uploads\\\/2020\\\/04\\\/consys-logo.png\",\"width\":160,\"height\":56,\"caption\":\"\u00ab\u0421\u0438\u0441\u0442\u0435\u043c\u044b \u0443\u043f\u0440\u0430\u0432\u043b\u0435\u043d\u0438\u044f \u2014 \u041a\u043e\u043d\u0441\u0438\u0441\u00bb\"},\"image\":{\"@id\":\"https:\\\/\\\/consys.com.ua\\\/#\\\/schema\\\/logo\\\/image\\\/\"}}]}<\/script>\n<!-- \/ Yoast SEO plugin. -->","yoast_head_json":{"title":"Gdzie s\u0105 zainstalowane produkty ConSys? &#187; \u0421ONSYS","robots":{"index":"index","follow":"follow","max-snippet":"max-snippet:-1","max-image-preview":"max-image-preview:large","max-video-preview":"max-video-preview:-1"},"canonical":"https:\/\/consys.com.ua\/en\/consys-products-on-vehicles\/","og_locale":"pl_PL","og_type":"article","og_title":"Gdzie s\u0105 zainstalowane produkty ConSys? &#187; \u0421ONSYS","og_description":"Na zdj\u0119ciach w suwaku wida\u0107 prawdziwe pojazdy, w kt\u00f3rych zainstalowane s\u0105 nasze produkty. Dlaczego dok\u0142adnie nasz? Zastan\u00f3wmy...","og_url":"https:\/\/consys.com.ua\/en\/consys-products-on-vehicles\/","og_site_name":"\u0421ONSYS","article_modified_time":"2020-03-24T14:00:41+00:00","og_image":[{"url":"http:\/\/consys.com.ua\/wp-content\/uploads\/2016\/08\/belaz.png","type":"","width":"","height":""}],"twitter_card":"summary_large_image","twitter_misc":{"Szacowany czas czytania":"2 minuty"},"schema":{"@context":"https:\/\/schema.org","@graph":[{"@type":"WebPage","@id":"https:\/\/consys.com.ua\/en\/consys-products-on-vehicles\/","url":"https:\/\/consys.com.ua\/en\/consys-products-on-vehicles\/","name":"Gdzie s\u0105 zainstalowane produkty ConSys? &#187; \u0421ONSYS","isPartOf":{"@id":"https:\/\/consys.com.ua\/#website"},"primaryImageOfPage":{"@id":"https:\/\/consys.com.ua\/en\/consys-products-on-vehicles\/#primaryimage"},"image":{"@id":"https:\/\/consys.com.ua\/en\/consys-products-on-vehicles\/#primaryimage"},"thumbnailUrl":"http:\/\/consys.com.ua\/wp-content\/uploads\/2016\/08\/belaz.png","datePublished":"2016-08-16T09:13:26+00:00","dateModified":"2020-03-24T14:00:41+00:00","breadcrumb":{"@id":"https:\/\/consys.com.ua\/en\/consys-products-on-vehicles\/#breadcrumb"},"inLanguage":"pl-PL","potentialAction":[{"@type":"ReadAction","target":["https:\/\/consys.com.ua\/en\/consys-products-on-vehicles\/"]}]},{"@type":"ImageObject","inLanguage":"pl-PL","@id":"https:\/\/consys.com.ua\/en\/consys-products-on-vehicles\/#primaryimage","url":"http:\/\/consys.com.ua\/wp-content\/uploads\/2016\/08\/belaz.png","contentUrl":"http:\/\/consys.com.ua\/wp-content\/uploads\/2016\/08\/belaz.png"},{"@type":"BreadcrumbList","@id":"https:\/\/consys.com.ua\/en\/consys-products-on-vehicles\/#breadcrumb","itemListElement":[{"@type":"ListItem","position":1,"name":"\u0413\u043b\u0430\u0432\u043d\u0430\u044f \u0441\u0442\u0440\u0430\u043d\u0438\u0446\u0430","item":"https:\/\/consys.com.ua\/"},{"@type":"ListItem","position":2,"name":"Where ConSys products are installed?"}]},{"@type":"WebSite","@id":"https:\/\/consys.com.ua\/#website","url":"https:\/\/consys.com.ua\/","name":"\u0421ONSYS","description":"\u00abSystemy Sterowania \u2013 CONSYS\u00bb","publisher":{"@id":"https:\/\/consys.com.ua\/#organization"},"potentialAction":[{"@type":"SearchAction","target":{"@type":"EntryPoint","urlTemplate":"https:\/\/consys.com.ua\/?s={search_term_string}"},"query-input":{"@type":"PropertyValueSpecification","valueRequired":true,"valueName":"search_term_string"}}],"inLanguage":"pl-PL"},{"@type":"Organization","@id":"https:\/\/consys.com.ua\/#organization","name":"\u00ab\u0421\u0438\u0441\u0442\u0435\u043c\u044b \u0443\u043f\u0440\u0430\u0432\u043b\u0435\u043d\u0438\u044f \u2014 \u041a\u043e\u043d\u0441\u0438\u0441\u00bb","url":"https:\/\/consys.com.ua\/","logo":{"@type":"ImageObject","inLanguage":"pl-PL","@id":"https:\/\/consys.com.ua\/#\/schema\/logo\/image\/","url":"http:\/\/consys.com.ua\/wp-content\/uploads\/2020\/04\/consys-logo.png","contentUrl":"http:\/\/consys.com.ua\/wp-content\/uploads\/2020\/04\/consys-logo.png","width":160,"height":56,"caption":"\u00ab\u0421\u0438\u0441\u0442\u0435\u043c\u044b \u0443\u043f\u0440\u0430\u0432\u043b\u0435\u043d\u0438\u044f \u2014 \u041a\u043e\u043d\u0441\u0438\u0441\u00bb"},"image":{"@id":"https:\/\/consys.com.ua\/#\/schema\/logo\/image\/"}}]}},"_links":{"self":[{"href":"https:\/\/consys.com.ua\/pl\/wp-json\/wp\/v2\/pages\/947","targetHints":{"allow":["GET"]}}],"collection":[{"href":"https:\/\/consys.com.ua\/pl\/wp-json\/wp\/v2\/pages"}],"about":[{"href":"https:\/\/consys.com.ua\/pl\/wp-json\/wp\/v2\/types\/page"}],"author":[{"embeddable":true,"href":"https:\/\/consys.com.ua\/pl\/wp-json\/wp\/v2\/users\/2"}],"replies":[{"embeddable":true,"href":"https:\/\/consys.com.ua\/pl\/wp-json\/wp\/v2\/comments?post=947"}],"version-history":[{"count":0,"href":"https:\/\/consys.com.ua\/pl\/wp-json\/wp\/v2\/pages\/947\/revisions"}],"wp:attachment":[{"href":"https:\/\/consys.com.ua\/pl\/wp-json\/wp\/v2\/media?parent=947"}],"curies":[{"name":"wp","href":"https:\/\/api.w.org\/{rel}","templated":true}]}}